{"id":52482,"date":"2020-04-10T13:59:37","date_gmt":"2020-04-10T11:59:37","guid":{"rendered":"https:\/\/univet.hu\/?page_id=52482"},"modified":"2020-05-18T15:17:26","modified_gmt":"2020-05-18T13:17:26","slug":"prizes","status":"publish","type":"page","link":"https:\/\/univet.hu\/en\/alumni\/artwork-2020\/prizes\/","title":{"rendered":"Prizes"},"content":{"rendered":"<p>&nbsp;<\/p> <figure id=\"attachment_52433\" aria-describedby=\"caption-attachment-52433\" style=\"width: 280px\" class=\"wp-caption alignleft\"><a href=\"https:\/\/univet.hu\/wp-content\/uploads\/2020\/04\/12-1.jpg\"><img loading=\"lazy\" decoding=\"async\" class=\"wp-image-52433\" src=\"https:\/\/univet.hu\/wp-content\/uploads\/2020\/04\/12-1.jpg\" alt=\"\" width=\"280\" height=\"193\" srcset=\"https:\/\/univet.hu\/wp-content\/uploads\/2020\/04\/12-1.jpg 765w, https:\/\/univet.hu\/wp-content\/uploads\/2020\/04\/12-1-320x220.jpg 320w\" sizes=\"auto, (max-width: 280px) 100vw, 280px\" \/><\/a><figcaption id=\"caption-attachment-52433\" class=\"wp-caption-text\">Painting by L\u00e1szl\u00f3 Buj\u00e1ki<\/figcaption><\/figure> <h3><\/h3> <h3><\/h3> <h3><\/h3> <h3><\/h3> <p>&nbsp;<\/p> <h3><\/h3> <p>&nbsp;<\/p> <p>&nbsp;<\/p> <p><span style=\"font-size: 14pt;\">We would like to thank you for the beautiful pictures!<\/span><\/p> <p><strong>We have another surprise for you, stay tuned!<\/strong><\/p> <p>&nbsp;<\/p> <p><strong>Prizes for 6-13-year-olds:<\/strong><\/p> <p>1st place prize: <a href=\"https:\/\/univet.hu\/en\/alumni\/artwork-2020\/prizes\/budapest-zoo\/\" target=\"_blank\" rel=\"noopener\">Animal Adoption and Zoo Tickets<\/a><\/p> <p>2nd place prize: <a href=\"http:\/\/www.yourart.hu\" target=\"_blank\" rel=\"noopener\">Online painting course<\/a><\/p> <p>3rd place prize: <a href=\"https:\/\/univet.hu\/en\/alumni\/artwork-2020\/prizes\/prize-of-bonsai-hungary-team\/\" target=\"_blank\" rel=\"noopener\">Bonsai tree<\/a><\/p> <p>&nbsp;<\/p> <p><strong>Prizes for 14-18-year-olds:<\/strong><\/p> <p>1st place prize: <a href=\"https:\/\/univet.hu\/en\/alumni\/artwork-2020\/prizes\/budapest-zoo\/\" target=\"_blank\" rel=\"noopener\">Animal Adoption and\u00a0Zoo Night Walk<\/a><\/p> <p>2nd place prize: <a href=\"https:\/\/univet.hu\/wp-content\/uploads\/2020\/04\/Flora-1.pdf\" target=\"_blank\" rel=\"noopener\">Picture by Fl\u00f3ra Jakab &#8211; nature photographer<\/a><\/p> <p>3rd place prize: <a href=\"https:\/\/univet.hu\/en\/alumni\/artwork-2020\/prizes\/prize-of-bonsai-hungary-team\/\" target=\"_blank\" rel=\"noopener\">Bonsai tree<\/a><\/p> <p>&nbsp;<\/p> <h2 style=\"text-align: left;\"><span style=\"font-size: 12pt; color: #000000;\">Additional Prizes<\/span><\/h2> <p>Painting by L\u00e1szl\u00f3 Buj\u00e1ki\u00a0<a href=\"https:\/\/univet.hu\/wp-content\/uploads\/2020\/05\/kattints-ide.jpeg\">(click here)<\/a><\/p> <p>Books by Dr J\u00e1nos G\u00e1l (<a href=\"https:\/\/univet.hu\/wp-content\/uploads\/2020\/05\/kattints-ide.pdf\">click here<\/a>)<\/p> <p>4\u00a0\u00a0UNIVET gift<\/p> <p>Visit of D\u00f3ra Major, \u00dcll\u0151 (carriage rides, archery, petting animals, horseback riding)<\/p> <p>10 000 HUF Book voucher<\/p> <p>T-shirt with own painting print<\/p> <h2 style=\"text-align: left;\"><\/h2>","protected":false},"excerpt":{"rendered":"<p>&nbsp; &nbsp; &nbsp; &nbsp; We would like to thank you for the beautiful pictures! We have another surprise for you, stay tuned! &nbsp; Prizes for 6-13-year-olds: 1st place prize: Animal Adoption and Zoo Tickets 2nd place prize: Online painting course 3rd place prize: Bonsai tree &nbsp; Prizes for 14-18-year-olds: 1st place prize: Animal Adoption and\u00a0Zoo<\/p>\n","protected":false},"author":887,"featured_media":0,"parent":52349,"menu_order":0,"comment_status":"open","ping_status":"open","template":"","meta":{"_acf_changed":false,"footnotes":""},"categories":[],"tags":[],"class_list":["post-52482","page","type-page","status-publish","hentry"],"acf":[],"_links":{"self":[{"href":"https:\/\/univet.hu\/en\/wp-json\/wp\/v2\/pages\/52482","targetHints":{"allow":["GET"]}}],"collection":[{"href":"https:\/\/univet.hu\/en\/wp-json\/wp\/v2\/pages"}],"about":[{"href":"https:\/\/univet.hu\/en\/wp-json\/wp\/v2\/types\/page"}],"author":[{"embeddable":true,"href":"https:\/\/univet.hu\/en\/wp-json\/wp\/v2\/users\/887"}],"replies":[{"embeddable":true,"href":"https:\/\/univet.hu\/en\/wp-json\/wp\/v2\/comments?post=52482"}],"version-history":[{"count":0,"href":"https:\/\/univet.hu\/en\/wp-json\/wp\/v2\/pages\/52482\/revisions"}],"up":[{"embeddable":true,"href":"https:\/\/univet.hu\/en\/wp-json\/wp\/v2\/pages\/52349"}],"wp:attachment":[{"href":"https:\/\/univet.hu\/en\/wp-json\/wp\/v2\/media?parent=52482"}],"wp:term":[{"taxonomy":"category","embeddable":true,"href":"https:\/\/univet.hu\/en\/wp-json\/wp\/v2\/categories?post=52482"},{"taxonomy":"post_tag","embeddable":true,"href":"https:\/\/univet.hu\/en\/wp-json\/wp\/v2\/tags?post=52482"}],"curies":[{"name":"wp","href":"https:\/\/api.w.org\/{rel}","templated":true}]}}