{"id":52677,"date":"2020-04-16T00:36:18","date_gmt":"2020-04-15T22:36:18","guid":{"rendered":"https:\/\/univet.hu\/?page_id=52677"},"modified":"2026-01-29T15:10:15","modified_gmt":"2026-01-29T14:10:15","slug":"policies","status":"publish","type":"page","link":"https:\/\/univet.hu\/en\/education\/doctoral-school\/policies\/","title":{"rendered":"Rules and regulations"},"content":{"rendered":"<p><strong>From 05th September 2024:\u00a0<\/strong><\/p> <ul> <li><a href=\"https:\/\/univet.hu\/wp-content\/uploads\/2026\/01\/ENG-ATE_Doktori_Szabalyzata.pdf\">Doctoral School Regulations<\/a><\/li> <li><a href=\"https:\/\/univet.hu\/wp-content\/uploads\/2026\/01\/ENG_ATE_DI_Mukodesi_Szabalyzat.pdf\">Rules of Operation and Procedure of Doctoral School<\/a><\/li> <li><a href=\"https:\/\/univet.hu\/wp-content\/uploads\/2026\/01\/ENG_ATE_Kepzesi-terv.pdf\">Training plan\/Study program<\/a><\/li> <li><a href=\"https:\/\/univet.hu\/wp-content\/uploads\/2025\/11\/Doctoral-Students-\u2013-Research-Budget.pdf\">Research budget for state-funded full-time PhD students<\/a><\/li> <li><a href=\"https:\/\/univet.hu\/wp-content\/uploads\/2025\/11\/Quality-assurance-plan-DSVS.pdf\">DS Quality Assurance Plan<\/a> <ul> <li><a href=\"https:\/\/univet.hu\/wp-content\/uploads\/2025\/11\/DSVS-process-chart.pdf\">Progress chart<\/a><\/li> <li><a href=\"https:\/\/univet.hu\/wp-content\/uploads\/2025\/11\/Quality-aims-2025.pdf\">Quality aims<\/a><\/li> <li><a href=\"https:\/\/univet.hu\/wp-content\/uploads\/2025\/11\/Annex2-Quality-Policy.pdf\">Quality Policy<\/a><\/li> <\/ul> <\/li> <\/ul> <p><strong>From 30th June 2022:<\/strong><\/p> <ul> <li>Rules of Operation and Procedure of Doctoral School<\/li> <li><a href=\"https:\/\/univet.hu\/wp-content\/uploads\/2022\/09\/ATE_Habilit\u00e1ci\u00f3s_Szab\u00e1lyzat-m\u00f3d-ENG.pdf\">Habilitation Policy<\/a><\/li> <li><a href=\"https:\/\/univet.hu\/wp-content\/uploads\/2022\/09\/ENG_ATE_K\u00e9pz\u00e9si_terv_pdf.pdf\">Training plan\/<\/a><a href=\"https:\/\/univet.hu\/wp-content\/uploads\/2022\/09\/ENG_ATE_K\u00e9pz\u00e9si_terv_pdf.pdf\">Study Programme<\/a><\/li> <li><a href=\"https:\/\/univet.hu\/wp-content\/uploads\/2022\/09\/ENG_\u00c1ODI-Quality-Policy.pdf\">Quality Policy<\/a><\/li> <\/ul> <p><strong>From 1st September 2016:<\/strong><\/p> <ul> <li><a href=\"https:\/\/univet.hu\/wp-content\/uploads\/2020\/07\/Doctoral-School\u2019s-Rules-of-Operation-and-Procedure.pdf\">The University\u2019s Doctoral and Habilitation Policy consolidated with the Doctoral School\u2019s Rules of Operation and Procedure<\/a> (Last updated: 17\/12\/2019)<\/li> <li><a href=\"https:\/\/univet.hu\/wp-content\/uploads\/2020\/04\/Quality-Assurance-Plan-of-the-Doctoral-School-of-Veterinary-Science.pdf\">DS Quality Assurance<\/a><\/li> <li><a href=\"https:\/\/univet.hu\/wp-content\/uploads\/2020\/04\/Doctoral-School-programme-of-the-University-of-Veterinary-Medicine-Budapest_2017.pdf\">Study programme<\/a><\/li> <\/ul>","protected":false},"excerpt":{"rendered":"<p>From 05th September 2024:\u00a0 Doctoral School Regulations Rules of Operation and Procedure of Doctoral School Training plan\/Study program Research budget for state-funded full-time PhD students DS Quality Assurance Plan Progress chart Quality aims Quality Policy From 30th June 2022: Rules of Operation and Procedure of Doctoral School Habilitation Policy Training plan\/Study Programme Quality Policy From<\/p>\n","protected":false},"author":2676,"featured_media":0,"parent":734,"menu_order":228,"comment_status":"closed","ping_status":"closed","template":"","meta":{"_acf_changed":false,"footnotes":""},"categories":[],"tags":[],"class_list":["post-52677","page","type-page","status-publish","hentry"],"acf":[],"_links":{"self":[{"href":"https:\/\/univet.hu\/en\/wp-json\/wp\/v2\/pages\/52677","targetHints":{"allow":["GET"]}}],"collection":[{"href":"https:\/\/univet.hu\/en\/wp-json\/wp\/v2\/pages"}],"about":[{"href":"https:\/\/univet.hu\/en\/wp-json\/wp\/v2\/types\/page"}],"author":[{"embeddable":true,"href":"https:\/\/univet.hu\/en\/wp-json\/wp\/v2\/users\/2676"}],"replies":[{"embeddable":true,"href":"https:\/\/univet.hu\/en\/wp-json\/wp\/v2\/comments?post=52677"}],"version-history":[{"count":9,"href":"https:\/\/univet.hu\/en\/wp-json\/wp\/v2\/pages\/52677\/revisions"}],"predecessor-version":[{"id":198388,"href":"https:\/\/univet.hu\/en\/wp-json\/wp\/v2\/pages\/52677\/revisions\/198388"}],"up":[{"embeddable":true,"href":"https:\/\/univet.hu\/en\/wp-json\/wp\/v2\/pages\/734"}],"wp:attachment":[{"href":"https:\/\/univet.hu\/en\/wp-json\/wp\/v2\/media?parent=52677"}],"wp:term":[{"taxonomy":"category","embeddable":true,"href":"https:\/\/univet.hu\/en\/wp-json\/wp\/v2\/categories?post=52677"},{"taxonomy":"post_tag","embeddable":true,"href":"https:\/\/univet.hu\/en\/wp-json\/wp\/v2\/tags?post=52677"}],"curies":[{"name":"wp","href":"https:\/\/api.w.org\/{rel}","templated":true}]}}