{"id":54607,"date":"2020-05-10T07:00:10","date_gmt":"2020-05-10T05:00:10","guid":{"rendered":"https:\/\/univet.hu\/?page_id=54607"},"modified":"2020-05-17T10:35:57","modified_gmt":"2020-05-17T08:35:57","slug":"winners","status":"publish","type":"page","link":"https:\/\/univet.hu\/en\/alumni\/artwork-2020\/winners\/","title":{"rendered":"Winners"},"content":{"rendered":"<p>The artwork 2020 competition organized by the University of Veterinary Medicine Budapest on the occasion of the Day of Birds and Trees has ended. We received <strong>581<\/strong> works in the topic of birds and trees, implemented with various techniques. We have to admit, the jury did not have an easy job to choose the winners from the 581 wonderful drawings, paintings and DIY works.<\/p> <p>We wanted to give something special to every participant, so <strong>we made our<\/strong> <strong>joint mosaic, which depicts the bird of the year 2020, the long-eared owl &#8211; exclusively from your pictures!<\/strong><\/p> <p><a href=\"https:\/\/mosaically.com\/photomosaic\/170447bc-1c12-4323-895d-727c1b1e920e\">Click here<\/a> to enlarge and find your own project.<\/p> <p><a href=\"https:\/\/univet.hu\/wp-content\/uploads\/2020\/05\/owl.png\"><img loading=\"lazy\" decoding=\"async\" class=\"size-full wp-image-54608 aligncenter\" src=\"https:\/\/univet.hu\/wp-content\/uploads\/2020\/05\/owl.png\" alt=\"\" width=\"1188\" height=\"816\" srcset=\"https:\/\/univet.hu\/wp-content\/uploads\/2020\/05\/owl.png 1188w, https:\/\/univet.hu\/wp-content\/uploads\/2020\/05\/owl-320x220.png 320w, https:\/\/univet.hu\/wp-content\/uploads\/2020\/05\/owl-768x528.png 768w, https:\/\/univet.hu\/wp-content\/uploads\/2020\/05\/owl-960x659.png 960w\" sizes=\"auto, (max-width: 1188px) 100vw, 1188px\" \/><\/a><\/p> <p>Thank you for participating in the competition, we hope you had fun.<\/p> <p><span class=\"emphasis\" style=\"color: #ffffff;\">Come back to our page on 17th May when we announce the winner of the <a style=\"color: #ffffff;\" href=\"https:\/\/univet.hu\/en\/alumni\/artwork-2020\/prizes\/special-prize-of-the-univet-community\/\" target=\"_blank\" rel=\"noopener\">Special Prize of the UNIVET Community<\/a> &#8211; voted by all of our students.<\/span><\/p> <h2>Winners<\/h2> <p><strong>Winners of 6-13-year-olds:<\/strong><\/p> <p>1st place:\u00a0<span style=\"font-size: 14pt;\">G\u00e1sp\u00e1r Vivien N\u00f3ra<\/span> (10) &#8211; prize:\u00a0<a href=\"https:\/\/univet.hu\/en\/alumni\/artwork-2020\/prizes\/budapest-zoo\/\" target=\"_blank\" rel=\"noopener\">Animal Adoption and Zoo Tickets<\/a><\/p> <p>2nd place:\u00a0<span style=\"font-size: 14pt;\">Rozgonyi Gr\u00e9ta<\/span> (12) &#8211; prize: <a href=\"https:\/\/yourart.hu\/\" target=\"_blank\" rel=\"noopener\">Online painting course<\/a><\/p> <p>3rd place:\u00a0<span style=\"font-size: 14pt;\">Schmidt M\u00e1ria<\/span> (9) &#8211; prize:\u00a0<a href=\"https:\/\/univet.hu\/en\/alumni\/artwork-2020\/prizes\/prize-of-bonsai-hungary-team\/\" target=\"_blank\" rel=\"noopener\">Bonsai tree<\/a><\/p> <p>&nbsp;<\/p> <p><strong>Winners of 14-18-year-olds:<\/strong><\/p> <p>1st place:\u00a0<span style=\"font-size: 14pt;\">Karlovics T\u00edmea<\/span> (17) &#8211; prize:\u00a0<a href=\"https:\/\/univet.hu\/en\/alumni\/artwork-2020\/prizes\/budapest-zoo\/\" target=\"_blank\" rel=\"noopener\">Animal Adoption and\u00a0Zoo Night Walk<\/a><\/p> <p>2nd place:\u00a0<span style=\"font-size: 14pt;\">Leszkovits K\u00edra<\/span> (16) &#8211; prize:\u00a0<a href=\"https:\/\/univet.hu\/wp-content\/uploads\/2020\/04\/Flora-1.pdf\" target=\"_blank\" rel=\"noopener\">Picture by Fl\u00f3ra Jakab \u2013 nature photographer<\/a><\/p> <p>3rd place:\u00a0<span style=\"font-size: 14pt;\">Vizi Viktor<\/span> (14) &#8211; prize:\u00a0<a href=\"https:\/\/univet.hu\/en\/alumni\/artwork-2020\/prizes\/prize-of-bonsai-hungary-team\/\" target=\"_blank\" rel=\"noopener\">Bonsai tree<\/a><\/p> <p>&nbsp;<\/p> <p><strong>Additional Prizes<\/strong><\/p> <p><span style=\"font-size: 14pt;\">Brigitta Eperke Kov\u00e1cs<\/span> (14) \u2013 prize:\u00a0<a href=\"https:\/\/univet.hu\/en\/alumni\/artwork-2020\/prizes\/special-prize-of-the-univet-community\/\" target=\"_blank\" rel=\"noopener\">the Special Prize of the UNIVET Community<\/a><\/p> <p><span style=\"font-size: 14pt;\">Hidasi Georgina<\/span> (9) &#8211; prize: Painting by L\u00e1szl\u00f3 Buj\u00e1ki\u00a0<a class=\"ari-fancybox\" href=\"https:\/\/univet.hu\/wp-content\/uploads\/2020\/05\/kattints-ide.jpeg\">(click here)<\/a><\/p> <p><span style=\"font-size: 14pt;\">P\u00e9csi Benedek<\/span>\u00a0(11) &#8211; prize: Book about\u00a0chameleons by Dr J\u00e1nos G\u00e1l (<a href=\"https:\/\/univet.hu\/wp-content\/uploads\/2020\/05\/kattints-ide.pdf\">click here<\/a>)<\/p> <p><span style=\"font-size: 14pt;\">Varga M\u00e1rton<\/span> (15) &#8211;\u00a0prize: Book about pine snakes by Dr J\u00e1nos G\u00e1l (<a href=\"https:\/\/univet.hu\/wp-content\/uploads\/2020\/05\/kattints-ide.pdf\">click here<\/a>)<\/p> <p><span style=\"font-size: 14pt;\">\u010congov\u00e1 J\u00falia<\/span> (13) &#8211; prize:\u00a0<a href=\"https:\/\/univet.hu\/wp-content\/uploads\/2020\/05\/%C3%81TE-aj%C3%A1nd%C3%A9kcsomag.pdf\">UNIVET gift<\/a><\/p> <p><span style=\"font-size: 14pt;\">Teleki Let\u00edcia<\/span> (8) &#8211; prize:\u00a0<a href=\"https:\/\/univet.hu\/wp-content\/uploads\/2020\/05\/%C3%81TE-aj%C3%A1nd%C3%A9kcsomag.pdf\">UNIVET gift<\/a><\/p> <p><span style=\"font-size: 14pt;\">Balogh R\u00e9ka<\/span> (11) &#8211; prize:\u00a0<a href=\"https:\/\/univet.hu\/wp-content\/uploads\/2020\/05\/%C3%81TE-aj%C3%A1nd%C3%A9kcsomag.pdf\">UNIVET gift<\/a><\/p> <p><span style=\"font-size: 14pt;\">Izsa Bogl\u00e1rka<\/span> (11) &#8211; prize:\u00a0<a href=\"https:\/\/univet.hu\/wp-content\/uploads\/2020\/05\/%C3%81TE-aj%C3%A1nd%C3%A9kcsomag.pdf\">UNIVET gift<\/a><\/p> <p><span style=\"font-size: 14pt;\">Halmen Lea<\/span> (8) &#8211; prize: 10 000 HUF Book voucher<\/p> <p><span style=\"font-size: 14pt;\">Balogh T\u00fcnde<\/span> (6) &#8211; prize: T-shirt with own painting print<\/p> <p><span style=\"font-size: 14pt;\">Rem\u00e9nysug\u00e1r children&#8217;s home<\/span> &#8211; prize: Visit of D\u00f3ra Major, \u00dcll\u0151 (carriage rides, archery, petting animals, horseback riding)<\/p> <p>&nbsp;<\/p> <p>Congratulations to the winners!<\/p> <p>The winners will be contacted with the details next week.<\/p>","protected":false},"excerpt":{"rendered":"<p>The artwork 2020 competition organized by the University of Veterinary Medicine Budapest on the occasion of the Day of Birds and Trees has ended. We received 581 works in the topic of birds and trees, implemented with various techniques. We have to admit, the jury did not have an easy job to choose the winners<\/p>\n","protected":false},"author":2518,"featured_media":0,"parent":52349,"menu_order":0,"comment_status":"open","ping_status":"open","template":"","meta":{"_acf_changed":false,"footnotes":""},"categories":[],"tags":[],"class_list":["post-54607","page","type-page","status-publish","hentry"],"acf":[],"_links":{"self":[{"href":"https:\/\/univet.hu\/en\/wp-json\/wp\/v2\/pages\/54607","targetHints":{"allow":["GET"]}}],"collection":[{"href":"https:\/\/univet.hu\/en\/wp-json\/wp\/v2\/pages"}],"about":[{"href":"https:\/\/univet.hu\/en\/wp-json\/wp\/v2\/types\/page"}],"author":[{"embeddable":true,"href":"https:\/\/univet.hu\/en\/wp-json\/wp\/v2\/users\/2518"}],"replies":[{"embeddable":true,"href":"https:\/\/univet.hu\/en\/wp-json\/wp\/v2\/comments?post=54607"}],"version-history":[{"count":0,"href":"https:\/\/univet.hu\/en\/wp-json\/wp\/v2\/pages\/54607\/revisions"}],"up":[{"embeddable":true,"href":"https:\/\/univet.hu\/en\/wp-json\/wp\/v2\/pages\/52349"}],"wp:attachment":[{"href":"https:\/\/univet.hu\/en\/wp-json\/wp\/v2\/media?parent=54607"}],"wp:term":[{"taxonomy":"category","embeddable":true,"href":"https:\/\/univet.hu\/en\/wp-json\/wp\/v2\/categories?post=54607"},{"taxonomy":"post_tag","embeddable":true,"href":"https:\/\/univet.hu\/en\/wp-json\/wp\/v2\/tags?post=54607"}],"curies":[{"name":"wp","href":"https:\/\/api.w.org\/{rel}","templated":true}]}}