{"id":57469,"date":"2021-02-25T14:12:17","date_gmt":"2021-02-25T13:12:17","guid":{"rendered":"https:\/\/univet.hu\/?page_id=57469"},"modified":"2026-02-10T04:28:43","modified_gmt":"2026-02-10T03:28:43","slug":"tuska-szalay-barbara","status":"publish","type":"page","link":"https:\/\/univet.hu\/en\/about\/staff\/tuska-szalay-barbara\/","title":{"rendered":"Tuska-Szalay Barbara"},"content":{"rendered":"<p style=\"text-align: center\"><strong>Introduction<\/strong><\/p> <p>In 2011, I graduated from the Faculty of Veterinary Medicine of Szent Istv\u00e1n University as a doctor of veterinary medicine, after that I worked as a clinical veterinarian in a small animal practice. In 2020, I was admitted to the Doctoral School of the University of Veterinary Medicine, and since then I have been working as a PhD student and as a department veterinarian at the Department of Parasitology and Zoology.<\/p> <p><strong>Main research areas:<\/strong><\/p> <ul> <li>Molecular examination of the most important unicellular organisms in small animals.<\/li> <\/ul> <p><strong>Progress<\/strong><\/p> <p><strong>Professional organization membership<\/strong><\/p> <p><strong>Number of thesis\/TDK students to date:<\/strong><\/p> <p>8<\/p> <p><strong>PhD students<\/strong><br \/> <strong>Publication list (Top10)<\/strong><\/p> <p>MTMT:<\/p> <table> <tbody> <tr style=\"height: 99px\"> <td style=\"width: 922.2px;height: 99px;text-align: center\">Tuska-Szalay, Barbara ; Vizi, Zsuzsanna ; Hofmann-Lehmann, Regina ; Vajdovich, Pe\u0301ter ; Taka\u0301cs, No\u0301ra ; Meli, Marina L. ; Farkas, Ro\u0301bert ; Stummer-Knyiha\u0301r, Vikto\u0301ria ; Jerzsele, A\u0301kos ; Kontscha\u0301n, Jeno\u030b et al.: Babesia gibsoni emerging with high prevalence and co-infections in \u201cfighting dogs\u201d in Hungary\u00a0 Current Research in Parasitology &amp; Vector-Borne Diseases p. 100048 (2021)<\/td> <\/tr> <tr style=\"height: 24px\"> <td style=\"width: 922.2px;height: 24px;text-align: center\">Tuska-Szalay, Barbara ; Taka\u0301cs, No\u0301ra ; Kontscha\u0301n, Jeno\u030b ; Vizi, Zsuzsanna ; Hornok, Sa\u0301ndor:\u00a0 Dogs are final hosts of Sarcocystis morae (Apicomplexa: Sarcocystidae): First report of this species in Hungary and its region \u2013 Short communication\u00a0 ACTA VETERINARIA HUNGARICA 69 : 2 pp. 157-160. , 4 p. (2021)<\/td> <\/tr> <tr style=\"height: 72px\"> <td style=\"width: 922.2px;text-align: center;height: 72px\">\u00a0Tuska-Szalay B, Gilbert J, Tak\u00e1cs N, Boldogh S A, F\u00e1y J, Sterczer \u00c1, Ps\u00e1der R, Kontsch\u00e1n J, Izs\u00f3 \u00c1, Hornok S<br \/> Molecular-phylogenetic investigation of trichomonads in dogs and cats reveals a novel\u00a0<i>Tritrichomonas<\/i>\u00a0species<br \/> PARASITES AND VECTORS 17: (1) p. 271. (2024)<\/td> <\/tr> <tr style=\"height: 96px\"> <td style=\"width: 922.2px;text-align: center;height: 96px\">Tuska-Szalay B, Papde\u00e1k V, Vizi Zs, Hornok S, Tak\u00e1cs N<br \/> Parasitological and molecular investigation of consequences of raw meat feeding (BARF) in dogs and cats: implications for other pets living nearby<br \/> PARASITOLOGY RESEARCH 123: (2) p: 114. (2024)<\/td> <\/tr> <tr style=\"height: 96px\"> <td style=\"width: 922.2px;text-align: center;height: 96px\">Tuska-Szalay B, Boldogh S A, Farkas R, Rompos L, Tak\u00e1cs N, Beresny\u00e1k V, Izs\u00f3 \u00c1, Kontsch\u00e1n J, Lanszki J, Hornok S<br \/> Screening of domestic cats from north-eastern Hungary for\u00a0<i>Hepatozoon felis<\/i>\u00a0and\u00a0<i>Cytauxzoon europaeus<\/i>\u00a0that cause infections in local wildcat populations<br \/> PATHOGENS 12: (5) p. 656. (2023)<\/td> <\/tr> <tr style=\"height: 72px\"> <td style=\"width: 922.2px;text-align: center;height: 72px\">Tuska-Szalay B, Sipos G, Tak\u00e1cs N, Kontsch\u00e1n J, S\u00e1ndor A D, P\u00e9ter \u00c1, Berta K, Kerek \u00c1, Jerzsele \u00c1, Vot\u00fdpka J, Hornok S<br \/> Molecular epidemiological study of\u00a0<i>Trichomonas gallinae<\/i>\u00a0focusing on central and southeastern Europe<br \/> FRONTIERS IN VETERINARY SCIENCE (9) p. 1050561. (2022)<\/td> <\/tr> <tr style=\"height: 72px\"> <td style=\"width: 922.2px;text-align: center;height: 72px\">Tuska-Szalay B, Kelly H, Tak\u00e1cs N, Kontsch\u00e1n Jen\u0151, Vot\u00fdpka J, Hornok S<br \/> Molecular evidence of\u00a0<i>Monocercomonas<\/i>\u00a0and\u00a0<i>Acanthamoeba<\/i>\u00a0in the feces of captive reptiles<br \/> PARASITOLOGY RESEARCH 121: (12) pp. 3681-3687. (2022)<\/td> <\/tr> <tr style=\"height: 96px\"> <td style=\"width: 922.2px;text-align: center;height: 96px\">Tuska-Szalay B, Vizi Zs, Hofmann-Lehmann R, Vajdovich P, Tak\u00e1cs N, Meli M L, Farkas R, Stummer-Knyih\u00e1r V, Jerzsele \u00c1, Kontsch\u00e1n J, Szekeres S, Hornok S<br \/> <i>Babesia gibsoni<\/i>\u00a0emerging with high prevalence and co-infections in \u201cfighting dogs\u201d in Hungary<br \/> CURRENT RESEARCH IN PARASITOLOGY &amp; VECTOR-BORNE DISEASES (1) p. 100048. (2021)<\/td> <\/tr> <tr style=\"height: 96px\"> <td style=\"width: 922.2px;text-align: center;height: 96px\">Tuska-Szalay B, Tak\u00e1cs N, Kontsch\u00e1n J, Vizi Zs, Hornok S<br \/> Dogs are final hosts of\u00a0<i>Sarcocystis morae<\/i>\u00a0(Apicomplexa: Sarcocystidae): First report of this species in Hungary and its region \u2013 Short communication<br \/> ACTA VETERINARIA HUNGARICA 69: (2) pp. 157-160. (2021)<\/td> <\/tr> <\/tbody> <\/table> <p>&nbsp;<\/p>","protected":false},"excerpt":{"rendered":"<p>Introduction In 2011, I graduated from the Faculty of Veterinary Medicine of Szent Istv\u00e1n University as a doctor of veterinary medicine, after that I worked as a clinical veterinarian in a small animal practice. In 2020, I was admitted to the Doctoral School of the University of Veterinary Medicine, and since then I have been<\/p>\n","protected":false},"author":5824,"featured_media":0,"parent":857,"menu_order":37,"comment_status":"open","ping_status":"open","template":"","meta":{"_acf_changed":false,"footnotes":""},"categories":[19],"tags":[],"class_list":["post-57469","page","type-page","status-publish","hentry","category-staff"],"acf":[],"_links":{"self":[{"href":"https:\/\/univet.hu\/en\/wp-json\/wp\/v2\/pages\/57469","targetHints":{"allow":["GET"]}}],"collection":[{"href":"https:\/\/univet.hu\/en\/wp-json\/wp\/v2\/pages"}],"about":[{"href":"https:\/\/univet.hu\/en\/wp-json\/wp\/v2\/types\/page"}],"author":[{"embeddable":true,"href":"https:\/\/univet.hu\/en\/wp-json\/wp\/v2\/users\/5824"}],"replies":[{"embeddable":true,"href":"https:\/\/univet.hu\/en\/wp-json\/wp\/v2\/comments?post=57469"}],"version-history":[{"count":3,"href":"https:\/\/univet.hu\/en\/wp-json\/wp\/v2\/pages\/57469\/revisions"}],"predecessor-version":[{"id":198779,"href":"https:\/\/univet.hu\/en\/wp-json\/wp\/v2\/pages\/57469\/revisions\/198779"}],"up":[{"embeddable":true,"href":"https:\/\/univet.hu\/en\/wp-json\/wp\/v2\/pages\/857"}],"wp:attachment":[{"href":"https:\/\/univet.hu\/en\/wp-json\/wp\/v2\/media?parent=57469"}],"wp:term":[{"taxonomy":"category","embeddable":true,"href":"https:\/\/univet.hu\/en\/wp-json\/wp\/v2\/categories?post=57469"},{"taxonomy":"post_tag","embeddable":true,"href":"https:\/\/univet.hu\/en\/wp-json\/wp\/v2\/tags?post=57469"}],"curies":[{"name":"wp","href":"https:\/\/api.w.org\/{rel}","templated":true}]}}