{"id":57697,"date":"2020-09-11T19:59:20","date_gmt":"2020-09-11T17:59:20","guid":{"rendered":"https:\/\/univet.hu\/en\/about\/staff\/marton-marialigeti\/publications-affiliations\/"},"modified":"2026-02-10T04:26:38","modified_gmt":"2026-02-10T03:26:38","slug":"publications-affiliations","status":"publish","type":"page","link":"https:\/\/univet.hu\/en\/about\/staff\/publications-affiliations\/","title":{"rendered":"Publications, affiliations"},"content":{"rendered":"<h2>Publications<\/h2> <ul> <li>Hard Ticks Infesting Dogs in Hungary and their Infection with Babesia and Borrelia Species<\/li> <\/ul> <p style=\"padding-left: 60px;\">F\u00f6ldv\u00e1ri G., M\u00e1rialigeti M., Solymosi N., Luk\u00e1cs Z., Majoros G., K\u00f3sa J. P., Farkas R., Parasitology Research, 2007<\/p> <ul> <li>The owner: friend or foe? &#8211; (Scientific) communication for\u00a0 veterinarians<\/li> <\/ul> <p style=\"padding-left: 60px;\">M\u00e1rialigeti M., Kamarai \u00c1llatorvos, 2014<\/p> <ul> <li>Difficult situations &#8211; (Scientific) communication for veterinarian part 4<\/li> <\/ul> <p style=\"padding-left: 60px;\">Liptovszky M., M\u00e1rialigeti M., Kamarai \u00c1llatorvos, 2014<\/p> <h2>Affiliations<\/h2> <ul> <li><a href=\"http:\/\/esvcp.org\">European Society of Veterinary Clinical Pathology<\/a><\/li> <li><a href=\"https:\/\/mbae.hu\/en\">Hungarian Veterinary Dermatology Association<\/a><\/li> <li><a href=\"https:\/\/balinttarsasag.hu\/english\/\">Hungarian Michael Balint\u00a0Association for Psychosomatics<\/a><\/li> <\/ul>","protected":false},"excerpt":{"rendered":"<p>Publications Hard Ticks Infesting Dogs in Hungary and their Infection with Babesia and Borrelia Species F\u00f6ldv\u00e1ri G., M\u00e1rialigeti M., Solymosi N., Luk\u00e1cs Z., Majoros G., K\u00f3sa J. P., Farkas R., Parasitology Research, 2007 The owner: friend or foe? &#8211; (Scientific) communication for\u00a0 veterinarians M\u00e1rialigeti M., Kamarai \u00c1llatorvos, 2014 Difficult situations &#8211; (Scientific) communication for veterinarian<\/p>\n","protected":false},"author":5824,"featured_media":0,"parent":857,"menu_order":0,"comment_status":"open","ping_status":"open","template":"","meta":{"_acf_changed":false,"footnotes":""},"categories":[],"tags":[],"class_list":["post-57697","page","type-page","status-publish","hentry"],"acf":[],"_links":{"self":[{"href":"https:\/\/univet.hu\/en\/wp-json\/wp\/v2\/pages\/57697","targetHints":{"allow":["GET"]}}],"collection":[{"href":"https:\/\/univet.hu\/en\/wp-json\/wp\/v2\/pages"}],"about":[{"href":"https:\/\/univet.hu\/en\/wp-json\/wp\/v2\/types\/page"}],"author":[{"embeddable":true,"href":"https:\/\/univet.hu\/en\/wp-json\/wp\/v2\/users\/5824"}],"replies":[{"embeddable":true,"href":"https:\/\/univet.hu\/en\/wp-json\/wp\/v2\/comments?post=57697"}],"version-history":[{"count":1,"href":"https:\/\/univet.hu\/en\/wp-json\/wp\/v2\/pages\/57697\/revisions"}],"predecessor-version":[{"id":199839,"href":"https:\/\/univet.hu\/en\/wp-json\/wp\/v2\/pages\/57697\/revisions\/199839"}],"up":[{"embeddable":true,"href":"https:\/\/univet.hu\/en\/wp-json\/wp\/v2\/pages\/857"}],"wp:attachment":[{"href":"https:\/\/univet.hu\/en\/wp-json\/wp\/v2\/media?parent=57697"}],"wp:term":[{"taxonomy":"category","embeddable":true,"href":"https:\/\/univet.hu\/en\/wp-json\/wp\/v2\/categories?post=57697"},{"taxonomy":"post_tag","embeddable":true,"href":"https:\/\/univet.hu\/en\/wp-json\/wp\/v2\/tags?post=57697"}],"curies":[{"name":"wp","href":"https:\/\/api.w.org\/{rel}","templated":true}]}}