{"id":58067,"date":"2020-09-18T09:34:52","date_gmt":"2020-09-18T07:34:52","guid":{"rendered":"https:\/\/univet.hu\/en\/about\/staff\/new-staff-member-page-3\/"},"modified":"2026-02-10T04:28:21","modified_gmt":"2026-02-10T03:28:21","slug":"mate-marietta","status":"publish","type":"page","link":"https:\/\/univet.hu\/en\/about\/staff\/mate-marietta\/","title":{"rendered":"M\u00e1t\u00e9 Marietta"},"content":{"rendered":"<p style=\"text-align: center\"><strong>Introduction<\/strong><\/p> <p>Dr. Marietta M\u00e1t\u00e9 was born in Budapest and completed her grammar school studies at the Evangelical Grammar School of B\u00e9k\u00e9scsaba before starting her veterinary studies at the University of Veterinary Medicine in Budapest. She gained practical experience in a veterinary practice during her student years. She graduated from the University of Veterinary Medicine in February 2020 with a doctorate cum laude in veterinary medicine. Since September 2020, she has been working at the Department of Veterinary Forensics and Economics as a department veterinarian, and since January 2025, as an assistant research fellow. In January 2025, she obtained a degree in economics in the field of Business Administration and Management.\u00a0In September 2024, she started the post-graduate specialist training programme in veterinary business management.<\/p> <p><strong>Main research areas:<\/strong><\/p> <ul> <li>Animal health economics and management<\/li> <li>Veterinary practice management<\/li> <\/ul> <p><strong>\u00a0<\/strong><\/p> <p><strong>Publication list (Top10)<\/strong><\/p> <p>V\u00e1rhidi Z, M\u00e1t\u00e9 M, \u00d3zsv\u00e1ri L. The use of probiotics in nutrition and herd health management in large hungarian dairy cattle farms. FRONTIERS IN VETERINARY SCIENCE 9: pp. 957935. (2022) IF: 2.6 (Q1) <a href=\"https:\/\/doi.org\/10.3389\/fvets.2022.957935\">https:\/\/doi.org\/10.3389\/fvets.2022.957935<\/a><\/p> <p>Sz\u00fccs L, B\u00e1rdos K, M\u00e1t\u00e9 M, \u00d3zsv\u00e1ri L. A magyarorsz\u00e1gi \u00e1llatorvostan-hallgat\u00f3k p\u00e1lyav\u00e1laszt\u00e1s\u00e1nak motiv\u00e1ci\u00f3s t\u00e9nyez\u0151i 2016 \u00e9s 2020 k\u00f6z\u00f6tt. MAGYAR \u00c1LLATORVOSOK LAPJA 145:(9) pp. 555-569. (2023) IF: 0.3 (Q4) <a href=\"https:\/\/doi.org\/10.56385\/magyallorv.2023.09.555-569\">https:\/\/doi.org\/10.56385\/magyallorv.2023.09.555-569<\/a><\/p> <p>M\u00e1t\u00e9 P, Makkai I, Makrai L, M\u00e1t\u00e9 M, \u00d3zsv\u00e1ri L, B\u00faza L. A Bergeyella zoohelcum magyarorsz\u00e1gi kimutat\u00e1sa sert\u00e9sben. MAGYAR \u00c1LLATORVOSOK LAPJA 145:(7) pp. 387-394. (2023) IF: 0.3 (Q4) <a href=\"https:\/\/doi.org\/10.56385\/magyallorv.2023.07.387-394\">https:\/\/doi.org\/10.56385\/magyallorv.2023.07.387-394<\/a><\/p> <p>\u00d3zsv\u00e1ri L, M\u00e1t\u00e9 M. Az akvakult\u00fara-\u00e1gazat glob\u00e1lis, eur\u00f3pai \u00e9s magyarorsz\u00e1gi fejl\u0151d\u00e9se. GAZD\u00c1LKOD\u00c1S 65:(4) pp. 289-309. (2021) <a href=\"http:\/\/dx.doi.org\/10.53079\/GAZDALKODAS.65.4.t.pp_289-309\">http:\/\/dx.doi.org\/10.53079\/GAZDALKODAS.65.4.t.pp_289-309<\/a><\/p> <p>&nbsp;<\/p> <p>&nbsp;<\/p> <div> <p>&nbsp;<\/p> <\/div>","protected":false},"excerpt":{"rendered":"<p>Introduction Dr. Marietta M\u00e1t\u00e9 was born in Budapest and completed her grammar school studies at the Evangelical Grammar School of B\u00e9k\u00e9scsaba before starting her veterinary studies at the University of Veterinary Medicine in Budapest. She gained practical experience in a veterinary practice during her student years. She graduated from the University of Veterinary Medicine in<\/p>\n","protected":false},"author":5824,"featured_media":0,"parent":857,"menu_order":37,"comment_status":"open","ping_status":"open","template":"","meta":{"_acf_changed":false,"footnotes":""},"categories":[],"tags":[],"class_list":["post-58067","page","type-page","status-publish","hentry"],"acf":[],"_links":{"self":[{"href":"https:\/\/univet.hu\/en\/wp-json\/wp\/v2\/pages\/58067","targetHints":{"allow":["GET"]}}],"collection":[{"href":"https:\/\/univet.hu\/en\/wp-json\/wp\/v2\/pages"}],"about":[{"href":"https:\/\/univet.hu\/en\/wp-json\/wp\/v2\/types\/page"}],"author":[{"embeddable":true,"href":"https:\/\/univet.hu\/en\/wp-json\/wp\/v2\/users\/5824"}],"replies":[{"embeddable":true,"href":"https:\/\/univet.hu\/en\/wp-json\/wp\/v2\/comments?post=58067"}],"version-history":[{"count":5,"href":"https:\/\/univet.hu\/en\/wp-json\/wp\/v2\/pages\/58067\/revisions"}],"predecessor-version":[{"id":177179,"href":"https:\/\/univet.hu\/en\/wp-json\/wp\/v2\/pages\/58067\/revisions\/177179"}],"up":[{"embeddable":true,"href":"https:\/\/univet.hu\/en\/wp-json\/wp\/v2\/pages\/857"}],"wp:attachment":[{"href":"https:\/\/univet.hu\/en\/wp-json\/wp\/v2\/media?parent=58067"}],"wp:term":[{"taxonomy":"category","embeddable":true,"href":"https:\/\/univet.hu\/en\/wp-json\/wp\/v2\/categories?post=58067"},{"taxonomy":"post_tag","embeddable":true,"href":"https:\/\/univet.hu\/en\/wp-json\/wp\/v2\/tags?post=58067"}],"curies":[{"name":"wp","href":"https:\/\/api.w.org\/{rel}","templated":true}]}}