{"id":58366,"date":"2020-09-23T13:38:55","date_gmt":"2020-09-23T11:38:55","guid":{"rendered":"https:\/\/univet.hu\/?page_id=58366"},"modified":"2024-10-09T12:28:42","modified_gmt":"2024-10-09T10:28:42","slug":"production-animal-medicine-1","status":"publish","type":"page","link":"https:\/\/univet.hu\/en\/education\/courses\/production-animal-medicine-1\/","title":{"rendered":"Production Animal Medicine 1."},"content":{"rendered":"<p>One of the main pillars of food chain safety is the early diagnosis and professional treatment of diseases affecting production animals. Production Animal Medicine 1. addresses topics of surgery, obstetrics and internal medicine in swine complete with diagnostic and treatment options in both theoretical and practical settings. In surgery, anaesthesia and the most commonly used surgical procedures in the field are detailed. In obstetrics, the knowledge and skills required to establish and maintain proper farm reproductive management are taught. In internal medicine, the topics include the aetiology, pathogenesis, symptoms, diagnostics, treatment and prevention options of the most important gastrointestinal, liver, respiratory, urinary, cardiac, haematopoietic, metabolic, locomotor, neurologic and dermatologic diseases.<\/p> <p>&nbsp;<\/p> <p>Lecturers: Prof.Dr. J\u00f3zsef R\u00e1tky, Dr. Andr\u00e1s Horv\u00e1th, Dr. Zolt\u00e1n Szel\u00e9nyi, Dr. Lea L\u00e9n\u00e1rt, Dr. Anna Csepreghy<\/p> <p>Contact person: Dr. Anna Csepreghy (<a class=\"decrypt\" rel=\"Dtfqsfhiz\/BoobAvojwfu\/iv\" href=\"javascript:void(0);\">[Click to see email]<\/a>)<\/p>","protected":false},"excerpt":{"rendered":"<p>One of the main pillars of food chain safety is the early diagnosis and professional treatment of diseases affecting production animals. Production Animal Medicine 1. addresses topics of surgery, obstetrics and internal medicine in swine complete with diagnostic and treatment options in both theoretical and practical settings. In surgery, anaesthesia and the most commonly used<\/p>\n","protected":false},"author":3837,"featured_media":0,"parent":676,"menu_order":47,"comment_status":"closed","ping_status":"closed","template":"","meta":{"_acf_changed":false,"footnotes":""},"categories":[21],"tags":[],"class_list":["post-58366","page","type-page","status-publish","hentry","category-courses"],"acf":[],"_links":{"self":[{"href":"https:\/\/univet.hu\/en\/wp-json\/wp\/v2\/pages\/58366","targetHints":{"allow":["GET"]}}],"collection":[{"href":"https:\/\/univet.hu\/en\/wp-json\/wp\/v2\/pages"}],"about":[{"href":"https:\/\/univet.hu\/en\/wp-json\/wp\/v2\/types\/page"}],"author":[{"embeddable":true,"href":"https:\/\/univet.hu\/en\/wp-json\/wp\/v2\/users\/3837"}],"replies":[{"embeddable":true,"href":"https:\/\/univet.hu\/en\/wp-json\/wp\/v2\/comments?post=58366"}],"version-history":[{"count":1,"href":"https:\/\/univet.hu\/en\/wp-json\/wp\/v2\/pages\/58366\/revisions"}],"predecessor-version":[{"id":174587,"href":"https:\/\/univet.hu\/en\/wp-json\/wp\/v2\/pages\/58366\/revisions\/174587"}],"up":[{"embeddable":true,"href":"https:\/\/univet.hu\/en\/wp-json\/wp\/v2\/pages\/676"}],"wp:attachment":[{"href":"https:\/\/univet.hu\/en\/wp-json\/wp\/v2\/media?parent=58366"}],"wp:term":[{"taxonomy":"category","embeddable":true,"href":"https:\/\/univet.hu\/en\/wp-json\/wp\/v2\/categories?post=58366"},{"taxonomy":"post_tag","embeddable":true,"href":"https:\/\/univet.hu\/en\/wp-json\/wp\/v2\/tags?post=58366"}],"curies":[{"name":"wp","href":"https:\/\/api.w.org\/{rel}","templated":true}]}}