{"id":58377,"date":"2020-09-23T13:52:40","date_gmt":"2020-09-23T11:52:40","guid":{"rendered":"https:\/\/univet.hu\/?page_id=58377"},"modified":"2026-02-25T10:34:44","modified_gmt":"2026-02-25T09:34:44","slug":"reproduction-biotechnology-2","status":"publish","type":"page","link":"https:\/\/univet.hu\/en\/education\/courses\/reproduction-biotechnology-2\/","title":{"rendered":"Reproduction &amp; Biotechnology 2."},"content":{"rendered":"<div class=\"ewa-rteLine\">This subject presents the horses&#8217; and the companion animals&#8217; neuroendocrine mechanism in connection with the reproduction. It discribes the normal reproductive cycle, heat, the basic of artificial insemination, pregnancy and parturition of the mare and pathological divergencies of these periods. It is also about of the reproductive management of the breeding studs.<\/div> <div class=\"ewa-rteLine\">For small animals (dogs, cats) the subject is presented about the physiology of the oestrus cycle of the bitch, diagnostical methods for classifing the cycle, heat, artificial insemiantion, pregnancy and parturition, and basic of neonatology.<\/div> <div><\/div> <div>Lecturers: Dr.Linda M\u00fcller, Dr. Bogl\u00e1rka Vincze, Dr. Andr\u00e1s Horv\u00e1th<\/div> <div>Contact person: Dr. M\u00f3nika Bacsa email: <a class=\"decrypt\" rel=\"Cbdtb\/NpojlbAvojwfu\/iv\" href=\"javascript:void(0);\">[Click to see email]<\/a><\/div>","protected":false},"excerpt":{"rendered":"<p>This subject presents the horses&#8217; and the companion animals&#8217; neuroendocrine mechanism in connection with the reproduction. It discribes the normal reproductive cycle, heat, the basic of artificial insemination, pregnancy and parturition of the mare and pathological divergencies of these periods. It is also about of the reproductive management of the breeding studs. For small animals<\/p>\n","protected":false},"author":3837,"featured_media":0,"parent":676,"menu_order":34,"comment_status":"closed","ping_status":"closed","template":"","meta":{"_acf_changed":false,"footnotes":""},"categories":[21],"tags":[],"class_list":["post-58377","page","type-page","status-publish","hentry","category-courses"],"acf":[],"_links":{"self":[{"href":"https:\/\/univet.hu\/en\/wp-json\/wp\/v2\/pages\/58377","targetHints":{"allow":["GET"]}}],"collection":[{"href":"https:\/\/univet.hu\/en\/wp-json\/wp\/v2\/pages"}],"about":[{"href":"https:\/\/univet.hu\/en\/wp-json\/wp\/v2\/types\/page"}],"author":[{"embeddable":true,"href":"https:\/\/univet.hu\/en\/wp-json\/wp\/v2\/users\/3837"}],"replies":[{"embeddable":true,"href":"https:\/\/univet.hu\/en\/wp-json\/wp\/v2\/comments?post=58377"}],"version-history":[{"count":3,"href":"https:\/\/univet.hu\/en\/wp-json\/wp\/v2\/pages\/58377\/revisions"}],"predecessor-version":[{"id":201728,"href":"https:\/\/univet.hu\/en\/wp-json\/wp\/v2\/pages\/58377\/revisions\/201728"}],"up":[{"embeddable":true,"href":"https:\/\/univet.hu\/en\/wp-json\/wp\/v2\/pages\/676"}],"wp:attachment":[{"href":"https:\/\/univet.hu\/en\/wp-json\/wp\/v2\/media?parent=58377"}],"wp:term":[{"taxonomy":"category","embeddable":true,"href":"https:\/\/univet.hu\/en\/wp-json\/wp\/v2\/categories?post=58377"},{"taxonomy":"post_tag","embeddable":true,"href":"https:\/\/univet.hu\/en\/wp-json\/wp\/v2\/tags?post=58377"}],"curies":[{"name":"wp","href":"https:\/\/api.w.org\/{rel}","templated":true}]}}