{"id":59401,"date":"2020-03-12T12:29:32","date_gmt":"2020-03-12T11:29:32","guid":{"rendered":"https:\/\/univet.hu\/mentalhigienes-szaktanacsadas\/"},"modified":"2026-02-10T01:23:15","modified_gmt":"2026-02-10T00:23:15","slug":"mentalhigienes-szaktanacsadas","status":"publish","type":"page","link":"https:\/\/univet.hu\/en\/mentalhigienes-szaktanacsadas\/","title":{"rendered":"Ment\u00e1lhigi\u00e9n\u00e9s szaktan\u00e1csad\u00e1s"},"content":{"rendered":"<p><strong>Ment\u00e1lhigi\u00e9n\u00e9s szaktan\u00e1csad\u00e1s \u00c1TE hallgat\u00f3knak<\/strong>: a ment\u00e1los tan\u00e1csad\u00f3 iroda a hallgat\u00f3i t\u00e1mogat\u00f3-szolg\u00e1ltat\u00e1s kert\u00e9ben m\u0171k\u00f6dik az egyetemen.<\/p> <p><strong>A 2021\/22 tan\u00e9vben a di\u00e1ktan\u00e1csad\u00e1s szem\u00e9lyesen, de online form\u00e1ban is el\u00e9rhet\u0151 marad.\u00a0 \u00a0<\/strong><\/p> <p><strong>A bejelentkez\u00e9s a szem\u00e9lyes \u00e9s online besz\u00e9lget\u00e9sekre az automatiz\u00e1lt id\u0151pontfogl\u00e1s\u00e1si rendszeren kereszt\u00fcl lehets\u00e9ges, amely el\u00e9rhet\u0151 itt ezen a <a href=\"https:\/\/mentalhub.appointy.com\/\">linken.<\/a>\u00a0A szem\u00e9lyes foglalkoz\u00e1sok a di\u00e1ktan\u00e1csad\u00f3 irod\u00e1ban, az online besz\u00e9lget\u00e9sek pedig a\u00a0https:\/\/doxy.me\/mhcounseling platformon zajlanak. Ezt a linket megnyitva (az el\u0151zetesen foglalt id\u0151pontban) tudnak a hallgat\u00f3k r\u00e9szt venni a besz\u00e9lget\u00e9seinken.<\/strong><\/p> <p><strong>(Az online foglalkoz\u00e1sok technikai felt\u00e9tele: sz\u00e9less\u00e1v\u00fa internet kapcsolat \u00e9s b\u00e1rmilyen eszk\u00f6z:\u00a0 okostelefon\/tablet\/laptop vagy asztali sz\u00e1m\u00edt\u00f3g\u00e9p haszn\u00e1lhat\u00f3, kamera javasolt.)\u00a0<\/strong><\/p> <p>Mit is jelent a tan\u00e1csad\u00e1s?\u00a0 Ez egy olyan t\u00e1mogat\u00f3 szolg\u00e1ltat\u00e1s, ahol a hallgat\u00f3k ig\u00e9ny szerint egy\u00e9ni valamint\u00a0 csoportos foglalkoz\u00e1sokra j\u00e1rhatnak \u00e9letmin\u0151s\u00e9g\u00fck jav\u00edt\u00e1sa \u00e9rdek\u00e9ben. A fogad\u00f3\u00f3r\u00e1kra nagy szeretettel v\u00e1runk minden kedves \u00e9rdekl\u0151d\u0151t. Bejelentkezni term\u00e9szetesen t\u00f6bbf\u00e9le m\u00f3don\u00a0 van lehet\u0151s\u00e9g: szem\u00e9lyesen (fogad\u00f3\u00f3r\u00e1k alatt) telefonon, e-mailben vagy ONLINE\u00a0 id\u0151pontfoglal\u00e1ss\u00e1l m\u0171k\u00f6d\u0151 rendszeren kereszt\u00fcl, amely el\u00e9rhet\u0151 itt ezen a <a href=\"https:\/\/mentalhub.appointy.com\/\">linken.<\/a><\/p> <p><strong>Tan\u00e1csad\u00f3:<\/strong> Somogyi Levente<\/p> <p><strong>Tan\u00e1csad\u00e1s helysz\u00edne:<\/strong> H \u00e9p\u00fclet 106-os szoba.<\/p> <p><strong>El\u00e9rhet\u0151s\u00e9gek: <\/strong><\/p> <p><strong>Tel: <\/strong>+36-30-386-9898<\/p> <p>E-mail 1: <a class=\"decrypt\" rel=\"tpnphzj\/mfwfoufAvojwfu\/iv\" href=\"javascript:void(0);\">[Click to see email]<\/a><\/p> <p>E-mail 2: <a class=\"decrypt\" rel=\"itAivnbo.tfswjdf\/iv\" href=\"javascript:void(0);\">[Click to see email]<\/a><\/p> <p><strong>Szolg\u00e1ltat\u00f3 web port\u00e1l:<\/strong> <a href=\"http:\/\/www.mentalhub.hu\">www.mentalhub.hu<\/a><\/p> <p>A tan\u00e1csad\u00f3 port\u00e1l (<a href=\"http:\/\/www.mentalhub.hu\/\">www.mentalhub.hu<\/a>) sok-sok \u00f6nismereti szakmai anyagot, olvasnival\u00f3t, \u00a0 tesztet \u00e9s vide\u00f3t k\u00edn\u00e1l valamint naprak\u00e9sz egyetemi h\u00edreket \u00e9s programokat.<\/p> <p><strong>Kort\u00e1rsseg\u00edt\u0151 szolg\u00e1ltat\u00e1s: <\/strong>az els\u0151 \u00e9ves k\u00fclf\u00f6ldi hallgat\u00f3k kultur\u00e1lis\/egyetemi beilleszked\u00e9s\u00e9t el\u0151seg\u00edt\u0151 programba SAM-buddy peer-mentoring program n\u00e9ven a magyar hallgat\u00f3k \u00f6r\u00f6mmel v\u00e1rjuk mentork\u00e9nt.\u00a0 Tov\u00e1bbi inform\u00e1ci\u00f3 a programr\u00f3l \u00e9s a csatlakoz\u00e1s lehet\u0151s\u00e9g\u00e9r\u0151l az al\u00e1bbi linken el\u00e9rhet\u0151: <a href=\"http:\/\/www.univet.hu\/univet\/peermentoring\">www.univet.hu\/univet\/peermentoring<\/a><\/p> <p><strong>Tanul\u00e1st-seg\u00edt\u0151 m\u0171helyfoglalkoz\u00e1sok: <\/strong>els\u0151sorban az els\u0151 \u00e9ves hallgat\u00f3k t\u00e1mogat\u00e1s\u00e1\u00e9rt kialak\u00edtott mini-el\u0151ad\u00e1ssorozat (beilleszked\u00e9s, tanul\u00e1stechnika, bullying-prevenci\u00f3, stressz kezel\u00e9s t\u00e9mak\u00f6r\u00f6kben.)<\/p> <p><strong>Tanul\u00e1si m\u00f3dszertani v\u00e1laszthat\u00f3 kurzus<\/strong>: az angol nyelv\u0171 felk\u00e9sz\u00edt\u0151 interakt\u00edv el\u0151ad\u00e1s sorozat az orvosi k\u00e9pz\u00e9s saj\u00e1toss\u00e1gaihoz igazodva olyan tanul\u00e1s m\u00f3dszertani eszk\u00f6z\u00f6kkel ismerteti meg a hallgat\u00f3kat, amelyek seg\u00edts\u00e9g\u00e9vel tudatosabban, k\u00e9pess\u00e9gekhez\/adotts\u00e1gokhoz igazod\u00f3an tudnak felk\u00e9sz\u00fclni az el\u0151ad\u00e1sokra \u00e9s vizsg\u00e1kra.<\/p> <p><strong>Tanul\u00f3-t\u00e1rs\/tanul\u00f3-csoport keres\u0151 szolg\u00e1ltat\u00e1s: <\/strong>online jelentkez\u00e9si lap kit\u00f6lt\u00e9s\u00e9vel lehet\u0151s\u00e9get k\u00edn\u00e1lunk tant\u00e1rgyra bontottan c\u00e9lir\u00e1nyosan tanul\u00f3-t\u00e1rs illetve tanul\u00f3csoport keres\u00e9s\u00e9re. A szolg\u00e1ltat\u00e1s honlapja el\u00e9rhet\u0151: <a href=\"http:\/\/www.studygroups.hu\">www.studygroups.hu<\/a> webc\u00edmen.<\/p> <p><strong>Hallgat\u00f3i \u00f6nkorm\u00e1nyzatok t\u00e1mogat\u00e1sa:<\/strong><\/p> <p>Az egyetem seg\u00edts\u00e9get k\u00edv\u00e1n ny\u00fajtani az egyetem \u00e9gisze alatt m\u0171k\u00f6d\u0151 hallgat\u00f3i szervezeteknek tan\u00e1csad\u00e1s\/coaching\/tr\u00e9ning form\u00e1j\u00e1ban, hogy kijel\u00f6lt k\u00e9pvisel\u0151ik eredm\u00e9nyesebben k\u00e9pviselhess\u00e9k kit\u0171z\u00f6tt c\u00e9ljaikat, tov\u00e1bb k\u00e9pezz\u00e9k kommunik\u00e1ci\u00f3s \u00e9s egy\u00fcttm\u0171k\u00f6d\u00e9si k\u00e9szs\u00e9geiket csoporton bel\u00fcl \u00e9s kort\u00e1rs csoport-szervezetek k\u00f6z\u00f6tt is.<\/p> <p>Szeretn\u00e9nk tov\u00e1bbi seg\u00edts\u00e9get k\u00edn\u00e1lni hallgat\u00f3inknak az al\u00e1bbi sz\u00f3r\u00f3anyagokkal:<\/p> <p><a href=\"https:\/\/univet.hu\/wp-content\/uploads\/2021\/03\/FETA-F\u00fczetek_COVID_T\u00e1vol-fizikailag-k\u00f6zel-\u00e9rzelmileg.pdf\">FETA F\u00fczetek_COVID_T\u00e1vol fizikailag,<\/a><a href=\"https:\/\/univet.hu\/wp-content\/uploads\/2021\/03\/FETA-F\u00fczetek_COVID_T\u00e1vol-fizikailag-k\u00f6zel-\u00e9rzelmileg.pdf\"> k\u00f6zel \u00e9rzelmileg<\/a><\/p> <p><a href=\"https:\/\/univet.hu\/wp-content\/uploads\/2021\/03\/FETA-F\u00fczetek_COVID_Kiberkapcsolati-kalauz.pdf\">FETA F\u00fczetek_COVID_Kiberkapcsolati kalauz<\/a><\/p> <p><a href=\"https:\/\/univet.hu\/wp-content\/uploads\/2021\/03\/FETA-F\u00fczetek_COVID_Tarsd-k\u00e9zben-a-napod.pdf\">FETA F\u00fczetek_COVID_Tarsd k\u00e9zben a napod<\/a><\/p> <p>&nbsp;<\/p>","protected":false},"excerpt":{"rendered":"<p>Ment\u00e1lhigi\u00e9n\u00e9s szaktan\u00e1csad\u00e1s \u00c1TE hallgat\u00f3knak: a ment\u00e1los tan\u00e1csad\u00f3 iroda a hallgat\u00f3i t\u00e1mogat\u00f3-szolg\u00e1ltat\u00e1s kert\u00e9ben m\u0171k\u00f6dik az egyetemen. A 2021\/22 tan\u00e9vben a di\u00e1ktan\u00e1csad\u00e1s szem\u00e9lyesen, de online form\u00e1ban is el\u00e9rhet\u0151 marad.\u00a0 \u00a0 A bejelentkez\u00e9s a szem\u00e9lyes \u00e9s online besz\u00e9lget\u00e9sekre az automatiz\u00e1lt id\u0151pontfogl\u00e1s\u00e1si rendszeren kereszt\u00fcl lehets\u00e9ges, amely el\u00e9rhet\u0151 itt ezen a linken.\u00a0A szem\u00e9lyes foglalkoz\u00e1sok a di\u00e1ktan\u00e1csad\u00f3 irod\u00e1ban, az online besz\u00e9lget\u00e9sek<\/p>\n","protected":false},"author":3837,"featured_media":0,"parent":0,"menu_order":39,"comment_status":"open","ping_status":"open","template":"","meta":{"_acf_changed":false,"footnotes":""},"categories":[],"tags":[],"class_list":["post-59401","page","type-page","status-publish","hentry"],"acf":[],"_links":{"self":[{"href":"https:\/\/univet.hu\/en\/wp-json\/wp\/v2\/pages\/59401","targetHints":{"allow":["GET"]}}],"collection":[{"href":"https:\/\/univet.hu\/en\/wp-json\/wp\/v2\/pages"}],"about":[{"href":"https:\/\/univet.hu\/en\/wp-json\/wp\/v2\/types\/page"}],"author":[{"embeddable":true,"href":"https:\/\/univet.hu\/en\/wp-json\/wp\/v2\/users\/3837"}],"replies":[{"embeddable":true,"href":"https:\/\/univet.hu\/en\/wp-json\/wp\/v2\/comments?post=59401"}],"version-history":[{"count":1,"href":"https:\/\/univet.hu\/en\/wp-json\/wp\/v2\/pages\/59401\/revisions"}],"predecessor-version":[{"id":198898,"href":"https:\/\/univet.hu\/en\/wp-json\/wp\/v2\/pages\/59401\/revisions\/198898"}],"wp:attachment":[{"href":"https:\/\/univet.hu\/en\/wp-json\/wp\/v2\/media?parent=59401"}],"wp:term":[{"taxonomy":"category","embeddable":true,"href":"https:\/\/univet.hu\/en\/wp-json\/wp\/v2\/categories?post=59401"},{"taxonomy":"post_tag","embeddable":true,"href":"https:\/\/univet.hu\/en\/wp-json\/wp\/v2\/tags?post=59401"}],"curies":[{"name":"wp","href":"https:\/\/api.w.org\/{rel}","templated":true}]}}