{"id":5963,"date":"2018-03-26T12:28:00","date_gmt":"2018-03-26T10:28:00","guid":{"rendered":"http:\/\/univet.hu\/education\/admission\/after-acceptance\/academic-policies-academic-calendar\/"},"modified":"2020-04-29T16:52:24","modified_gmt":"2020-04-29T14:52:24","slug":"academic-policies-academic-calendar","status":"publish","type":"page","link":"https:\/\/univet.hu\/en\/education\/admission\/after-acceptance\/academic-policies-academic-calendar\/","title":{"rendered":"Academic Policies, Academic Calendar"},"content":{"rendered":"<p>Learn more about the university&#8217;s rules, examination procedures, evaluation and grading system and the stucture of the academic year. The detailed information will be shared during the enrolment and the Freshmen&#8217;s week.<\/p> <h2>Curriculum<\/h2> <h3>Academic Policies<\/h3> <p>Class attendance and participation in scheduled laboratories and practical exercises is required. Students are expected to take examinations when scheduled otherwise they loose chances. About details you shall get information at the registration of the Freshman. The credit-system allows a certain degree of flexibility in the timing of the exams. This is conform to international standards and helps an easier setting-in of students with different educational backgrounds.<\/p> <h3>Types of Evaluation<\/h3> <ol> <li>Signature (al\u00e1\u00edr\u00e1s) &#8212; participation in scheduled workshops has to be certified by the signature of the authorized lecturer.<\/li> <li>Practical Course Grade (gyakorlati jegy) &#8212; may follow either the 5-scale or 3-scale grading system.<\/li> <li>Semi-final Examination (kollokvium) &#8212; evaluation of the subject matter of 1 semester, 5-scale grading system.<\/li> <li>Final Examination (szigorlat) &#8212; evaluation of the subject matter of 2 or more semesters, 5-scale grading system.<\/li> <\/ol> <h3>Grading System<\/h3> <ol> <li>Five-Scale: 5 (jeles) &#8212; Excellent; 4 (j\u00f3) &#8212; Good; 3\u00a0(k\u00f6zepes) &#8212; Fair; 2 (el\u00e9gs\u00e9ges) &#8212; Passing; 1\u00a0(el\u00e9gtelen) &#8212; Fail<\/li> <li>Three-scale: kiv\u00e1l\u00f3an megfelelt &#8212; Excellent; megfelelt &#8212; Satisfactory; nem felelt meg &#8212; Unsatisfactory<\/li> <\/ol> <h3>Academic Calendar<\/h3> <p><strong>In the Academic Year the semesters including exam periods are scheduled:<\/strong><\/p> <ul> <li>Fall Semester: early September &#8212; mid December; \u00a0followed by a six-week exam period<\/li> <li>Spring semester: early February &#8212; mid May; \u00a0followed by a six-week exam period<\/li> <\/ul>","protected":false},"excerpt":{"rendered":"<p>Learn more about the university&#8217;s rules, examination procedures, evaluation and grading system and the stucture of the academic year. The detailed information will be shared during the enrolment and the Freshmen&#8217;s week. Curriculum Academic Policies Class attendance and participation in scheduled laboratories and practical exercises is required. Students are expected to take examinations when scheduled<\/p>\n","protected":false},"author":1,"featured_media":0,"parent":5960,"menu_order":172,"comment_status":"closed","ping_status":"closed","template":"","meta":{"_acf_changed":false,"footnotes":""},"categories":[],"tags":[],"class_list":["post-5963","page","type-page","status-publish","hentry"],"acf":[],"_links":{"self":[{"href":"https:\/\/univet.hu\/en\/wp-json\/wp\/v2\/pages\/5963","targetHints":{"allow":["GET"]}}],"collection":[{"href":"https:\/\/univet.hu\/en\/wp-json\/wp\/v2\/pages"}],"about":[{"href":"https:\/\/univet.hu\/en\/wp-json\/wp\/v2\/types\/page"}],"author":[{"embeddable":true,"href":"https:\/\/univet.hu\/en\/wp-json\/wp\/v2\/users\/1"}],"replies":[{"embeddable":true,"href":"https:\/\/univet.hu\/en\/wp-json\/wp\/v2\/comments?post=5963"}],"version-history":[{"count":0,"href":"https:\/\/univet.hu\/en\/wp-json\/wp\/v2\/pages\/5963\/revisions"}],"up":[{"embeddable":true,"href":"https:\/\/univet.hu\/en\/wp-json\/wp\/v2\/pages\/5960"}],"wp:attachment":[{"href":"https:\/\/univet.hu\/en\/wp-json\/wp\/v2\/media?parent=5963"}],"wp:term":[{"taxonomy":"category","embeddable":true,"href":"https:\/\/univet.hu\/en\/wp-json\/wp\/v2\/categories?post=5963"},{"taxonomy":"post_tag","embeddable":true,"href":"https:\/\/univet.hu\/en\/wp-json\/wp\/v2\/tags?post=5963"}],"curies":[{"name":"wp","href":"https:\/\/api.w.org\/{rel}","templated":true}]}}