{"id":59820,"date":"2020-11-03T15:19:05","date_gmt":"2020-11-03T14:19:05","guid":{"rendered":"https:\/\/univet.hu\/en\/about\/staff\/new-staff-member-page-3\/"},"modified":"2026-02-10T04:28:13","modified_gmt":"2026-02-10T03:28:13","slug":"kerek-adam","status":"publish","type":"page","link":"https:\/\/univet.hu\/en\/about\/staff\/kerek-adam\/","title":{"rendered":"Kerek \u00c1d\u00e1m"},"content":{"rendered":"<p><span style=\"font-family: impact, sans-serif;font-size: 14pt\"><strong>Introduction<\/strong><\/span><\/p> <p align=\"justify\">Dr. \u00c1d\u00e1m Kerek was born in Gy\u00f6ngy\u00f6s and completed his grammar school studies at the Berze Nagy J\u00e1nos Grammar School. Subsequently, he was admitted to the Faculty of Agriculture and Environmental Sciences of Szent Istv\u00e1n University, where in 2010 he obtained a BSc degree in Animal Husbandry Engineering. After that, he worked for 2 years in the START Public Works Program in his home village, the Nagyr\u00e9de Municipality, where he performed coordination and planning tasks. In the meantime, he completed the OKJ training as a veterinary assistant. In 2014 he was admitted to the Faculty of Veterinary Medicine of Szent Istv\u00e1n University (since 2016, University of Veterinary Medicine). He graduated from the University of Veterinary Medicine in February 2020 with a doctorate summa cum laude in veterinary medicine. Since March 2020, he has been working at the Department of Pharmacology and Toxicology as a department veterinarian.<\/p> <p><span style=\"font-family: impact, sans-serif;font-size: 14pt\">Main research areas<\/span><\/p> <ul> <li>antimicrobial resistance, determination of MIC value<\/li> <li>Evolutionary and coselection studies using the Microbial Evolution and Growth Arena (MEGA-plate) method<\/li> <li>study of antimicrobial resistance genes (ARGs)<\/li> <li>investigation of antibiotic alternatives (eg. propolis)<\/li> <li>testing the effectiveness of disinfectants<\/li> <\/ul> <p><span style=\"font-family: impact, sans-serif;font-size: 14pt\">Studies<\/span><\/p> <table style=\"height: 188px\" width=\"1072\"> <tbody> <tr> <td style=\"width: 115px;text-align: center\">2021-<\/td> <td style=\"width: 941px\"> <p>University of Veterinary Medicine, Budapest<\/p> <p>Pig-health veterinarian\u00a0specialization<\/td> <\/tr> <tr> <td style=\"width: 115px;text-align: center\">2020-<\/td> <td style=\"width: 941px\"> <p>University of Veterinary Medicine, Budapest<\/p> <p>PhD-student<\/td> <\/tr> <tr> <td style=\"width: 115px;text-align: center\">2014-2020<\/td> <td style=\"width: 941px\"> <p>University of Veterinary Medicine, Budapest<\/p> <p>Doctor of Veterinary Medicine, summa cum laude (excellent)<\/td> <\/tr> <tr> <td style=\"width: 115px;text-align: center\">2018-2020<\/td> <td style=\"width: 941px\"> <p>University of Veterinary Medicine, Budapest<\/p> <p>wildlife management<\/td> <\/tr> <tr> <td style=\"width: 115px;text-align: center\">2012<\/td> <td style=\"width: 941px\"> <p>VM Central-Hungary Agricultural Vocational Training Center, Bercs\u00e9nyi Mikl\u00f3s Food Industry Vocational Training School, College and VM Training School, Budapest<\/p> <p>veterinary assistant<\/td> <\/tr> <tr> <td style=\"width: 115px;text-align: center\">2007-2010<\/td> <td style=\"width: 941px\"> <p>Szent Istv\u00e1n University, Faculty of Agriculture and Environmental Sciences<\/p> <p>animal husbandry engineer<\/td> <\/tr> <\/tbody> <\/table> <p><span style=\"font-family: impact, sans-serif\">Conferences, study trips<\/span><\/p> <table style=\"width: 95.9066%;height: 129px\"> <tbody> <tr> <td style=\"width: 14.9738%;text-align: left\">2025. janu\u00e1r<\/td> <td style=\"width: 84.3979%;text-align: left\">Yale University (USA)<\/td> <\/tr> <tr> <td style=\"width: 14.9738%;text-align: left\">2024. j\u00fanius<\/td> <td style=\"width: 84.3979%;text-align: left\">17th International Scientific Conference on Probiotics, Prebiotics, Gut Microbiota and Health &#8211; IPC2024 (Pr\u00e1ga)<\/td> <\/tr> <tr> <td style=\"width: 14.9738%;text-align: left\">2024. m\u00e1jus<\/td> <td style=\"width: 84.3979%;text-align: left\">3rd International Conference Antimicrobial Resistance &#8211; current state and perspectives (Novi Sad)<\/td> <\/tr> <tr> <td style=\"width: 14.9738%;text-align: left\">2024. m\u00e1jus<\/td> <td style=\"width: 84.3979%;text-align: left\">XXVII. Tavaszi Sz\u00e9l Konferencia (Budapest)<\/td> <\/tr> <tr> <td style=\"width: 14.9738%;text-align: left\">2024. febru\u00e1r<\/td> <td style=\"width: 84.3979%;text-align: left\">II. Magyar Agr\u00e1rtudom\u00e1nyi Doktoranduszok Szimp\u00f3ziuma 2024 (Budapest)<\/td> <\/tr> <tr> <td style=\"width: 14.9738%;text-align: left\">2024. febru\u00e1r<\/td> <td style=\"width: 84.3979%;text-align: left\">Quantification, Benchmarking and Stewardship of Veterinary Antimicrobial Usage (AACTING), fourth International Conference (B\u00e9cs)<\/td> <\/tr> <tr> <td style=\"width: 14.9738%;text-align: left\">2023. november<\/td> <td style=\"width: 84.3979%;text-align: left\">39. \u00d3v\u00e1ri Tudom\u00e1nyos Nap Konferencia (Mosonmagyar\u00f3v\u00e1r)<\/td> <\/tr> <tr> <td style=\"width: 14.9738%;text-align: left\">2023. j\u00falius<\/td> <td style=\"width: 84.3979%;text-align: left\">15th International Congress of the European Association of Veterinary Pharmacology and Toxicology (Bruges)<\/td> <\/tr> <tr> <td style=\"width: 14.9738%;text-align: left\">2023. febru\u00e1r<\/td> <td style=\"width: 84.3979%;text-align: left\">I. Magyar Agr\u00e1rtudom\u00e1nyi Doktoranduszok Szimp\u00f3ziuma 2023 (Debrecen)<\/td> <\/tr> <\/tbody> <\/table> <p>&nbsp;<\/p> <p>&nbsp;<\/p> <p><span style=\"font-family: impact, sans-serif\">El\u0151rehalad\u00e1s<\/span><\/p> <table style=\"height: 51px;width: 37.3029%\" width=\"218\"> <tbody> <tr> <td style=\"width: 48.4018%\">2025.01.<\/td> <td style=\"width: 105.655%;text-align: center\">Assistant professor<\/td> <\/tr> <tr> <td style=\"width: 48.4018%\">2024.09.<\/td> <td style=\"width: 105.655%;text-align: center\">PhD<\/td> <\/tr> <tr> <td style=\"width: 48.4018%\">2023. 07.<\/td> <td style=\"width: 105.655%;text-align: center\">Assistant lecturer<\/td> <\/tr> <tr style=\"height: 27px\"> <td style=\"width: 48.4018%;height: 27px\">2020. 09.<\/td> <td style=\"width: 105.655%;text-align: center;height: 27px\">PhD -student<\/td> <\/tr> <tr style=\"height: 24px\"> <td style=\"width: 48.4018%;height: 24px\">2020. 03.<\/td> <td style=\"width: 105.655%;text-align: center;height: 24px\">Department veterinarian<\/td> <\/tr> <\/tbody> <\/table> <p>&nbsp;<\/p> <hr align=\"center\" size=\"5\" width=\"60%\" \/> <p><span style=\"font-family: impact, sans-serif;font-size: 14pt\">Publications (Top10)<\/span><\/p> <p style=\"text-align: center\">MTMT:\u00a0<a href=\"https:\/\/m2.mtmt.hu\/gui2\/?type=authors&amp;mode=browse&amp;sel=authors10073038\">https:\/\/m2.mtmt.hu\/gui2\/?type=authors&amp;mode=browse&amp;sel=authors10073038<\/a><\/p> <table style=\"height: 86px;width: 1140px\" width=\"1140\"> <tbody> <tr style=\"height: 86px\"> <td style=\"width: 36px;height: 86px;text-align: center\">1.<\/td> <td style=\"width: 1088px;height: 86px\"> <div class=\"authors\"><span class=\"author-name\">Remport, \u00c1gnes\u00a0<\/span>;\u00a0<span class=\"author-name\"><a href=\"https:\/\/m2.mtmt.hu\/gui2\/?type=authors&amp;mode=browse&amp;sel=10034911\" target=\"_blank\" rel=\"noopener\">M\u00e1tis, G\u00e1bor<\/a>\u00a0<\/span>;\u00a0<span class=\"author-name\">Juh\u00e1sz, Orsolya\u00a0<\/span>;\u00a0<span class=\"author-name\"><a href=\"https:\/\/m2.mtmt.hu\/gui2\/?type=authors&amp;mode=browse&amp;sel=10073038\" target=\"_blank\" rel=\"noopener\">Kerek, \u00c1d\u00e1m<\/a>\u00a0<\/span>;\u00a0<span class=\"author-name\"><a href=\"https:\/\/m2.mtmt.hu\/gui2\/?type=authors&amp;mode=browse&amp;sel=10002318\" target=\"_blank\" rel=\"noopener\">Neogr\u00e1dy, Zsuzsanna:\u00a0<\/a><\/span><a href=\"https:\/\/m2.mtmt.hu\/gui2\/?mode=browse&amp;params=publication;31400899\" target=\"_blank\" rel=\"noopener\">A xilitm\u00e9rgez\u00e9s kialakul\u00e1s\u00e1nak mechanizmusa kuty\u00e1ban<span class=\"subTitle\">: Irodalmi \u00f6sszefoglal\u00f3.\u00a0<\/span><\/a><span class=\"journal-title\">MAGYAR \u00c1LLATORVOSOK LAPJA<\/span>\u00a0<span class=\"journal-volume\">140<\/span>\u00a0:\u00a0<span class=\"journal-issue\">2<\/span>\u00a0<span class=\"page\">pp. 109-117. , 9 p.<\/span>\u00a0<span class=\"year\">(2018)<\/span><\/div> <\/td> <\/tr> <tr> <td style=\"width: 36px;text-align: center\">2.<\/td> <td style=\"width: 1088px\"> <div class=\"authors\"> <p>Kerek \u00c1d\u00e1m &#8211; B\u00e1r\u00e1ny Zolt\u00e1n &#8211; Sterczer \u00c1gnes &#8211; J\u00f3cs\u00e1k Gergely: A neuroinflamm\u00e1ci\u00f3 k\u00f3rfolyamata \u00e9s egyes ter\u00e1pi\u00e1s vonatkoz\u00e1sai : Irodalmi \u00f6sszefoglal\u00f3 . &#8211; In: Magyar \u00e1llatorvosok lapja, ISSN 0025-004X , 2020. (142. \u00e9vf.), 12. sz., 755-767. p.<\/p> <\/div> <\/td> <\/tr> <tr> <td style=\"width: 36px;text-align: center\">3.<\/td> <td style=\"width: 1088px\"> <div class=\"authors\"> <p>Kerek, \u00c1., Sterczer, \u00c1., Somogyi, Z., Kov\u00e1cs, D., and Jerzsele, \u00c1. (2021). Investigation of the environmental presence of multidrug-resistant bacteria at small animal hospitals in Hungary.\u00a0<em>Acta Veterinaria Hungarica<\/em>\u00a068, 4, 387-392, available from: &lt;<a href=\"https:\/\/doi.org\/10.1556\/004.2020.00055\" target=\"_blank\" rel=\"noopener\">\u00a0https:\/\/doi.org\/10.1556\/004.2020.00055<\/a><\/p> <\/div> <\/td> <\/tr> <tr> <td style=\"width: 36px;text-align: center\">4.<\/td> <td style=\"width: 1088px\"> <div class=\"authors\"> <p>Somogyi, Zolt\u00e1n ; Mag, Patrik ; Kov\u00e1cs, D\u00f3ra ; Kerek, \u00c1d\u00e1m ; Szab\u00f3, P\u00e1l ; Makrai, L\u00e1szl\u00f3 ; Jerzsele, \u00c1kos: Synovial and Systemic Pharmacokinetics of Florfenicol and PK\/PD Integration against Streptococcus suis in Pigs PHARMACEUTICS 14 : 1 p. 109 (2022)<\/p> <\/div> <\/td> <\/tr> <tr> <td style=\"width: 36px;text-align: center\">5.<\/td> <td style=\"width: 1088px\"> <div class=\"authors\"> <p>Kerek, \u00c1d\u00e1m ; Csan\u00e1dy, P\u00e9ter ; Jerzsele, \u00c1kos: A propolisz bakt\u00e9riumellenes hat\u00e9konys\u00e1ga \u2013 1. r\u00e9sz, MAGYAR \u00c1LLATORVOSOK LAPJA 144 : 5 pp. 285-298. , 14 p. (2022)<\/p> <\/div> <\/td> <\/tr> <tr> <td style=\"width: 36px;text-align: center\">6.<\/td> <td style=\"width: 1088px\"> <div class=\"authors\"> <p>Kerek, \u00c1d\u00e1m ; T\u00f6r\u00f6k, Bence ; Jerzsele, \u00c1kos: MEGA-plate \u2013 \u00daj evol\u00faci\u00f3s \u00e9s koszelekci\u00f3s mikrobiol\u00f3giai vizsg\u00e1lati m\u00f3dszer, MAGYAR \u00c1LLATORVOSOK LAPJA 144 : 7 pp. 429-439. , 11 p. (2022)<\/p> <\/div> <\/td> <\/tr> <tr> <td style=\"width: 36px;text-align: center\">7.<\/td> <td style=\"width: 1088px\"> <div class=\"authors\"> <p>Kerek, \u00c1d\u00e1m ; Sasv\u00e1ri, M\u00e1ty\u00e1s ; Jerzsele, \u00c1kos ; Somogyi, Zolt\u00e1n ; Janov\u00e1k, L\u00e1szl\u00f3 ; Abonyi-T\u00f3th, Zsolt ; D\u00e9k\u00e1ny, Imre: Photoreactive Coating Material as an Effective and Durable Antimicrobial Composite in Reducing Bacterial Load on Surfaces in Livestock, BIOMEDICINES 10 : 9 p. 2312 (2022)<\/p> <\/div> <\/td> <\/tr> <tr> <td style=\"width: 36px;text-align: center\">8.<\/td> <td style=\"width: 1088px\"> <div class=\"authors\"> <p>Kerek \u00c1d\u00e1m; Csan\u00e1dy P\u00e9ter; Jerzsele \u00c1kos: A propolisz protozoa- \u00e9s gombaellenes hat\u00e9konys\u00e1ga : 2. r\u00e9sz : Irodalmi \u00f6sszefoglal\u00f3. Magyar \u00e1llatorvosok lapja, ISSN 0025-004X , 2022. (144. \u00e9vf.) 11. sz. 691-704. old.<\/p> <\/div> <\/td> <\/tr> <tr> <td style=\"width: 36px;text-align: center\">9.<\/td> <td style=\"width: 1088px\"> <div class=\"authors\"> <p>Pint\u00e9r Krisztina; Kerek \u00c1d\u00e1m; Magyar Tibor: A Pasteurella multocida t\u00f6rzsek antibiotikum\u00e9rz\u00e9kenys\u00e9ge, az antimikrobi\u00e1lis rezisztencia genetikai h\u00e1ttere: Irodalmi \u00f6sszefoglal\u00f3. Magyar \u00e1llatorvosok lapja, ISSN 0025-004X , 2023. (145. \u00e9vf.) 4. sz. 239-256. old.<\/p> <\/div> <\/td> <\/tr> <tr> <td style=\"width: 36px;text-align: center\">10.<\/td> <td style=\"width: 1088px\"> <div class=\"authors\"> <p>Somogyi, Zolt\u00e1n, Patrik Mag, R\u00e9ka Simon, \u00c1d\u00e1m Kerek, P\u00e1l Szab\u00f3, Ervin Albert, Imre Biksi, and \u00c1kos Jerzsele. 2023. &#8220;Pharmacokinetics and Pharmacodynamics of Florfenicol in Plasma and Synovial Fluid of Pigs at a Dose of 30 mg\/kg<sub>bw<\/sub>\u00a0Following Intramuscular Administration&#8221;\u00a0<em>Antibiotics<\/em>\u00a012, no. 4: 758. https:\/\/doi.org\/10.3390\/antibiotics12040758<\/p> <\/div> <\/td> <\/tr> <\/tbody> <\/table> <p>&nbsp;<\/p> <p style=\"text-align: center\">(Updated: January 2025)<\/p>","protected":false},"excerpt":{"rendered":"<p>Introduction Dr. \u00c1d\u00e1m Kerek was born in Gy\u00f6ngy\u00f6s and completed his grammar school studies at the Berze Nagy J\u00e1nos Grammar School. Subsequently, he was admitted to the Faculty of Agriculture and Environmental Sciences of Szent Istv\u00e1n University, where in 2010 he obtained a BSc degree in Animal Husbandry Engineering. After that, he worked for 2<\/p>\n","protected":false},"author":5824,"featured_media":0,"parent":857,"menu_order":37,"comment_status":"open","ping_status":"open","template":"","meta":{"_acf_changed":false,"footnotes":""},"categories":[],"tags":[],"class_list":["post-59820","page","type-page","status-publish","hentry"],"acf":[],"_links":{"self":[{"href":"https:\/\/univet.hu\/en\/wp-json\/wp\/v2\/pages\/59820","targetHints":{"allow":["GET"]}}],"collection":[{"href":"https:\/\/univet.hu\/en\/wp-json\/wp\/v2\/pages"}],"about":[{"href":"https:\/\/univet.hu\/en\/wp-json\/wp\/v2\/types\/page"}],"author":[{"embeddable":true,"href":"https:\/\/univet.hu\/en\/wp-json\/wp\/v2\/users\/5824"}],"replies":[{"embeddable":true,"href":"https:\/\/univet.hu\/en\/wp-json\/wp\/v2\/comments?post=59820"}],"version-history":[{"count":4,"href":"https:\/\/univet.hu\/en\/wp-json\/wp\/v2\/pages\/59820\/revisions"}],"predecessor-version":[{"id":198471,"href":"https:\/\/univet.hu\/en\/wp-json\/wp\/v2\/pages\/59820\/revisions\/198471"}],"up":[{"embeddable":true,"href":"https:\/\/univet.hu\/en\/wp-json\/wp\/v2\/pages\/857"}],"wp:attachment":[{"href":"https:\/\/univet.hu\/en\/wp-json\/wp\/v2\/media?parent=59820"}],"wp:term":[{"taxonomy":"category","embeddable":true,"href":"https:\/\/univet.hu\/en\/wp-json\/wp\/v2\/categories?post=59820"},{"taxonomy":"post_tag","embeddable":true,"href":"https:\/\/univet.hu\/en\/wp-json\/wp\/v2\/tags?post=59820"}],"curies":[{"name":"wp","href":"https:\/\/api.w.org\/{rel}","templated":true}]}}