{"id":59829,"date":"2020-11-03T15:29:37","date_gmt":"2020-11-03T14:29:37","guid":{"rendered":"https:\/\/univet.hu\/en\/about\/staff\/new-staff-member-page-3\/"},"modified":"2026-02-10T04:28:35","modified_gmt":"2026-02-10T03:28:35","slug":"szimrok-zoltan","status":"publish","type":"page","link":"https:\/\/univet.hu\/en\/about\/staff\/szimrok-zoltan\/","title":{"rendered":"Szimr\u00f3k Zolt\u00e1n"},"content":{"rendered":"<p><span style=\"font-family: impact, sans-serif;font-size: 14pt\">Introduction<\/span><\/p> <p>Zolt\u00e1n Szimr\u00f3k was born in Budapest and also completed his studies there. In 2019, he graduated from E\u00f6tv\u00f6s Lor\u00e1nd University with a master\u2019s degree in chemistry. His field of work is the development and implementation of liquid chromatography-mass spectrometry (LC-MS) measurement methods. He was accepted in the Doctoral School of the University of Veterinary Medicine Budapest.<\/p> <p>Main activities:<\/p> <ul> <li>analytical measurements<\/li> <li>liquid chromatography-mass spectrometry (LC-MS) measurements<\/li> <li>HPLC measurements<\/li> <\/ul> <p><strong>Progress<\/strong><\/p> <table style=\"border-collapse: collapse;width: 48.2932%;height: 36px\"> <tbody> <tr> <td style=\"width: 21.1019%\">2022<\/td> <td style=\"width: 78.8981%\">research assistant<\/td> <\/tr> <tr> <td style=\"width: 21.1019%\">2020<\/td> <td style=\"width: 78.8981%\">departmental engineer, chemist<\/td> <\/tr> <\/tbody> <\/table> <p><strong>Publication list (Top10)<\/strong><\/p> <table style=\"border-collapse: collapse;width: 100%;height: 120px\"> <tbody> <tr style=\"height: 72px\"> <td style=\"width: 7.53012%;height: 72px\">1.<\/td> <td style=\"width: 92.4699%;height: 72px\">Kerek, \u00c1.; Ecsedi, B.G.; Szab\u00f3, \u00c1.; Szimr\u00f3k, Z.; Paliczn\u00e9 Kust\u00e1n, B.; Jerzsele, \u00c1.; Nagy, G., \u201cStability Studies of the Dilution Seriesof Different Antibiotic Stock Solutions in Culture Medium Incubated at 37 C.\u201c Antibiotics 2024, 13, 549. https:\/\/doi.org\/10.3390\/antibiotics13060549<\/td> <\/tr> <tr style=\"height: 24px\"> <td style=\"width: 7.53012%;height: 24px\">2.<\/td> <td style=\"width: 92.4699%;height: 24px\">Fedor, Z.; Szentkir\u00e1lyi-T\u00f3th, A.; Nagy, G.; Szimr\u00f3k, Z.; Varga, E.; P\u00e1szti, A.; P\u00e1szti, Z.; Jerzsele, \u00c1.; Pilgram, O.; Steinmetzer, T.; et al. \u201cInterspecies Comparisons of the Effects of Potential Antiviral 3-Amidinophenylalanine Derivatives on Cytochrome P450 1A2 Isoenzyme. \u201c Vet. Sci. 2022, 9, 156. https:\/\/doi.org\/10.3390\/vetsci9040156<\/td> <\/tr> <tr style=\"height: 24px\"> <td style=\"width: 7.53012%;height: 24px\">3.<\/td> <td style=\"width: 92.4699%;height: 24px\">P\u00e1szti-Gere, E.; Szentkir\u00e1lyi, A.; Fedor, Z.; Nagy, G.; Szimr\u00f3k, Z.; P\u00e1szti, Z.; P\u00e1szti, A.; Pilgram, O.; Steinmetzer, T.; Bodn\u00e1rov\u00e1, S.; Flisz\u00e1r-Ny\u00fal, E.; Po\u00f3r, M., \u201cIn vitro interaction of potential antiviral TMPRSS2 inhibitors with human serum albumin and cytochrome P 450 isoenzymes. \u201c Biomedicine &amp; Pharmacotherapy, Volume 146,2022, 112513, ISSN 0753-3322, https:\/\/doi.org\/10.1016\/j.biopha.2021.112513.<\/td> <\/tr> <\/tbody> <\/table> <p>&nbsp;<\/p> <p>(Updated: January 2025)<\/p>","protected":false},"excerpt":{"rendered":"<p>Introduction Zolt\u00e1n Szimr\u00f3k was born in Budapest and also completed his studies there. In 2019, he graduated from E\u00f6tv\u00f6s Lor\u00e1nd University with a master\u2019s degree in chemistry. His field of work is the development and implementation of liquid chromatography-mass spectrometry (LC-MS) measurement methods. He was accepted in the Doctoral School of the University of Veterinary<\/p>\n","protected":false},"author":5824,"featured_media":0,"parent":857,"menu_order":37,"comment_status":"open","ping_status":"open","template":"","meta":{"_acf_changed":false,"footnotes":""},"categories":[19],"tags":[],"class_list":["post-59829","page","type-page","status-publish","hentry","category-staff"],"acf":[],"_links":{"self":[{"href":"https:\/\/univet.hu\/en\/wp-json\/wp\/v2\/pages\/59829","targetHints":{"allow":["GET"]}}],"collection":[{"href":"https:\/\/univet.hu\/en\/wp-json\/wp\/v2\/pages"}],"about":[{"href":"https:\/\/univet.hu\/en\/wp-json\/wp\/v2\/types\/page"}],"author":[{"embeddable":true,"href":"https:\/\/univet.hu\/en\/wp-json\/wp\/v2\/users\/5824"}],"replies":[{"embeddable":true,"href":"https:\/\/univet.hu\/en\/wp-json\/wp\/v2\/comments?post=59829"}],"version-history":[{"count":2,"href":"https:\/\/univet.hu\/en\/wp-json\/wp\/v2\/pages\/59829\/revisions"}],"predecessor-version":[{"id":173972,"href":"https:\/\/univet.hu\/en\/wp-json\/wp\/v2\/pages\/59829\/revisions\/173972"}],"up":[{"embeddable":true,"href":"https:\/\/univet.hu\/en\/wp-json\/wp\/v2\/pages\/857"}],"wp:attachment":[{"href":"https:\/\/univet.hu\/en\/wp-json\/wp\/v2\/media?parent=59829"}],"wp:term":[{"taxonomy":"category","embeddable":true,"href":"https:\/\/univet.hu\/en\/wp-json\/wp\/v2\/categories?post=59829"},{"taxonomy":"post_tag","embeddable":true,"href":"https:\/\/univet.hu\/en\/wp-json\/wp\/v2\/tags?post=59829"}],"curies":[{"name":"wp","href":"https:\/\/api.w.org\/{rel}","templated":true}]}}