{"id":64349,"date":"2021-05-06T15:15:17","date_gmt":"2021-05-06T13:15:17","guid":{"rendered":"https:\/\/univet.hu\/clinics\/equine\/services\/ct\/"},"modified":"2025-03-18T15:36:24","modified_gmt":"2025-03-18T14:36:24","slug":"ct","status":"publish","type":"page","link":"https:\/\/univet.hu\/en\/clinics\/equine\/services\/ct\/","title":{"rendered":"CT"},"content":{"rendered":"<p><img loading=\"lazy\" decoding=\"async\" class=\"alignnone size-medium wp-image-177132\" src=\"https:\/\/univet.hu\/wp-content\/uploads\/2025\/03\/medence-320x240.jpg\" alt=\"\" width=\"320\" height=\"240\" srcset=\"https:\/\/univet.hu\/wp-content\/uploads\/2025\/03\/medence-320x240.jpg 320w, https:\/\/univet.hu\/wp-content\/uploads\/2025\/03\/medence-960x720.jpg 960w, https:\/\/univet.hu\/wp-content\/uploads\/2025\/03\/medence-768x576.jpg 768w, https:\/\/univet.hu\/wp-content\/uploads\/2025\/03\/medence-1536x1152.jpg 1536w, https:\/\/univet.hu\/wp-content\/uploads\/2025\/03\/medence-2048x1536.jpg 2048w\" sizes=\"auto, (max-width: 320px) 100vw, 320px\" \/><img loading=\"lazy\" decoding=\"async\" class=\"alignnone size-medium wp-image-177129\" src=\"https:\/\/univet.hu\/wp-content\/uploads\/2025\/03\/hatso-240x320.jpg\" alt=\"\" width=\"240\" height=\"320\" srcset=\"https:\/\/univet.hu\/wp-content\/uploads\/2025\/03\/hatso-240x320.jpg 240w, https:\/\/univet.hu\/wp-content\/uploads\/2025\/03\/hatso-720x960.jpg 720w, https:\/\/univet.hu\/wp-content\/uploads\/2025\/03\/hatso-768x1024.jpg 768w, https:\/\/univet.hu\/wp-content\/uploads\/2025\/03\/hatso-1152x1536.jpg 1152w, https:\/\/univet.hu\/wp-content\/uploads\/2025\/03\/hatso-1536x2048.jpg 1536w, https:\/\/univet.hu\/wp-content\/uploads\/2025\/03\/hatso-scaled.jpg 1920w\" sizes=\"auto, (max-width: 240px) 100vw, 240px\" \/><img loading=\"lazy\" decoding=\"async\" class=\"alignnone size-medium wp-image-177126\" src=\"https:\/\/univet.hu\/wp-content\/uploads\/2025\/03\/fej-240x320.jpg\" alt=\"\" width=\"240\" height=\"320\" srcset=\"https:\/\/univet.hu\/wp-content\/uploads\/2025\/03\/fej-240x320.jpg 240w, https:\/\/univet.hu\/wp-content\/uploads\/2025\/03\/fej-720x960.jpg 720w, https:\/\/univet.hu\/wp-content\/uploads\/2025\/03\/fej-768x1024.jpg 768w, https:\/\/univet.hu\/wp-content\/uploads\/2025\/03\/fej-1152x1536.jpg 1152w, https:\/\/univet.hu\/wp-content\/uploads\/2025\/03\/fej-1536x2048.jpg 1536w, https:\/\/univet.hu\/wp-content\/uploads\/2025\/03\/fej-scaled.jpg 1920w\" sizes=\"auto, (max-width: 240px) 100vw, 240px\" \/><img loading=\"lazy\" decoding=\"async\" class=\"alignnone size-medium wp-image-177123\" src=\"https:\/\/univet.hu\/wp-content\/uploads\/2025\/03\/3D.png-310x320.jpg\" alt=\"\" width=\"310\" height=\"320\" srcset=\"https:\/\/univet.hu\/wp-content\/uploads\/2025\/03\/3D.png-310x320.jpg 310w, https:\/\/univet.hu\/wp-content\/uploads\/2025\/03\/3D.png.jpg 685w\" sizes=\"auto, (max-width: 310px) 100vw, 310px\" \/><\/p> <p>&nbsp;<\/p> <p>A L\u00f3gy\u00f3gy\u00e1szati Tansz\u00e9k \u00e9s Klinika a korszer\u0171 k\u00e9palkot\u00f3 diagnosztikai elj\u00e1r\u00e1sok ter\u00e9n kiemelked\u0151 eszk\u00f6zparkkal rendelkezik, melyben helyet kapott egy, kifejezetten lovak vizsg\u00e1lat\u00e1ra fejlesztett komputer tomogr\u00e1fi\u00e1s (CT) berendez\u00e9s. A hagyom\u00e1nyos k\u00e9palkot\u00f3 diagnosztikai m\u00f3dszerekkel szemben a CT-k\u00e9sz\u00fcl\u00e9k nagy felbont\u00e1s\u00fa keresztmetszeti k\u00e9peket k\u00e9sz\u00edt, lehet\u0151v\u00e9 t\u00e9ve az egyes elv\u00e1ltoz\u00e1sok pontosabb lokaliz\u00e1ci\u00f3j\u00e1t.<\/p> <p>A klinik\u00e1n tal\u00e1lhat\u00f3 CT-k\u00e9sz\u00fcl\u00e9kkel az el\u00fcls\u0151 v\u00e9gtagok (l\u00e1bt\u0151 magass\u00e1g\u00e1ig), a h\u00e1tuls\u00f3 v\u00e9gtagok (cs\u00e1nk magass\u00e1g\u00e1ig), valamint a fej \u00e9s a nyak fels\u0151 szakasza \u00e1ll\u00f3 helyzetben is vizsg\u00e1lhat\u00f3. Az \u00e1ll\u00f3 helyzet\u0171 vizsg\u00e1latok b\u00f3d\u00edt\u00e1sban t\u00f6rt\u00e9nnek, ez\u00e1ltal elker\u00fclhet\u0151k az altat\u00e1s kock\u00e1zatai. A vizsg\u00e1lat nem id\u0151ig\u00e9nyes, a l\u00f3 megfelel\u0151 poz\u00edcion\u00e1l\u00e1s\u00e1val mind\u00f6ssze p\u00e1r percet vesz ig\u00e9nybe. A berendez\u00e9s nagy \u00e1tm\u00e9r\u0151j\u00e9nek k\u00f6sz\u00f6nhet\u0151en altat\u00e1sban az egy\u00e9b testt\u00e1j\u00e9kok vizsg\u00e1lata is lehets\u00e9ges.<\/p> <p>Manaps\u00e1g a CT-vizsg\u00e1lat a l\u00f3gy\u00f3gy\u00e1szat szinte minden aspektus\u00e1ban seg\u00edts\u00e9g\u00fcnkre lehet, mint modern kieg\u00e9sz\u00edt\u0151 diagnosztikai m\u00f3dszer. Leggyakoribb alkalmaz\u00e1si ter\u00fcletei:<\/p> <p><strong>\u00a0<\/strong><\/p> <p><strong>S\u00e1ntas\u00e1g diagnosztika<\/strong><\/p> <p>Bizonyos elv\u00e1ltoz\u00e1sok, amelyek a hagyom\u00e1nyos k\u00e9palkot\u00f3 diagnosztikai m\u00f3dszerek sz\u00e1m\u00e1ra rejtve maradnak CT vizsg\u00e1lat seg\u00edts\u00e9g\u00e9vel detekt\u00e1lhat\u00f3k. Ez lehet\u0151v\u00e9 teszi a pontosabb diagn\u00f3zis fel\u00e1ll\u00edt\u00e1s\u00e1t \u00e9s a megfelel\u0151 rehabilit\u00e1ci\u00f3s protokoll l\u00e9trehoz\u00e1s\u00e1t.<\/p> <p><strong>\u00a0<\/strong><\/p> <p><strong>Fog\u00e1szat<\/strong><\/p> <p>A fej komplex anat\u00f3mi\u00e1ja miatt lovak fog\u00e1szati probl\u00e9m\u00e1inak felismer\u00e9s\u00e9ben a CT-vizsg\u00e1lat kiemelked\u0151 jelent\u0151s\u00e9ggel b\u00edr. A pontosabb vizualiz\u00e1ci\u00f3 lehet\u0151v\u00e9 teszi a k\u00f3ros folyamatok id\u0151beni felismer\u00e9s\u00e9t \u00e9s c\u00e9lzott kezel\u00e9s\u00e9t.<\/p> <p><strong>\u00a0<\/strong><\/p> <p><strong>M\u0171t\u00e9ti tervez\u00e9s<\/strong><\/p> <p>A CT-berendez\u00e9s n\u00e9lk\u00fcl\u00f6zhetetlen a prec\u00edz m\u0171t\u00e9ti tervez\u00e9s sor\u00e1n, k\u00fcl\u00f6n\u00f6sen \u00f6sszetett ortop\u00e9diai beavatkoz\u00e1sok, p\u00e9ld\u00e1ul csontt\u00f6r\u00e9sek r\u00f6gz\u00edt\u00e9se eset\u00e9n. A b\u00e1rmelyik s\u00edkban, ak\u00e1r h\u00e1romdimenzi\u00f3ban is rekonstru\u00e1lhat\u00f3 felv\u00e9telek seg\u00edtenek a m\u0171t\u00e9t l\u00e9p\u00e9seinek megtervez\u00e9s\u00e9ben, ezzel \u00a0cs\u00f6kkentve a kock\u00e1zatokat \u00e9s n\u00f6velve a beavatkoz\u00e1s sikeress\u00e9g\u00e9t.<\/p>","protected":false},"excerpt":{"rendered":"<p>&nbsp; A L\u00f3gy\u00f3gy\u00e1szati Tansz\u00e9k \u00e9s Klinika a korszer\u0171 k\u00e9palkot\u00f3 diagnosztikai elj\u00e1r\u00e1sok ter\u00e9n kiemelked\u0151 eszk\u00f6zparkkal rendelkezik, melyben helyet kapott egy, kifejezetten lovak vizsg\u00e1lat\u00e1ra fejlesztett komputer tomogr\u00e1fi\u00e1s (CT) berendez\u00e9s. A hagyom\u00e1nyos k\u00e9palkot\u00f3 diagnosztikai m\u00f3dszerekkel szemben a CT-k\u00e9sz\u00fcl\u00e9k nagy felbont\u00e1s\u00fa keresztmetszeti k\u00e9peket k\u00e9sz\u00edt, lehet\u0151v\u00e9 t\u00e9ve az egyes elv\u00e1ltoz\u00e1sok pontosabb lokaliz\u00e1ci\u00f3j\u00e1t. A klinik\u00e1n tal\u00e1lhat\u00f3 CT-k\u00e9sz\u00fcl\u00e9kkel az el\u00fcls\u0151 v\u00e9gtagok (l\u00e1bt\u0151<\/p>\n","protected":false},"author":2308,"featured_media":0,"parent":17898,"menu_order":0,"comment_status":"open","ping_status":"open","template":"","meta":{"_acf_changed":false,"footnotes":""},"categories":[],"tags":[],"class_list":["post-64349","page","type-page","status-publish","hentry"],"acf":[],"_links":{"self":[{"href":"https:\/\/univet.hu\/en\/wp-json\/wp\/v2\/pages\/64349","targetHints":{"allow":["GET"]}}],"collection":[{"href":"https:\/\/univet.hu\/en\/wp-json\/wp\/v2\/pages"}],"about":[{"href":"https:\/\/univet.hu\/en\/wp-json\/wp\/v2\/types\/page"}],"author":[{"embeddable":true,"href":"https:\/\/univet.hu\/en\/wp-json\/wp\/v2\/users\/2308"}],"replies":[{"embeddable":true,"href":"https:\/\/univet.hu\/en\/wp-json\/wp\/v2\/comments?post=64349"}],"version-history":[{"count":1,"href":"https:\/\/univet.hu\/en\/wp-json\/wp\/v2\/pages\/64349\/revisions"}],"predecessor-version":[{"id":177135,"href":"https:\/\/univet.hu\/en\/wp-json\/wp\/v2\/pages\/64349\/revisions\/177135"}],"up":[{"embeddable":true,"href":"https:\/\/univet.hu\/en\/wp-json\/wp\/v2\/pages\/17898"}],"wp:attachment":[{"href":"https:\/\/univet.hu\/en\/wp-json\/wp\/v2\/media?parent=64349"}],"wp:term":[{"taxonomy":"category","embeddable":true,"href":"https:\/\/univet.hu\/en\/wp-json\/wp\/v2\/categories?post=64349"},{"taxonomy":"post_tag","embeddable":true,"href":"https:\/\/univet.hu\/en\/wp-json\/wp\/v2\/tags?post=64349"}],"curies":[{"name":"wp","href":"https:\/\/api.w.org\/{rel}","templated":true}]}}