{"id":64350,"date":"2021-05-06T15:33:04","date_gmt":"2021-05-06T13:33:04","guid":{"rendered":"https:\/\/univet.hu\/clinics\/equine\/services\/mri\/"},"modified":"2025-03-18T15:40:44","modified_gmt":"2025-03-18T14:40:44","slug":"mri","status":"publish","type":"page","link":"https:\/\/univet.hu\/en\/clinics\/equine\/services\/mri\/","title":{"rendered":"MRI"},"content":{"rendered":"<p><img loading=\"lazy\" decoding=\"async\" class=\"alignnone size-medium wp-image-177148\" src=\"https:\/\/univet.hu\/wp-content\/uploads\/2025\/03\/MRI-ke\u0301p-honlapra-320x291.jpg\" alt=\"\" width=\"320\" height=\"291\" srcset=\"https:\/\/univet.hu\/wp-content\/uploads\/2025\/03\/MRI-ke\u0301p-honlapra-320x291.jpg 320w, https:\/\/univet.hu\/wp-content\/uploads\/2025\/03\/MRI-ke\u0301p-honlapra-960x873.jpg 960w, https:\/\/univet.hu\/wp-content\/uploads\/2025\/03\/MRI-ke\u0301p-honlapra-768x698.jpg 768w, https:\/\/univet.hu\/wp-content\/uploads\/2025\/03\/MRI-ke\u0301p-honlapra.jpg 1335w\" sizes=\"auto, (max-width: 320px) 100vw, 320px\" \/><img loading=\"lazy\" decoding=\"async\" class=\"alignnone size-medium wp-image-177145\" src=\"https:\/\/univet.hu\/wp-content\/uploads\/2025\/03\/MRI-pata-fe\u0301nyke\u0301p-honlapra-243x320.jpg\" alt=\"\" width=\"243\" height=\"320\" srcset=\"https:\/\/univet.hu\/wp-content\/uploads\/2025\/03\/MRI-pata-fe\u0301nyke\u0301p-honlapra-243x320.jpg 243w, https:\/\/univet.hu\/wp-content\/uploads\/2025\/03\/MRI-pata-fe\u0301nyke\u0301p-honlapra-730x960.jpg 730w, https:\/\/univet.hu\/wp-content\/uploads\/2025\/03\/MRI-pata-fe\u0301nyke\u0301p-honlapra-768x1010.jpg 768w, https:\/\/univet.hu\/wp-content\/uploads\/2025\/03\/MRI-pata-fe\u0301nyke\u0301p-honlapra-1168x1536.jpg 1168w, https:\/\/univet.hu\/wp-content\/uploads\/2025\/03\/MRI-pata-fe\u0301nyke\u0301p-honlapra-1557x2048.jpg 1557w, https:\/\/univet.hu\/wp-content\/uploads\/2025\/03\/MRI-pata-fe\u0301nyke\u0301p-honlapra-scaled.jpg 1947w\" sizes=\"auto, (max-width: 243px) 100vw, 243px\" \/><\/p> <p>Az MRI haszn\u00e1lata s\u00e1ntas\u00e1gvizsg\u00e1lat sor\u00e1n<\/p> <p>Mikor \u00e9rdemes MRI vizsg\u00e1latot v\u00e9gezni?<\/p> <p>A s\u00e1ntas\u00e1g korai \u00e9s pontos diagn\u00f3zisa nagyon fontos annak \u00e9rdek\u00e9ben, hogy a lehet\u0151 leghamarabb \u00e9s a legmegfelel\u0151bb kezel\u00e9st alkalmazhassuk \u00e9s a l\u00f3 mihamarabb visszat\u00e9rhessen rendszeres munk\u00e1ba, illetve versenyz\u00e9sbe.<\/p> <p>Az MRI-t \u00e9vtizedek \u00f3ta haszn\u00e1lj\u00e1k a hum\u00e1n gy\u00f3gy\u00e1szatban. A vizsg\u00e1lat a 90-es \u00e9vek v\u00e9ge \u00f3ta el\u00e9rhet\u0151 lovak sz\u00e1m\u00e1ra is \u00e9s 2007 \u00f3ta m\u00e1r \u00e1ll\u00f3 lovon is v\u00e9gezhet\u0151. Az MRI seg\u00edts\u00e9g\u00e9vel csontos \u00e9s l\u00e1gysz\u00f6veti strukt\u00far\u00e1k is vizsg\u00e1lhat\u00f3k \u00e9s eg\u00e9szen enyhe elv\u00e1ltoz\u00e1sok is felismerhet\u0151k, melyeket r\u00f6ntgennel vagy ultrahanggal nem l\u00e1tunk.<\/p> <p>Nagyon fontos, hogy a s\u00e1ntas\u00e1got a lehet\u0151 legnagyobb m\u00e9rt\u00e9kben lokaliz\u00e1ljuk diagnosztikai \u00e9rz\u00e9stelen\u00edt\u00e9ssel. MRi vizsg\u00e1latot akkor javaslunk, ha az \u00e9rintett ter\u00fclet r\u00f6ntgen- \u00e9s ultrahang vizsg\u00e1lata ut\u00e1n sem jutottunk megfelel\u0151 diagn\u00f3zishoz.<\/p> <p>Hogyan folyik az MRI vizsg\u00e1lat?<\/p> <p>A vizsg\u00e1lt \u00e9s az ellenoldali v\u00e9gtagon a patk\u00f3kat el kell t\u00e1vol\u00edtani, mert a m\u00e1gneses t\u00e9rben f\u00e9m jelenl\u00e9te, vagy ak\u00e1r k\u00f6zels\u00e9ge nagym\u00e9rt\u00e9kben rontja a felv\u00e9telek min\u0151s\u00e9g\u00e9t.<\/p> <p>Az MRI vizsg\u00e1latot \u00e1ll\u00f3, b\u00f3d\u00edtott lovon v\u00e9gezz\u00fck. El\u0151zetesen egy kan\u00fclt helyez\u00fcnk el a l\u00f3 nyaki v\u00e9n\u00e1j\u00e1ban, hogy kis d\u00f3zisok gyakori adagol\u00e1s\u00e1val megfelel\u0151 m\u00e9lys\u00e9g\u0171 b\u00f3d\u00edt\u00e1sban tarthassuk a lovat a vizsg\u00e1lat sor\u00e1n.<\/p> <p>A lovat b\u00f3d\u00edtott \u00e1llapotban vezetj\u00fck az MRI k\u00e9sz\u00fcl\u00e9k k\u00f6zel\u00e9be \u00e9s ezut\u00e1n \u00f3vatosan \u00fagy poz\u00edcion\u00e1ljuk, hogy a vizsg\u00e1land\u00f3 v\u00e9gtag az U alak\u00fa m\u00e1gnesbe ker\u00fclj\u00f6n. Ezut\u00e1n egy \u00fagynevezett tekercset helyez\u00fcnk a vizsg\u00e1land\u00f3 ter\u00fcletre.<\/p> <p>A vizsg\u00e1lat k\u00f6r\u00fclbel\u00fcl m\u00e1sf\u00e9l-k\u00e9t \u00f3r\u00e1t vesz ig\u00e9nybe, de ha nagyobb ter\u00fcletr\u0151l van sz\u00f3 vagy a l\u00f3 kev\u00e9sb\u00e9 kooperat\u00edv, el\u0151fordulhat, hogy tov\u00e1bb tart a vizsg\u00e1lat.<\/p> <p>Mi t\u00f6rt\u00e9nik a vizsg\u00e1lat ut\u00e1n?<\/p> <p>Az MRI vizsg\u00e1lat ut\u00e1n visszavezetj\u00fck a lovat egy boxba. A b\u00f3d\u00edt\u00e1s hat\u00e1sa \u00e1ltal\u00e1ban n\u00e9h\u00e1ny \u00f3r\u00e1n bel\u00fcl elm\u00falik, \u00edgy az esetek d\u00f6nt\u0151 t\u00f6bbs\u00e9g\u00e9ben a l\u00f3 m\u00e9g a vizsg\u00e1lat napj\u00e1n hazamehet.<\/p> <p>Az MRI vizsg\u00e1lat sor\u00e1n t\u00f6bb sz\u00e1z felv\u00e9tel k\u00e9sz\u00fcl, amit egy specialista k\u00e9pes\u00edt\u00e9ssel rendelkez\u0151 \u00e1llatorvos \u00e9rt\u00e9kel. Az eredm\u00e9nyt 24 \u00f3r\u00e1n bel\u00fcl elk\u00fcldj\u00fck a tulajdonosnak \u00e9s a bek\u00fcld\u0151 \u00e1llatorvosnak.<\/p> <p>A pontos diagn\u00f3zis fel\u00e1ll\u00edt\u00e1sa ut\u00e1n meg tudjuk hat\u00e1rozni a k\u00f3rj\u00f3slatot \u00e9s c\u00e9lzott kezel\u00e9st tudunk aj\u00e1nlani a legkedvez\u0151bb kimenetel \u00e9rdek\u00e9ben.<\/p> <p>&nbsp;<\/p> <p>&nbsp;<\/p>","protected":false},"excerpt":{"rendered":"<p>Az MRI haszn\u00e1lata s\u00e1ntas\u00e1gvizsg\u00e1lat sor\u00e1n Mikor \u00e9rdemes MRI vizsg\u00e1latot v\u00e9gezni? A s\u00e1ntas\u00e1g korai \u00e9s pontos diagn\u00f3zisa nagyon fontos annak \u00e9rdek\u00e9ben, hogy a lehet\u0151 leghamarabb \u00e9s a legmegfelel\u0151bb kezel\u00e9st alkalmazhassuk \u00e9s a l\u00f3 mihamarabb visszat\u00e9rhessen rendszeres munk\u00e1ba, illetve versenyz\u00e9sbe. Az MRI-t \u00e9vtizedek \u00f3ta haszn\u00e1lj\u00e1k a hum\u00e1n gy\u00f3gy\u00e1szatban. A vizsg\u00e1lat a 90-es \u00e9vek v\u00e9ge \u00f3ta el\u00e9rhet\u0151 lovak<\/p>\n","protected":false},"author":2308,"featured_media":0,"parent":17898,"menu_order":0,"comment_status":"open","ping_status":"open","template":"","meta":{"_acf_changed":false,"footnotes":""},"categories":[],"tags":[],"class_list":["post-64350","page","type-page","status-publish","hentry"],"acf":[],"_links":{"self":[{"href":"https:\/\/univet.hu\/en\/wp-json\/wp\/v2\/pages\/64350","targetHints":{"allow":["GET"]}}],"collection":[{"href":"https:\/\/univet.hu\/en\/wp-json\/wp\/v2\/pages"}],"about":[{"href":"https:\/\/univet.hu\/en\/wp-json\/wp\/v2\/types\/page"}],"author":[{"embeddable":true,"href":"https:\/\/univet.hu\/en\/wp-json\/wp\/v2\/users\/2308"}],"replies":[{"embeddable":true,"href":"https:\/\/univet.hu\/en\/wp-json\/wp\/v2\/comments?post=64350"}],"version-history":[{"count":1,"href":"https:\/\/univet.hu\/en\/wp-json\/wp\/v2\/pages\/64350\/revisions"}],"predecessor-version":[{"id":177152,"href":"https:\/\/univet.hu\/en\/wp-json\/wp\/v2\/pages\/64350\/revisions\/177152"}],"up":[{"embeddable":true,"href":"https:\/\/univet.hu\/en\/wp-json\/wp\/v2\/pages\/17898"}],"wp:attachment":[{"href":"https:\/\/univet.hu\/en\/wp-json\/wp\/v2\/media?parent=64350"}],"wp:term":[{"taxonomy":"category","embeddable":true,"href":"https:\/\/univet.hu\/en\/wp-json\/wp\/v2\/categories?post=64350"},{"taxonomy":"post_tag","embeddable":true,"href":"https:\/\/univet.hu\/en\/wp-json\/wp\/v2\/tags?post=64350"}],"curies":[{"name":"wp","href":"https:\/\/api.w.org\/{rel}","templated":true}]}}