{"id":66299,"date":"2021-07-19T11:42:36","date_gmt":"2021-07-19T09:42:36","guid":{"rendered":"https:\/\/univet.hu\/?page_id=66299"},"modified":"2026-02-10T04:28:41","modified_gmt":"2026-02-10T03:28:41","slug":"tenk-miklos","status":"publish","type":"page","link":"https:\/\/univet.hu\/en\/about\/staff\/tenk-miklos\/","title":{"rendered":"Tenk Mikl\u00f3s"},"content":{"rendered":"<p><strong>\u00a0\u00a0 \u00a0 \u00a0 \u00a0 \u00a0 \u00a0 \u00a0 \u00a0 \u00a0 \u00a0 \u00a0 \u00a0 \u00a0 \u00a0 \u00a0 \u00a0 \u00a0 \u00a0 \u00a0 \u00a0 \u00a0 \u00a0 \u00a0 \u00a0 \u00a0 \u00a0 \u00a0 \u00a0 \u00a0 \u00a0 \u00a0 \u00a0 \u00a0 \u00a0 \u00a0 \u00a0 \u00a0 \u00a0 \u00a0 \u00a0 \u00a0 \u00a0 \u00a0 \u00a0 \u00a0 \u00a0 \u00a0\u00a0 <span style=\"font-size: 14pt\">Introduction<\/span><\/strong><\/p> <p>Dr. Mikl\u00f3s Tenk received his diploma at the University of Veterinary Medicine in 1993. After graduation, he was employed at the Department of Obstetrics and Reproductive Biology, and in 1995 he started working at the National Institute of Animal Health, where he mastered the diagnostic methods of many specialties. His workplace became the Department of Bacteriology, where he mainly worked with Mycoplasmas in addition to routine diagnostics.<\/p> <p>He completed his PhD work at the Veterinary Research Institute of the Hungarian Academy of Sciences. He obtained his doctorate in 2005 with his thesis &#8220;Examination of Mycoplasma bovis infection in cattle&#8221;.<\/p> <p>He was hired at Ceva-Phylaxia in 2006 as an R+D team leader, where his main task was the management and supervision of the development of bacteriological vaccines, planning and technical implementation of bacteriological R&amp;D projects.<\/p> <p>He worked as an R&amp;D manager at Mikrolab Laborat\u00f3riumi Kft. between September 1, 2020 and June 30, 2021.<\/p> <p>He heads the Department of Epidemiology and Microbiology of the University of Veterinary Medicine from July 1, 2021.<\/p> <p><strong>Main research areas:<\/strong><\/p> <ul> <li>Mycoplasmosis of ruminants, pigs and poultry<\/li> <li>Salmonellosis of poultry and pigs<\/li> <li>Bacterial respiratory diseases of pigs<\/li> <li>Vaccine development<\/li> <\/ul> <p><b>Progress<\/b><\/p> <table style=\"height: 218px\" width=\"981\"> <tbody> <tr style=\"height: 26px\"> <td style=\"width: 132.067px;text-align: center;height: 26px\"><b>Workplaces<\/b><\/td> <td style=\"width: 665px;text-align: center;height: 26px\"><b>Name of institution<\/b><\/td> <td style=\"width: 163.533px;text-align: center;height: 26px\"><b>Post<\/b><\/td> <\/tr> <tr style=\"height: 26px\"> <td style=\"width: 132.067px;height: 26px;text-align: center\">2021.07.01.<\/td> <td style=\"width: 665px;height: 26px;text-align: center\">\u00c1llatorvostudom\u00e1nyi Egyetem, J\u00e1rv\u00e1nytani \u00e9s Mikrobiol\u00f3giai Tansz\u00e9k<\/td> <td style=\"width: 163.533px;height: 26px;text-align: center\">Head of department<\/td> <\/tr> <tr style=\"height: 26px\"> <td style=\"width: 132.067px;height: 26px;text-align: center\">2020.09.-2021.06.<\/td> <td style=\"width: 665px;height: 26px;text-align: center\">Mikrolab Kft.<\/td> <td style=\"width: 163.533px;height: 26px;text-align: center\">R&amp;D manager<\/td> <\/tr> <tr style=\"height: 26px\"> <td style=\"width: 132.067px;height: 26px;text-align: center\">2016\u20132020<\/td> <td style=\"width: 665px;height: 26px;text-align: center\"> <p>Ceva-Phylaxia Zrt.<\/p> <p>Glob\u00e1lis Biol\u00f3giai Kutat\u00e1s-Fejleszt\u00e9s<\/td> <td style=\"width: 163.533px;height: 26px;text-align: center\">Bacteriological Integrated Development Unit Manager<\/td> <\/tr> <tr style=\"height: 26px\"> <td style=\"width: 132.067px;height: 26px;text-align: center\">2008-2016<\/td> <td style=\"width: 665px;height: 26px;text-align: center\"> <p>Ceva-Phylaxia Zrt.<\/p> <p>Glob\u00e1lis Biol\u00f3giai Kutat\u00e1s-Fejleszt\u00e9s<\/td> <td style=\"width: 163.533px;height: 26px;text-align: center\">Head of Bacteriological Integrated Development Unit<\/td> <\/tr> <tr style=\"height: 26px\"> <td style=\"width: 132.067px;height: 26px;text-align: center\">2006-2008<\/td> <td style=\"width: 665px;height: 26px;text-align: center\"> <p>Ceva-Phylaxia Zrt.<\/p> <p>Glob\u00e1lis Biol\u00f3giai Kutat\u00e1s-Fejleszt\u00e9s<\/td> <td style=\"width: 163.533px;height: 26px;text-align: center\">Bacteriological Laboratory Manager<\/td> <\/tr> <tr style=\"height: 26px\"> <td style=\"width: 132.067px;height: 26px;text-align: center\">1998-2001<\/td> <td style=\"width: 665px;height: 26px;text-align: center\"> <table style=\"height: 56px\" width=\"665\"> <tbody> <tr style=\"height: 56px\"> <td style=\"height: 56px;width: 655.8px\">MTA \u00c1llatorvostudom\u00e1nyi Kutat\u00f3int\u00e9zete<\/td> <\/tr> <\/tbody> <\/table> <\/td> <td style=\"width: 163.533px;height: 26px;text-align: center\">PhD student<\/td> <\/tr> <tr style=\"height: 10px\"> <td style=\"width: 132.067px;height: 10px;text-align: center\">1995-2006<\/td> <td style=\"width: 665px;height: 10px;text-align: center\">Orsz\u00e1gos \u00c1llateg\u00e9szs\u00e9g\u00fcgyi Int\u00e9zet<\/td> <td style=\"width: 163.533px;height: 10px;text-align: center\">Laboratory veterinarian, bacteriologist<\/td> <\/tr> <tr style=\"height: 26px\"> <td style=\"width: 132.067px;height: 26px;text-align: center\">1993-1994<\/td> <td style=\"width: 665px;height: 26px;text-align: center\">\u00c1llatorvostudom\u00e1nyi Egyetem, Sz\u00fcl\u00e9szeti \u00e9s Szaporod\u00e1sbiol\u00f3giai Tansz\u00e9k<\/td> <td style=\"width: 163.533px;height: 26px;text-align: center\">Intern, department veterinarian<\/td> <\/tr> <\/tbody> <\/table> <p><strong>Professional organization membership<\/strong><\/p> <p>&nbsp;<\/p> <table style=\"height: 209px;width: 970px\" width=\"500\"> <tbody> <tr style=\"height: 25px\"> <td style=\"width: 525.783px;text-align: center;height: 25px\"><strong>Committee name<\/strong><\/td> <td style=\"width: 129.633px;text-align: center;height: 25px\"><b>Time<\/b><\/td> <td style=\"width: 294.183px;text-align: center;height: 25px\"><b>Rank<\/b><\/td> <\/tr> <tr style=\"height: 25px\"> <td style=\"width: 525.783px;text-align: center;height: 25px\">EAPHM (European Association for Porcine Health Management)<\/td> <td style=\"width: 129.633px;text-align: center;height: 25px\">2014<\/td> <td style=\"width: 294.183px;text-align: center;height: 25px\">member<\/td> <\/tr> <tr style=\"height: 25px\"> <td style=\"width: 525.783px;text-align: center;height: 25px\">Magyar Baromfieg\u00e9szs\u00e9g\u00fcgyi T\u00e1rsas\u00e1g<\/td> <td style=\"width: 129.633px;text-align: center;height: 25px\">1996<\/td> <td style=\"width: 294.183px;text-align: center;height: 25px\">member<\/td> <\/tr> <tr style=\"height: 25px\"> <td style=\"width: 525.783px;text-align: center;height: 25px\">REA<\/td> <td style=\"width: 129.633px;text-align: center;height: 25px\">2013<\/td> <td style=\"width: 294.183px;text-align: center;height: 25px\">expert<\/td> <\/tr> <tr style=\"height: 25px\"> <td style=\"width: 525.783px;height: 25px\"><\/td> <td style=\"width: 129.633px;height: 25px\"><\/td> <td style=\"width: 294.183px;height: 25px\"><\/td> <\/tr> <\/tbody> <\/table> <p>&nbsp;<\/p> <p><strong>Number of thesis\/TDK students to date:<\/strong><\/p> <p><strong>\u00a0\u00a0\u00a0\u00a0\u00a0\u00a0\u00a0\u00a0\u00a0\u00a0\u00a0\u00a0\u00a0\u00a0\u00a0\u00a0\u00a0\u00a0\u00a0\u00a0\u00a0\u00a0\u00a0\u00a0\u00a0\u00a0\u00a0\u00a0\u00a0\u00a0\u00a0\u00a0\u00a0\u00a0\u00a0\u00a0\u00a0\u00a0\u00a0\u00a0\u00a0\u00a0\u00a0\u00a0\u00a0\u00a0\u00a0\u00a0\u00a0\u00a0\u00a0\u00a0\u00a0\u00a0\u00a0\u00a0\u00a0\u00a0\u00a0\u00a0\u00a0\u00a0\u00a0\u00a0\u00a0\u00a0\u00a0 Publication list (Top10)<\/strong><\/p> <p>MTMT:\u00a0 <a href=\"https:\/\/m2.mtmt.hu\/gui2\/?type=authors&amp;mode=browse&amp;sel=10023011\">https:\/\/m2.mtmt.hu\/gui2\/?type=authors&amp;mode=browse&amp;sel=10023011<\/a><\/p> <p><strong>Patent<\/strong><\/p> <p>Thevenon, J\u00e9r\u00f4me, Mis\u00e1k Ferenc, <a href=\"https:\/\/m2.mtmt.hu\/api\/author\/10023011\">Tenk Mikl\u00f3s<\/a>: NOVEL <a href=\"https:\/\/m2.mtmt.hu\/api\/publication\/31877577\">VETERINARY VACCINE<\/a>. US2015174240A1, USA Patent<\/p> <p>&nbsp;<\/p>","protected":false},"excerpt":{"rendered":"<p>\u00a0\u00a0 \u00a0 \u00a0 \u00a0 \u00a0 \u00a0 \u00a0 \u00a0 \u00a0 \u00a0 \u00a0 \u00a0 \u00a0 \u00a0 \u00a0 \u00a0 \u00a0 \u00a0 \u00a0 \u00a0 \u00a0 \u00a0 \u00a0 \u00a0 \u00a0 \u00a0 \u00a0 \u00a0 \u00a0 \u00a0 \u00a0 \u00a0 \u00a0 \u00a0 \u00a0 \u00a0 \u00a0 \u00a0 \u00a0 \u00a0 \u00a0 \u00a0 \u00a0 \u00a0 \u00a0 \u00a0 \u00a0\u00a0 Introduction Dr. Mikl\u00f3s Tenk received his diploma at<\/p>\n","protected":false},"author":5824,"featured_media":0,"parent":857,"menu_order":37,"comment_status":"closed","ping_status":"closed","template":"","meta":{"_acf_changed":false,"footnotes":""},"categories":[19],"tags":[],"class_list":["post-66299","page","type-page","status-publish","hentry","category-staff"],"acf":[],"_links":{"self":[{"href":"https:\/\/univet.hu\/en\/wp-json\/wp\/v2\/pages\/66299","targetHints":{"allow":["GET"]}}],"collection":[{"href":"https:\/\/univet.hu\/en\/wp-json\/wp\/v2\/pages"}],"about":[{"href":"https:\/\/univet.hu\/en\/wp-json\/wp\/v2\/types\/page"}],"author":[{"embeddable":true,"href":"https:\/\/univet.hu\/en\/wp-json\/wp\/v2\/users\/5824"}],"replies":[{"embeddable":true,"href":"https:\/\/univet.hu\/en\/wp-json\/wp\/v2\/comments?post=66299"}],"version-history":[{"count":1,"href":"https:\/\/univet.hu\/en\/wp-json\/wp\/v2\/pages\/66299\/revisions"}],"predecessor-version":[{"id":182062,"href":"https:\/\/univet.hu\/en\/wp-json\/wp\/v2\/pages\/66299\/revisions\/182062"}],"up":[{"embeddable":true,"href":"https:\/\/univet.hu\/en\/wp-json\/wp\/v2\/pages\/857"}],"wp:attachment":[{"href":"https:\/\/univet.hu\/en\/wp-json\/wp\/v2\/media?parent=66299"}],"wp:term":[{"taxonomy":"category","embeddable":true,"href":"https:\/\/univet.hu\/en\/wp-json\/wp\/v2\/categories?post=66299"},{"taxonomy":"post_tag","embeddable":true,"href":"https:\/\/univet.hu\/en\/wp-json\/wp\/v2\/tags?post=66299"}],"curies":[{"name":"wp","href":"https:\/\/api.w.org\/{rel}","templated":true}]}}