{"id":67560,"date":"2021-09-02T17:29:31","date_gmt":"2021-09-02T15:29:31","guid":{"rendered":"https:\/\/univet.hu\/en\/about\/staff\/new-staff-member-page-3\/"},"modified":"2026-02-10T04:28:47","modified_gmt":"2026-02-10T03:28:47","slug":"bardos-krisztina","status":"publish","type":"page","link":"https:\/\/univet.hu\/en\/about\/staff\/bardos-krisztina\/","title":{"rendered":"B\u00e1rdos Krisztina"},"content":{"rendered":"<p style=\"text-align: center\"><span style=\"font-size: 14pt\"><strong>Introduction<\/strong><\/span><\/p> <p>Krisztina B\u00e1rdos is research fellow at the Department of Veterinary Forensics and Economics of the University of Veterinary Medicine Budapest (UVMB). She received her veterinary degree and a postgraduate qualification in veterinary management from the University of Veterinary Medicine, Budapest, and a second degree in marketing management from the College of Modern Business.<\/p> <p>After graduating, she worked as a hospital veterinarian for a decade. After obtaining her second degree, she worked for 14 years as an expert in the field of veterinary diagnostics and as a commercial manager. She gained administrative experience in various positions in regional and central governmental bodies.<\/p> <p><strong>Main research areas:<\/strong><\/p> <ul> <li>State veterinary medicine<\/li> <li>Veterinary practice management<\/li> <\/ul> <p><strong>Publication list (Top10)<\/strong><\/p> <p>Majer J\u00f3zsef, Horny\u00e1k \u00c1kos, \u00d3zsv\u00e1ri L\u00e1szl\u00f3, B\u00e1rdos Krisztina, Szab\u00e1ra \u00c1gnes: <strong>Nagy l\u00e9tsz\u00e1m\u00fa tejel\u0151 szarvasmarha-\u00e1llom\u00e1ny fert\u0151z\u0151d\u00e9se BVD-v\u00edrussal legeltet\u00e9s sor\u00e1n<\/strong>, Magyar \u00e1llatorvosok lapja 136. \u00e9vf. 5. sz. 277-285. (2014)<\/p> <p>&nbsp;<\/p>","protected":false},"excerpt":{"rendered":"<p>Introduction Krisztina B\u00e1rdos is research fellow at the Department of Veterinary Forensics and Economics of the University of Veterinary Medicine Budapest (UVMB). She received her veterinary degree and a postgraduate qualification in veterinary management from the University of Veterinary Medicine, Budapest, and a second degree in marketing management from the College of Modern Business. After<\/p>\n","protected":false},"author":5824,"featured_media":0,"parent":857,"menu_order":38,"comment_status":"open","ping_status":"open","template":"","meta":{"_acf_changed":false,"footnotes":""},"categories":[],"tags":[],"class_list":["post-67560","page","type-page","status-publish","hentry"],"acf":[],"_links":{"self":[{"href":"https:\/\/univet.hu\/en\/wp-json\/wp\/v2\/pages\/67560","targetHints":{"allow":["GET"]}}],"collection":[{"href":"https:\/\/univet.hu\/en\/wp-json\/wp\/v2\/pages"}],"about":[{"href":"https:\/\/univet.hu\/en\/wp-json\/wp\/v2\/types\/page"}],"author":[{"embeddable":true,"href":"https:\/\/univet.hu\/en\/wp-json\/wp\/v2\/users\/5824"}],"replies":[{"embeddable":true,"href":"https:\/\/univet.hu\/en\/wp-json\/wp\/v2\/comments?post=67560"}],"version-history":[{"count":1,"href":"https:\/\/univet.hu\/en\/wp-json\/wp\/v2\/pages\/67560\/revisions"}],"predecessor-version":[{"id":176855,"href":"https:\/\/univet.hu\/en\/wp-json\/wp\/v2\/pages\/67560\/revisions\/176855"}],"up":[{"embeddable":true,"href":"https:\/\/univet.hu\/en\/wp-json\/wp\/v2\/pages\/857"}],"wp:attachment":[{"href":"https:\/\/univet.hu\/en\/wp-json\/wp\/v2\/media?parent=67560"}],"wp:term":[{"taxonomy":"category","embeddable":true,"href":"https:\/\/univet.hu\/en\/wp-json\/wp\/v2\/categories?post=67560"},{"taxonomy":"post_tag","embeddable":true,"href":"https:\/\/univet.hu\/en\/wp-json\/wp\/v2\/tags?post=67560"}],"curies":[{"name":"wp","href":"https:\/\/api.w.org\/{rel}","templated":true}]}}