{"id":68289,"date":"2021-09-16T08:36:39","date_gmt":"2021-09-16T06:36:39","guid":{"rendered":"https:\/\/univet.hu\/?page_id=68289"},"modified":"2022-04-02T16:48:05","modified_gmt":"2022-04-02T14:48:05","slug":"cardiology","status":"publish","type":"page","link":"https:\/\/univet.hu\/en\/education\/courses\/cardiology\/","title":{"rendered":"Physiological bases of cardiology"},"content":{"rendered":"<table> <tbody> <tr> <td style=\"width: 116.433px\"><strong>Prerequisites:<\/strong><\/td> <td style=\"width: 265.317px\">&#8211;<\/td> <\/tr> <tr> <td style=\"width: 116.433px\"><strong>Lecturer:<\/strong><\/td> <td style=\"width: 265.317px\"> <p>L\u00e1szl\u00f3 V. Freny\u00f3 DVM, PhD<\/p> <p>Istv\u00e1n T\u00f3th DVM, PhD<\/td> <\/tr> <tr> <td style=\"width: 116.433px\"><strong>Topics:<\/strong><\/td> <td style=\"width: 265.317px\">Electrophysiology of the heart muscle<br \/> Transmitters affecting heart function<br \/> Experimental methods in cardiology<br \/> Cardiac mechanics<\/td> <\/tr> <tr> <td style=\"width: 116.433px\"><strong>Examination:<\/strong><\/td> <td style=\"width: 265.317px\">written test<\/td> <\/tr> <tr> <td style=\"width: 116.433px\"><strong>Grading:<\/strong><\/td> <td style=\"width: 265.317px\">Marks from 1 to 5<\/td> <\/tr> <\/tbody> <\/table> <p>The web based material is available for all students signed up via neptun\u00a0in the e-learning system of the university (elearning.univet.hu).<\/p> <p>&nbsp;<\/p> <p>&nbsp;<\/p>","protected":false},"excerpt":{"rendered":"<p>Prerequisites: &#8211; Lecturer: L\u00e1szl\u00f3 V. Freny\u00f3 DVM, PhD Istv\u00e1n T\u00f3th DVM, PhD Topics: Electrophysiology of the heart muscle Transmitters affecting heart function Experimental methods in cardiology Cardiac mechanics Examination: written test Grading: Marks from 1 to 5 The web based material is available for all students signed up via neptun\u00a0in the e-learning system of the<\/p>\n","protected":false},"author":3837,"featured_media":0,"parent":676,"menu_order":112,"comment_status":"closed","ping_status":"closed","template":"","meta":{"_acf_changed":false,"footnotes":""},"categories":[21],"tags":[],"class_list":["post-68289","page","type-page","status-publish","hentry","category-courses"],"acf":[],"_links":{"self":[{"href":"https:\/\/univet.hu\/en\/wp-json\/wp\/v2\/pages\/68289","targetHints":{"allow":["GET"]}}],"collection":[{"href":"https:\/\/univet.hu\/en\/wp-json\/wp\/v2\/pages"}],"about":[{"href":"https:\/\/univet.hu\/en\/wp-json\/wp\/v2\/types\/page"}],"author":[{"embeddable":true,"href":"https:\/\/univet.hu\/en\/wp-json\/wp\/v2\/users\/3837"}],"replies":[{"embeddable":true,"href":"https:\/\/univet.hu\/en\/wp-json\/wp\/v2\/comments?post=68289"}],"version-history":[{"count":1,"href":"https:\/\/univet.hu\/en\/wp-json\/wp\/v2\/pages\/68289\/revisions"}],"predecessor-version":[{"id":174591,"href":"https:\/\/univet.hu\/en\/wp-json\/wp\/v2\/pages\/68289\/revisions\/174591"}],"up":[{"embeddable":true,"href":"https:\/\/univet.hu\/en\/wp-json\/wp\/v2\/pages\/676"}],"wp:attachment":[{"href":"https:\/\/univet.hu\/en\/wp-json\/wp\/v2\/media?parent=68289"}],"wp:term":[{"taxonomy":"category","embeddable":true,"href":"https:\/\/univet.hu\/en\/wp-json\/wp\/v2\/categories?post=68289"},{"taxonomy":"post_tag","embeddable":true,"href":"https:\/\/univet.hu\/en\/wp-json\/wp\/v2\/tags?post=68289"}],"curies":[{"name":"wp","href":"https:\/\/api.w.org\/{rel}","templated":true}]}}