{"id":685,"date":"2018-07-16T15:31:00","date_gmt":"2017-12-13T08:45:00","guid":{"rendered":"http:\/\/univet.hu\/education\/postgraduate-training\/availability\/"},"modified":"2023-09-21T16:03:03","modified_gmt":"2023-09-21T14:03:03","slug":"availability","status":"publish","type":"page","link":"https:\/\/univet.hu\/en\/education\/postgraduate-training\/availability\/","title":{"rendered":"Availability"},"content":{"rendered":"<p>&nbsp;<\/p> <h5><strong>Students&#8217; secretariat &#8211; Secretariat for Postgraduate training<\/strong><\/h5> <p><strong>Office hours:<\/strong> Monday \u2013 Thursday: 7:30-16:00<\/p> <p>Friday: 7:30-13:30<\/p> <p><strong>Address:<\/strong> Hungary,<strong>\u00a0<\/strong>1078 Budapest, 2 Istv\u00e1n St., Building <strong>\u201eN\u201d III\/331.<\/strong><\/p> <p><strong>Phone:<\/strong> +36 (1) \u2013 478 \u2013 4100 \/ 8880, 8883<\/p> <p><strong>E-mail:<\/strong> <a class=\"decrypt\" rel=\"benjo\/ullAvojwfu\/iv\" href=\"javascript:void(0);\">[Click to see email]<\/a><\/p> <p><strong>Facebook<\/strong>:\u00a0<a href=\"https:\/\/www.facebook.com\/TKKvet\/\">https:\/\/www.facebook.com\/TKKvet\/<\/a><\/p> <p>&nbsp;<\/p> <h5><strong>Staff:<\/strong><\/h5> <p><a href=\"https:\/\/univet.hu\/en\/about\/staff\/ozsvari-laszlo\/ozsvari-2\/\" rel=\"attachment wp-att-70631\"><img loading=\"lazy\" decoding=\"async\" class=\"alignleft size-full wp-image-70631\" src=\"https:\/\/univet.hu\/wp-content\/uploads\/2022\/01\/Ozsvari.jpg\" alt=\"\" width=\"200\" height=\"200\" \/><\/a><\/p> <p><strong>Dr. \u00d3ZSV\u00c1RI L\u00e1szl\u00f3\u00a0<\/strong>(<a class=\"decrypt\" rel=\"p{twbsj\/mbt{mpAvojwfu\/iv\" href=\"javascript:void(0);\">[Click to see email]<\/a>)\u00a0Vice-rector for study affairs, associate professor<\/p> <p>&nbsp;<\/p> <p>&nbsp;<\/p> <p>&nbsp;<\/p> <p>&nbsp;<\/p> <p>&nbsp;<\/p> <p>&nbsp;<\/p> <p><strong>Dr. GYURCS\u00d3 Adrienn <\/strong>(<a class=\"decrypt\" rel=\"hzvsdtp\/besjfooAvojwfu\/iv\" href=\"javascript:void(0);\">[Click to see email]<\/a>)\u00a0Director of Postgraduate Education<\/p> <p>&nbsp;<\/p> <p>&nbsp;<\/p> <p>&nbsp;<\/p> <p>&nbsp;<\/p> <p>&nbsp;<\/p> <p>&nbsp;<\/p>","protected":false},"excerpt":{"rendered":"<p>&nbsp; Students&#8217; secretariat &#8211; Secretariat for Postgraduate training Office hours: Monday \u2013 Thursday: 7:30-16:00 Friday: 7:30-13:30 Address: Hungary,\u00a01078 Budapest, 2 Istv\u00e1n St., Building \u201eN\u201d III\/331. Phone: +36 (1) \u2013 478 \u2013 4100 \/ 8880, 8883 E-mail: [Click to see email] Facebook:\u00a0https:\/\/www.facebook.com\/TKKvet\/ &nbsp; Staff: Dr. \u00d3ZSV\u00c1RI L\u00e1szl\u00f3\u00a0([Click to see email])\u00a0Vice-rector for study affairs, associate professor &nbsp;<\/p>\n","protected":false},"author":1,"featured_media":0,"parent":679,"menu_order":228,"comment_status":"closed","ping_status":"closed","template":"","meta":{"_acf_changed":false,"footnotes":""},"categories":[],"tags":[],"class_list":["post-685","page","type-page","status-publish","hentry"],"acf":[],"_links":{"self":[{"href":"https:\/\/univet.hu\/en\/wp-json\/wp\/v2\/pages\/685","targetHints":{"allow":["GET"]}}],"collection":[{"href":"https:\/\/univet.hu\/en\/wp-json\/wp\/v2\/pages"}],"about":[{"href":"https:\/\/univet.hu\/en\/wp-json\/wp\/v2\/types\/page"}],"author":[{"embeddable":true,"href":"https:\/\/univet.hu\/en\/wp-json\/wp\/v2\/users\/1"}],"replies":[{"embeddable":true,"href":"https:\/\/univet.hu\/en\/wp-json\/wp\/v2\/comments?post=685"}],"version-history":[{"count":0,"href":"https:\/\/univet.hu\/en\/wp-json\/wp\/v2\/pages\/685\/revisions"}],"up":[{"embeddable":true,"href":"https:\/\/univet.hu\/en\/wp-json\/wp\/v2\/pages\/679"}],"wp:attachment":[{"href":"https:\/\/univet.hu\/en\/wp-json\/wp\/v2\/media?parent=685"}],"wp:term":[{"taxonomy":"category","embeddable":true,"href":"https:\/\/univet.hu\/en\/wp-json\/wp\/v2\/categories?post=685"},{"taxonomy":"post_tag","embeddable":true,"href":"https:\/\/univet.hu\/en\/wp-json\/wp\/v2\/tags?post=685"}],"curies":[{"name":"wp","href":"https:\/\/api.w.org\/{rel}","templated":true}]}}