{"id":68615,"date":"2021-09-28T12:57:36","date_gmt":"2021-09-28T10:57:36","guid":{"rendered":"https:\/\/univet.hu\/en\/hungercontrolsaging\/name\/"},"modified":"2023-02-28T19:04:31","modified_gmt":"2023-02-28T18:04:31","slug":"group","status":"publish","type":"page","link":"https:\/\/univet.hu\/en\/hungercontrolsaging\/group\/","title":{"rendered":"Group"},"content":{"rendered":"<p>&nbsp;<\/p> <p><strong>Scientists:<\/strong><\/p> <p><strong>Prof. Tamas Horvath &#8211; co-PI<\/strong><\/p> <p><strong>Dr. Bence Racz &#8211; co-PI<\/strong><\/p> <p>Prof. P\u00e9ter S\u00f3tonyi<\/p> <p>Dr. Ferenc M\u00e1ty\u00e1s<\/p> <p>Dr. Bogl\u00e1rka Barsy<\/p> <p>Dr. M\u00e1ty\u00e1s Kapiller<\/p> <p>Zita K\u00f3rody<\/p> <p>&nbsp;<\/p> <p><strong>Research Assistants<\/strong><\/p> <p>Lilla D\u00e9nes<\/p> <p>Ren\u00e1ta Pop<\/p> <p>Eszter Danil\u00f3<\/p> <p>&nbsp;<\/p> <p><strong>Students<\/strong><\/p> <p>Eszter Balk\u00f3<\/p> <p>D\u00f3ri Kov\u00e1cs<\/p>","protected":false},"excerpt":{"rendered":"<p>&nbsp; Scientists: Prof. Tamas Horvath &#8211; co-PI Dr. Bence Racz &#8211; co-PI Prof. P\u00e9ter S\u00f3tonyi Dr. Ferenc M\u00e1ty\u00e1s Dr. Bogl\u00e1rka Barsy Dr. M\u00e1ty\u00e1s Kapiller Zita K\u00f3rody &nbsp; Research Assistants Lilla D\u00e9nes Ren\u00e1ta Pop Eszter Danil\u00f3 &nbsp; Students Eszter Balk\u00f3 D\u00f3ri Kov\u00e1cs<\/p>\n","protected":false},"author":2518,"featured_media":0,"parent":68613,"menu_order":0,"comment_status":"open","ping_status":"open","template":"","meta":{"_acf_changed":false,"footnotes":""},"categories":[],"tags":[],"class_list":["post-68615","page","type-page","status-publish","hentry"],"acf":[],"_links":{"self":[{"href":"https:\/\/univet.hu\/en\/wp-json\/wp\/v2\/pages\/68615","targetHints":{"allow":["GET"]}}],"collection":[{"href":"https:\/\/univet.hu\/en\/wp-json\/wp\/v2\/pages"}],"about":[{"href":"https:\/\/univet.hu\/en\/wp-json\/wp\/v2\/types\/page"}],"author":[{"embeddable":true,"href":"https:\/\/univet.hu\/en\/wp-json\/wp\/v2\/users\/2518"}],"replies":[{"embeddable":true,"href":"https:\/\/univet.hu\/en\/wp-json\/wp\/v2\/comments?post=68615"}],"version-history":[{"count":0,"href":"https:\/\/univet.hu\/en\/wp-json\/wp\/v2\/pages\/68615\/revisions"}],"up":[{"embeddable":true,"href":"https:\/\/univet.hu\/en\/wp-json\/wp\/v2\/pages\/68613"}],"wp:attachment":[{"href":"https:\/\/univet.hu\/en\/wp-json\/wp\/v2\/media?parent=68615"}],"wp:term":[{"taxonomy":"category","embeddable":true,"href":"https:\/\/univet.hu\/en\/wp-json\/wp\/v2\/categories?post=68615"},{"taxonomy":"post_tag","embeddable":true,"href":"https:\/\/univet.hu\/en\/wp-json\/wp\/v2\/tags?post=68615"}],"curies":[{"name":"wp","href":"https:\/\/api.w.org\/{rel}","templated":true}]}}