{"id":68757,"date":"2021-10-04T12:07:35","date_gmt":"2021-10-04T10:07:35","guid":{"rendered":"https:\/\/univet.hu\/en\/education\/students-secretariat\/name-2\/"},"modified":"2026-03-30T09:07:24","modified_gmt":"2026-03-30T07:07:24","slug":"bus-information-and-schedule-towards-ullo-large-animal-clinic","status":"publish","type":"page","link":"https:\/\/univet.hu\/en\/education\/students-secretariat\/downloads-forms-tutorials-faq\/bus-information-and-schedule-towards-ullo-large-animal-clinic\/","title":{"rendered":"Bus information and schedule towards \u00dcll\u0151, Large Animal Clinic"},"content":{"rendered":"<p><strong>Schedule for the university bus service: <\/strong><\/p> <p><a href=\"https:\/\/univet.hu\/wp-content\/uploads\/2025\/08\/buszmenetrend-2025-osz_VEGLEGES.pdf\">Bus timetable from Istv\u00e1n utca to \u00dcll\u0151, clinic 2025_26_1<\/a><\/p> <p><a href=\"https:\/\/univet.hu\/wp-content\/uploads\/2025\/08\/hetvegi-unnepnapi-buszmenetrend-2025-osz_VEGLEGES.pdf\">Weekend bus timetable \u00dcll\u0151 railway station &#8211; \u00dcll\u0151 clinic 2025_26_1<\/a><\/p> <p>&nbsp;<\/p> <p><strong>Sign-up links for the bus ride:<\/strong><\/p> <p><span style=\"color: #ff0000\">Bus sign up always from Monday 9.00 AM till Friday 12.00 PM noon.<\/span><\/p> <p><strong>!\u00a0If someone misses the deadline one person should collect the names with the necessary details (name, date of departure\/ arrival, destination etc\u2026) and send the list to the following e-mail address:\u00a0<a class=\"decrypt\" rel=\"Cvt\/CppljohAvojwfu\/iv\" href=\"javascript:void(0);\">[Click to see email]<\/a><\/strong><\/p> <p>Please note: from Friday afternoon and at weekend it is too late to ask for place on the bus!<\/p> <p>Only those can travel, whose name is on the list. If not on the list &#8211; one can travel only if free seats occur.<\/p> <p><strong>Links to sign up for the bus in weekly schedule:<\/strong><\/p> <p>&nbsp;<\/p> <p><strong>2026<\/strong><\/p> <p>&nbsp;<\/p> <p><a href=\"https:\/\/forms.cloud.microsoft\/pages\/responsepage.aspx?id=cI-IPWq9kUSJE9qdG6_HRyU9eoErQztClvu2mvJCuslUOFNYWVFGNEU2NVlFTktFQ1QxWUhLNlYySC4u&amp;route=shorturl\">Week 15. 07. April &#8211; 10. April\u00a0<\/a><\/p> <p><span style=\"color: #ff0000\">During the break, buses and train will run according to the weekend schedule. No registration is required. On Friday, the bus will depart from \u00dcll\u0151 at 2:30 p.m. instead of 1:30 p.m. Students participating in the Nursing practice can use this bus to travel to Budapest.<\/span><\/p> <p><span style=\"color: #000000\"><a style=\"color: #000000\" href=\"https:\/\/forms.office.com\/pages\/responsepage.aspx?id=cI-IPWq9kUSJE9qdG6_HRyU9eoErQztClvu2mvJCuslUQjZGQUJOMDY4Q0xIQVdMRlFKNE1BSDQwVS4u&amp;route=shorturl\">Week 13. 23. March &#8211; 26. March\u00a0 <\/a><\/span><span style=\"color: #ff0000\">On Friday afternoon, students can travel between Budapest and \u00dcll\u0151 according to the weekend schedule.<\/span><\/p> <p><span style=\"color: #000000\"><a style=\"color: #000000\" href=\"https:\/\/forms.office.com\/pages\/responsepage.aspx?id=cI-IPWq9kUSJE9qdG6_HRyU9eoErQztClvu2mvJCuslUN01TRzNTRUI0R005T05CSUNXVE1RM1pDVi4u&amp;route=shorturl\">Week 12. 16. March &#8211; 20. March<\/a><\/span><\/p> <p><span style=\"color: #000000\"><a style=\"color: #000000\" href=\"https:\/\/forms.office.com\/pages\/responsepage.aspx?id=cI-IPWq9kUSJE9qdG6_HRyU9eoErQztClvu2mvJCuslUQVo4NFoxWlk4VE9PMjhCTTQ0VzQzWFVaWi4u&amp;route=shorturl\">Week 11. 9. March &#8211; 13. March<\/a><\/span><\/p> <p><a href=\"https:\/\/forms.office.com\/pages\/responsepage.aspx?id=cI-IPWq9kUSJE9qdG6_HRyU9eoErQztClvu2mvJCuslUNzlaQ0VYMlpORTNNUFlGSjNRQU4xS1BFQi4u&amp;route=shorturl\"><span style=\"color: #000000\">Week 10. 02. March &#8211; 06. March<\/span><\/a><\/p> <p><span style=\"color: #000000\"><a style=\"color: #000000\" href=\"https:\/\/forms.office.com\/pages\/responsepage.aspx?id=cI-IPWq9kUSJE9qdG6_HRyU9eoErQztClvu2mvJCuslUOU9ZQUFPVTJVUUlKNFUwU1RIMlNMNEdRNS4u&amp;route=shorturl\">Week 9. 23. February &#8211; 27. February<\/a><\/span><\/p> <p><span style=\"color: #000000\"><a style=\"color: #000000\" href=\"https:\/\/forms.office.com\/pages\/responsepage.aspx?id=cI-IPWq9kUSJE9qdG6_HRyU9eoErQztClvu2mvJCuslUNzVCNVNVMTFPTkdLN0FKR0VLUUw4N1lFOS4u&amp;route=shorturl\">Week 8. 16. February &#8211; 20. February<\/a><\/span><\/p> <p><span style=\"color: #000000\"><a style=\"color: #000000\" href=\"https:\/\/forms.office.com\/pages\/responsepage.aspx?id=cI-IPWq9kUSJE9qdG6_HRyU9eoErQztClvu2mvJCuslUODlOQkZIVzBDQkwzU1RLRUE5MUpZR0E2Wi4u&amp;route=shorturl\">Week 7. 09. February &#8211; 13. February<\/a><\/span><\/p> <p><span style=\"color: #000000\"><a style=\"color: #000000\" href=\"https:\/\/forms.office.com\/pages\/responsepage.aspx?id=cI-IPWq9kUSJE9qdG6_HRyU9eoErQztClvu2mvJCuslURDdWMEM2SFJBWUswTUdFSDRHN0tLRVdXTy4u&amp;route=shorturl\">Week 6. 02. February- 6. February<\/a><\/span><\/p> <p>&nbsp;<\/p> <p><strong>2025<\/strong><\/p> <p><span style=\"color: #ff0000\">During the exam period, buses will run between Budapest and \u00dcll\u0151 according to the weekend\/holiday schedule. No registration is needed.<\/span><\/p> <p><span style=\"color: #000000\"><a style=\"color: #000000\" href=\"https:\/\/forms.office.com\/pages\/responsepage.aspx?id=cI-IPWq9kUSJE9qdG6_HRyU9eoErQztClvu2mvJCuslUNjdNMVAwUjAzODVDSFUxWkM3RERNVVJOOS4u&amp;route=shorturl\">Week 50. 8. December &#8211; 12. December<\/a><\/span><\/p> <p><span style=\"color: #000000\"><a style=\"color: #000000\" href=\"https:\/\/forms.office.com\/pages\/responsepage.aspx?id=cI-IPWq9kUSJE9qdG6_HRyU9eoErQztClvu2mvJCuslUQVhCOVBaMVIzSlhOTVRGTFRJNTFBTVk4My4u&amp;route=shorturl\">Week 49. 1. December &#8211; 05. December<\/a><\/span><\/p> <p><span style=\"color: #000000\"><a style=\"color: #000000\" href=\"https:\/\/forms.office.com\/pages\/responsepage.aspx?id=cI-IPWq9kUSJE9qdG6_HRyU9eoErQztClvu2mvJCuslUOUVVSVZKODJFTkpWVEZIQzdSWTBZSVNCNC4u&amp;route=shorturl\">Week 48. 24. November &#8211; 28. November\u00a0<\/a><\/span><\/p> <p><span style=\"color: #000000\"><a style=\"color: #000000\" href=\"https:\/\/forms.office.com\/pages\/responsepage.aspx?id=cI-IPWq9kUSJE9qdG6_HRyU9eoErQztClvu2mvJCuslUOUZDMUFKQkxLRjc0OTFaNDA3QUNSQlpKVS4u&amp;route=shorturl\">Week 47. 17. November &#8211; 21. November<\/a><\/span> <span style=\"color: #ff0000\">The 1:30 p.m. bus on Friday will not run.<\/span><\/p> <p><span style=\"color: #000000\"><a style=\"color: #000000\" href=\"https:\/\/forms.office.com\/pages\/responsepage.aspx?id=cI-IPWq9kUSJE9qdG6_HRyU9eoErQztClvu2mvJCuslUMjJQUTMxQkQ5MEZTM0VPQjRTS0RZMEFPNC4u&amp;route=shorturl\">Week 46. 10. November &#8211; 14. November<\/a><\/span><\/p> <p><a href=\"https:\/\/forms.office.com\/e\/7Etc0kQy8w\"><span style=\"color: #000000\">Week 45. 3. November &#8211; 7. November<\/span><\/a><\/p> <p><a href=\"https:\/\/forms.office.com\/e\/97Qk65Zb6A\"><span style=\"color: #000000\">Week 44. 27. October &#8211; 31. October<\/span><\/a><\/p> <p><a href=\"https:\/\/forms.office.com\/e\/bBadyXUM7A\"><span style=\"color: #000000\">Week 43. 20. October &#8211; 24. October<\/span><\/a> <span style=\"color: #ff0000\">No registration is required for weekend bus services (on October 23-24, the shuttle bus will run between \u00dcll\u0151 station and the Horse Clinic according to the weekend schedule).<\/span><\/p> <p><a href=\"https:\/\/forms.office.com\/e\/qznVQJmpXT\"><span style=\"color: #000000\">Week 42. 13. October &#8211; 17. October<\/span><\/a><\/p> <p><a href=\"https:\/\/forms.office.com\/e\/ZBUw3vPK7v\"><span style=\"color: #000000\">Week 41. 06. October &#8211; 10. October<\/span><\/a><\/p> <p><a href=\"https:\/\/forms.office.com\/e\/jujCxgBxcT\"><span style=\"color: #000000\">Week 40. 29. September &#8211; 3. October<\/span><\/a><\/p> <p><a href=\"https:\/\/forms.office.com\/e\/xhQxLvLWud\"><span style=\"color: #000000\">Week 39\u00a0 22. September &#8211; 26. September<\/span><\/a><\/p> <p><a href=\"https:\/\/forms.office.com\/e\/uf61Mqnapx\"><span style=\"color: #000000\">Week 38\u00a0 15. September &#8211; 19. September<\/span><\/a><\/p> <p><a href=\"https:\/\/forms.office.com\/e\/KajHtkM6fh\"><span style=\"color: #000000\">Week 37\u00a0 08. September &#8211; 12. September\u00a0<\/span><\/a><\/p> <p>&nbsp;<\/p> <p>&nbsp;<\/p> <p>Week 20 12 May &#8211; 16 May <a href=\"https:\/\/forms.office.com\/e\/LFmeSKaa1c\">Bus requesting 12 May &#8211; 16 May<\/a><\/p> <p>Week 19 05 May &#8211; 09 May <a href=\"https:\/\/forms.office.com\/e\/jTpNd9UQGE\">Bus requesting 05 May &#8211; 09 May<\/a><\/p> <p>Week 18 28 April &#8211; 02 May <a href=\"https:\/\/forms.office.com\/e\/zr6bAa2KjT\">Bus requesting 28 April &#8211; 02 May<\/a><\/p> <p>Week 16 21-25 April <a href=\"https:\/\/forms.office.com\/e\/wN7mWJhMxQ\">Busz foglal\u00e1s \u00c1prilis 21-25 \/Bus requesting 21-25 April<\/a><\/p> <p>Week 15 07-11 April <a href=\"https:\/\/forms.office.com\/e\/B5q83FUWJd\">Busz foglal\u00e1s \u00c1prilis 7-11 \/Bus requesting 07-11 April<\/a><\/p> <p>Week 14 31 March &#8211; 04 April <a href=\"https:\/\/forms.office.com\/e\/ZnDe2fQAUA\">Busz foglal\u00e1s M\u00e1rcius 31 &#8211; \u00c1prilis 4 \/Bus requesting 31 March -04 April<\/a><\/p> <p>Week 13 24-28 March <a href=\"https:\/\/forms.office.com\/e\/MwPXJuN611\">Busz foglal\u00e1s M\u00e1rcius 24-28 \/Bus requesting 24-28 March<\/a><\/p> <p>Week 12 17-21 March <a href=\"https:\/\/forms.office.com\/e\/Y4CdVnT7Q0\">Busz foglal\u00e1s M\u00e1rcius 17-21 \/Bus requesting 17-21 March<\/a><\/p> <p>Week 11 10-14 March <a href=\"https:\/\/forms.office.com\/e\/N4jWdHXs18\">Busz foglal\u00e1s M\u00e1rcius 10-14 \/Bus requesting 10-14 March<\/a><\/p> <p>Week 10 03-07 March <a href=\"https:\/\/forms.office.com\/e\/8MM5GxbgcS\">Busz foglal\u00e1s M\u00e1rcius 03-07 \/Bus requesting 03-07 March<\/a><\/p> <p>Week 9 24-28 February <a href=\"https:\/\/forms.office.com\/e\/Ra7isQL6T6\">Busz foglal\u00e1s Febr. 24-28 \/Bus requesting 24-28 February<\/a><\/p> <p>Week 8 17-21 February\u00a0 <a href=\"https:\/\/forms.office.com\/e\/Sf71KABg8z\">Busz foglal\u00e1s Febr. 17-21 \/Bus requesting 17-21 February<\/a><\/p> <p>&nbsp;<\/p> <p><strong>2024<\/strong><\/p> <p>Week 50 (09-15) Dec <a href=\"https:\/\/forms.office.com\/e\/hzCwvktQAW\">Busz foglal\u00e1s 50 h\u00e9t \/Bus requesting week 50<\/a><\/p> <p>Week 49 (2 &#8211; 08 Dec) <a href=\"https:\/\/forms.office.com\/e\/xs0SA7F46x\">Busz foglal\u00e1s 49 h\u00e9t \/Bus requesting week 49<\/a><\/p> <p>Week 48 (25-1 Nov-Dec)\u00a0<a href=\"https:\/\/forms.office.com\/pages\/responsepage.aspx?id=cI-IPWq9kUSJE9qdG6_HRyU9eoErQztClvu2mvJCuslUOFROMFM3SVRHWjFNOVNaNjlDWlJETUJYQy4u&amp;route=shorturl\">Busz foglal\u00e1s 48 h\u00e9t \/Bus requesting week 48<\/a><\/p> <p>Week 47 (18-24 Nov)\u00a0<a href=\"https:\/\/forms.office.com\/pages\/responsepage.aspx?id=cI-IPWq9kUSJE9qdG6_HRyU9eoErQztClvu2mvJCuslUQlFKVTU3VktRMTdTNTNNVFEyUUhEUFM3VC4u&amp;route=shorturl\">Busz foglal\u00e1s 47 h\u00e9t \/Bus requesting week 47<\/a><\/p> <p>Week 46 (11-17 Nov)\u00a0<a href=\"https:\/\/forms.office.com\/pages\/responsepage.aspx?id=cI-IPWq9kUSJE9qdG6_HRyU9eoErQztClvu2mvJCuslUQVNBSVJJWTlTSVFJNlVDS09DU0xXQkczWC4u&amp;route=shorturl\">Busz foglal\u00e1s 46 h\u00e9t \/Bus requesting week 46<\/a><\/p> <p>Week 45 (4-10 Nov)\u00a0<a href=\"https:\/\/forms.office.com\/pages\/responsepage.aspx?id=cI-IPWq9kUSJE9qdG6_HRyU9eoErQztClvu2mvJCuslUMlZHNFZNTUdCSDRMQlZRNVhXS0o1SEVZRS4u&amp;route=shorturl\">Busz foglal\u00e1s 45\u00a0h\u00e9t \/Bus requesting week 45<\/a><\/p> <p>Week 44 (28-3 Nov)\u00a0<a href=\"https:\/\/forms.office.com\/pages\/responsepage.aspx?id=cI-IPWq9kUSJE9qdG6_HRyU9eoErQztClvu2mvJCuslUQlA0VU5OUUZEN1pCTVpUUzAyWkRNSzNSTi4u&amp;route=shorturl\">Busz foglal\u00e1s 44 h\u00e9t \/Bus requesting week 44 (office.com)<\/a><\/p> <p>Week 43 (21-27 Oct)\u00a0<a href=\"https:\/\/forms.office.com\/pages\/responsepage.aspx?id=cI-IPWq9kUSJE9qdG6_HRyU9eoErQztClvu2mvJCuslUMDRaTUZNRUw5VEtZMVQ0WUVEM041WjJDRy4u&amp;route=shorturl\">Busz foglal\u00e1s 43 h\u00e9t \/Bus requesting week 43 (office.com)<\/a><\/p> <p>Week 42 (14-20 Oct)\u00a0<a href=\"https:\/\/forms.office.com\/pages\/responsepage.aspx?id=cI-IPWq9kUSJE9qdG6_HRyU9eoErQztClvu2mvJCuslUMkxHRkRDREZBSTFDQkpWODJBVlRCRVgwNC4u&amp;route=shorturl\">Busz foglal\u00e1s 42 h\u00e9t \/Bus requesting week 42 (office.com)<\/a><\/p> <p>Week 41 (7-13 Oct)\u00a0<a href=\"https:\/\/forms.office.com\/pages\/responsepage.aspx?id=cI-IPWq9kUSJE9qdG6_HRyU9eoErQztClvu2mvJCuslURUhSTTk2VEFVRjhCN0taVzZCQ0RJS1pNOC4u&amp;route=shorturl\">Busz foglal\u00e1s 41 h\u00e9t \/Bus requesting week 41 (office.com)<\/a><\/p> <p>Week 40 (30-6 Oct):\u00a0<a href=\"https:\/\/forms.office.com\/pages\/responsepage.aspx?id=cI-IPWq9kUSJE9qdG6_HRyU9eoErQztClvu2mvJCuslUNU5YMEhVM0FFTVE0N041MzFNUFBXSzYySi4u&amp;route=shorturl\">Busz foglal\u00e1s 40 h\u00e9t \/Bus requesting week 40 (office.com)<\/a><\/p> <p>Week 39 (23-29 Sept):\u00a0<a href=\"https:\/\/forms.office.com\/pages\/responsepage.aspx?id=cI-IPWq9kUSJE9qdG6_HRyU9eoErQztClvu2mvJCuslUQVBVMFBZSlQxRktDVFBCU0JDTjdVTzI0WC4u&amp;route=shorturl\">Busz foglal\u00e1s 39 h\u00e9t \/Bus requesting week 39 (office.com)<\/a><\/p> <p>Week 38 (16-22 Sept): <a href=\"https:\/\/forms.office.com\/e\/9xrNh7f2V2\">https:\/\/forms.office.com\/e\/9xrNh7f2V2<\/a><\/p> <p>&nbsp;<\/p> <p><strong>Links to sign up for the bus in weekly schedule:<\/strong><\/p> <p>Week 20 (13-19 May):\u00a0<a href=\"https:\/\/forms.office.com\/e\/hXBsPXF9bj\">https:\/\/forms.office.com\/e\/hXBsPXF9bj<\/a><\/p> <p>Week 19 (6-12 May): <a href=\"https:\/\/forms.office.com\/e\/VXbH1C88Hp\">https:\/\/forms.office.com\/e\/VXbH1C88Hp<\/a><\/p> <p>Week 18 (29 April &#8211; 5 May): <a href=\"https:\/\/forms.office.com\/e\/XR80Suz1ic\">https:\/\/forms.office.com\/e\/XR80Suz1ic<\/a><\/p> <p>Week 17 (22-28 April): <a href=\"https:\/\/forms.office.com\/e\/DCqg4ybCqX\">https:\/\/forms.office.com\/e\/DCqg4ybCqX<\/a><\/p> <p>Week 16 (15-21 April): <a href=\"https:\/\/forms.office.com\/e\/iSR3Ltg1Se\">https:\/\/forms.office.com\/e\/iSR3Ltg1Se<\/a><\/p> <p>12\/April\/2024: on Friday, the bus starts at 5 pm from Istv\u00e1n utca and back from \u00dcll\u0151 at 6.00 pm!<\/p> <p><a href=\"https:\/\/forms.office.com\/e\/iifhCNf6RM\" target=\"_blank\" rel=\"noopener\">https:\/\/forms.office.com\/e\/i0https:\/\/forms.office.com\/e\/XcWZBsGK494VYEXZN0<\/a><\/p> <p>&nbsp;<\/p> <p>01\/02\/2023 <strong>Schedule for the university direct bus service<\/strong> between Istv\u00e1n utca campus and \u00dcll\u0151, clinic (at weekdays)<\/p> <p>and train + bus timetable (at weekends and holidays)<\/p> <p><a href=\"https:\/\/univet.hu\/wp-content\/uploads\/2023\/02\/Bus-Timetable-Spring-2023.pdf\">Bus Timetable Spring 2023<\/a><\/p> <p><a href=\"https:\/\/univet.hu\/wp-content\/uploads\/2023\/02\/Train-and-minibus-combo-Weekend-Timetable-Spring-2023.pdf\">Train and minibus combo Weekend Timetable Spring 2023<\/a><\/p> <p>&nbsp;<\/p> <p><strong>Sign-up links for the bus ride:<\/strong><\/p> <p>Bus sign up always from Monday 8.00 AM till Friday 1.00 PM.<\/p> <p>!\u00a0If someone misses the deadline one person should collect the names with the necessary details (name, date of departure\/ arrival, destination etc\u2026) and send the list to the following e-mail address:\u00a0<a class=\"decrypt\" rel=\"Cvt\/CppljohAvojwfu\/iv\" href=\"javascript:void(0);\">[Click to see email]<\/a><\/p> <p>Please note: from Friday afternoon and at weekend it is too late to ask for place on the bus!<\/p> <p>Only those can travle, whose name is on the list. If not on the list &#8211; one can travel only if free seats occur.<\/p> <p>&nbsp;<\/p> <p><strong>Links to sign up for the bus in weekly schedule:<\/strong><\/p> <p>December 11-17 (week 50):\u00a0\u00a0<a href=\"https:\/\/forms.office.com\/e\/U7q2bt62Zj\">https:\/\/forms.office.com\/e\/U7q2bt62Zj<\/a><\/p> <p>December 4-10 (week 49): <a href=\"https:\/\/forms.office.com\/e\/H2Ek9iXg5Q\">https:\/\/forms.office.com\/e\/H2Ek9iXg5Q<\/a><\/p> <p>Nov 27 &#8211; 3 Dec (week 48): <a href=\"https:\/\/forms.office.com\/e\/BHngTPfP7G\">https:\/\/forms.office.com\/e\/BHngTPfP7G<\/a><\/p> <p>November 20-26 (week 47): <a href=\"https:\/\/forms.office.com\/e\/jkC5XdiqKy\">https:\/\/forms.office.com\/e\/jkC5XdiqKy<\/a><\/p> <p>November 13-19 (week 46): <a href=\"https:\/\/forms.office.com\/e\/CXStXgR6JJ\">https:\/\/forms.office.com\/e\/CXStXgR6JJ<\/a><\/p> <p>November 6-12 (week 45): <a href=\"https:\/\/forms.office.com\/e\/0xsX4XLczP\">https:\/\/forms.office.com\/e\/0xsX4XLczP<\/a><\/p> <p>October 30 &#8211; 5 Nov (week 44): <a href=\"https:\/\/forms.office.com\/e\/bBW4S4jWZt\">https:\/\/forms.office.com\/e\/bBW4S4jWZt<\/a><\/p> <p>October 23-29 (week 43): <a href=\"https:\/\/forms.office.com\/e\/aQWpS6QZeL\">https:\/\/forms.office.com\/e\/aQWpS6QZeL<\/a><\/p> <p>October 16-22 (week 42): <a href=\"https:\/\/forms.office.com\/e\/Kffny6X5Ne\">https:\/\/forms.office.com\/e\/Kffny6X5Ne<\/a><\/p> <p>October 9-15 (Week 41): <a href=\"https:\/\/forms.office.com\/e\/T0xgCBkWmx\">https:\/\/forms.office.com\/e\/T0xgCBkWmx<\/a><\/p> <p>October 2-8 (Week 40): <a href=\"https:\/\/forms.office.com\/e\/iESvHbZ3dc\">https:\/\/forms.office.com\/e\/iESvHbZ3dc<\/a><\/p> <p>September 25-October 1 (Week 39):\u00a0<a href=\"https:\/\/forms.office.com\/pages\/responsepage.aspx?id=cI-IPWq9kUSJE9qdG6_HRyU9eoErQztClvu2mvJCuslUNEo1S0dVNTBQUEsxWjI1TTFRSTlaQTZENi4u&amp;web=1&amp;wdLOR=c080AD558-0D3F-4E39-8BC4-54F09325CF1D\">Busz foglal\u00e1s 39 h\u00e9t \/Bus requesting week 39 (office.com)<\/a><\/p> <p>September 18-24(Week 38):\u00a0<a href=\"https:\/\/forms.office.com\/pages\/responsepage.aspx?id=cI-IPWq9kUSJE9qdG6_HRyU9eoErQztClvu2mvJCuslUMjdRWVlCMkdaQTBHVDFTTUExRVRMUThNTi4u&amp;web=1&amp;wdLOR=cF492B64C-48FD-4080-A63B-DCB55FEF8899\">Busz foglal\u00e1s 38 h\u00e9t \/Bus requesting week 38 (office.com)<\/a><\/p> <p>September 11-17(Week 37):\u00a0<a href=\"https:\/\/forms.office.com\/pages\/responsepage.aspx?id=cI-IPWq9kUSJE9qdG6_HRyU9eoErQztClvu2mvJCuslUMTA3S0RCMUpNMTEwQlVGT1U0VVFJUFlIRS4u&amp;web=1&amp;wdLOR=c0879917B-23E4-4A01-B245-553E9F204D3B\">Busz foglal\u00e1s 37 h\u00e9t \/Bus requesting week 37 (office.com)<\/a>\u00a0Registration deadline is Friday (September 08) 18.00 pm<\/p> <p>May 15-21(Week 20):\u00a0<a href=\"https:\/\/forms.office.com\/pages\/responsepage.aspx?id=cI-IPWq9kUSJE9qdG6_HRyU9eoErQztClvu2mvJCuslUMFk3RTQ4VkxCWUE5MlREM0I2TFk5NU1ZVS4u\">Microsoft Forms (office.com)<\/a><\/p> <p>May 8-14(Week 19): <a href=\"https:\/\/forms.office.com\/e\/cJ2sQSQ9wu\">https:\/\/forms.office.com\/e\/cJ2sQSQ9wu<\/a><\/p> <p>May 2-5 (Week 18):\u00a0<a href=\"https:\/\/forms.office.com\/pages\/responsepage.aspx?id=cI-IPWq9kUSJE9qdG6_HRyU9eoErQztClvu2mvJCuslUN0RRNUZWQjFXVlhYSzBLSllDOVhMMEJOUi4u&amp;web=1&amp;wdLOR=c9068CB7D-FE96-4B73-B3B6-371919D6D9ED\">Microsoft Forms (office.com)<\/a><\/p> <p>April 24-28 (Week 17):\u00a0<a href=\"https:\/\/forms.office.com\/pages\/responsepage.aspx?id=cI-IPWq9kUSJE9qdG6_HRyU9eoErQztClvu2mvJCuslUODNERVNBTktGWDRKMU1BVkoxV1VJNE1MRy4u&amp;web=1&amp;wdLOR=cF8C25BC5-6EA1-43D6-8E89-2C7A98D657F7\">Microsoft Forms (office.com)<\/a><\/p> <p>April 17-21 (Week 16):\u00a0<a href=\"https:\/\/forms.office.com\/pages\/responsepage.aspx?id=cI-IPWq9kUSJE9qdG6_HRyU9eoErQztClvu2mvJCuslUMDhMMlZXOERDOEJZUTVUWEZTUlg0NzVIUy4u&amp;web=1&amp;wdLOR=c069FF80C-1189-4525-91DF-583800B4A468\">Busz foglal\u00e1s 16 h\u00e9t \/Bus requesting week 16 (office.com)<\/a><\/p> <p>April 11-14:\u00a0<a href=\"https:\/\/forms.office.com\/pages\/responsepage.aspx?id=cI-IPWq9kUSJE9qdG6_HRyU9eoErQztClvu2mvJCuslUM0ZTUThPWDQxTDdFMUs4UUVCRzI1SDExUi4u&amp;web=1&amp;wdLOR=c5CC26BB9-FE84-46D8-9047-F6FB92B89ADD\">Microsoft Forms (office.com)<\/a><\/p> <p>April 3-6:\u00a0<a href=\"https:\/\/forms.office.com\/pages\/responsepage.aspx?id=cI-IPWq9kUSJE9qdG6_HRyU9eoErQztClvu2mvJCuslURVg0MFo4QzZJMDhOQzhMM05FRFRHSTFZNS4u&amp;web=1&amp;wdLOR=cD4249715-E61F-427A-A33E-AE588DCA789B\">Busz foglal\u00e1s 14 h\u00e9t \/Bus requesting week 14 (office.com)<\/a><\/p> <p>March 27 &#8211; 2 April: <a href=\"https:\/\/forms.office.com\/e\/qSvHgmDJBU\">https:\/\/forms.office.com\/e\/qSvHgmDJBU<\/a><\/p> <p>March 20-26: <a href=\"https:\/\/forms.office.com\/pages\/responsepage.aspx?id=cI-IPWq9kUSJE9qdG6_HRyU9eoErQztClvu2mvJCuslUOUVQSUZDSjZXSDFXVjRLUkI4MldUTUNZNi4u&amp;web=1&amp;wdLOR=c4279B083-E83B-48C3-8A1E-BDEF087A1D2F\">Busz foglal\u00e1s 12 h\u00e9t \/Bus requesting week 12 (office.com)<\/a><\/p> <p>March 13-19: <a href=\"https:\/\/forms.office.com\/e\/FfK2PCpegy\">https:\/\/forms.office.com\/e\/FfK2PCpegy<\/a><\/p> <p>March 6-12: <a href=\"https:\/\/forms.office.com\/e\/qjeYtm40QX\">https:\/\/forms.office.com\/e\/qjeYtm40QX<\/a><\/p> <p>Feb. 27 &#8211; 5. March: <a href=\"https:\/\/forms.office.com\/e\/rmBcydnZGc\">https:\/\/forms.office.com\/e\/rmBcydnZGc<\/a><\/p> <p>Feb. 20-26: <a href=\"https:\/\/forms.office.com\/e\/RGShtjgqJq\">https:\/\/forms.office.com\/e\/RGShtjgqJq<\/a><\/p> <p>Feb. 13-19: <a href=\"https:\/\/forms.office.com\/e\/pkYnQuY9zM\">https:\/\/forms.office.com\/e\/pkYnQuY9zM<\/a><\/p> <p>Feb. 6-12: <a href=\"https:\/\/forms.office.com\/e\/PzJy3iqj5N\">https:\/\/forms.office.com\/e\/PzJy3iqj5N<\/a><\/p> <p>&nbsp;<\/p> <p>&nbsp;<\/p> <p>Please note the following: do not eat or drink on the bus.<\/p> <p><strong>If you are not signed up for the bus for the given day, then you are NOT GUARANTEED that you could travel by bus &#8211;<\/strong><\/p> <p>unless there are free spots avail, in order of appearance at the bus.<\/p> <p>&nbsp;<\/p> <p><strong>Train &#8211; bus service from Budapest to \u00dcll\u0151, train station:<\/strong><\/p> <p><a href=\"https:\/\/univet.hu\/wp-content\/uploads\/2021\/11\/Train_Bus_weekend-timetable-Ullo-from-november-2021.pdf\">Train_Bus_weekend timetable Ullo from november 2021<\/a><\/p> <p>&nbsp;<\/p> <p>&nbsp;<\/p> <p>&nbsp;<\/p>","protected":false},"excerpt":{"rendered":"<p>Schedule for the university bus service: Bus timetable from Istv\u00e1n utca to \u00dcll\u0151, clinic 2025_26_1 Weekend bus timetable \u00dcll\u0151 railway station &#8211; \u00dcll\u0151 clinic 2025_26_1 &nbsp; Sign-up links for the bus ride: Bus sign up always from Monday 9.00 AM till Friday 12.00 PM noon. !\u00a0If someone misses the deadline one person should collect the<\/p>\n","protected":false},"author":2987,"featured_media":0,"parent":188837,"menu_order":15,"comment_status":"open","ping_status":"open","template":"","meta":{"_acf_changed":false,"footnotes":""},"categories":[],"tags":[],"class_list":["post-68757","page","type-page","status-publish","hentry"],"acf":[],"_links":{"self":[{"href":"https:\/\/univet.hu\/en\/wp-json\/wp\/v2\/pages\/68757","targetHints":{"allow":["GET"]}}],"collection":[{"href":"https:\/\/univet.hu\/en\/wp-json\/wp\/v2\/pages"}],"about":[{"href":"https:\/\/univet.hu\/en\/wp-json\/wp\/v2\/types\/page"}],"author":[{"embeddable":true,"href":"https:\/\/univet.hu\/en\/wp-json\/wp\/v2\/users\/2987"}],"replies":[{"embeddable":true,"href":"https:\/\/univet.hu\/en\/wp-json\/wp\/v2\/comments?post=68757"}],"version-history":[{"count":6,"href":"https:\/\/univet.hu\/en\/wp-json\/wp\/v2\/pages\/68757\/revisions"}],"predecessor-version":[{"id":204470,"href":"https:\/\/univet.hu\/en\/wp-json\/wp\/v2\/pages\/68757\/revisions\/204470"}],"up":[{"embeddable":true,"href":"https:\/\/univet.hu\/en\/wp-json\/wp\/v2\/pages\/188837"}],"wp:attachment":[{"href":"https:\/\/univet.hu\/en\/wp-json\/wp\/v2\/media?parent=68757"}],"wp:term":[{"taxonomy":"category","embeddable":true,"href":"https:\/\/univet.hu\/en\/wp-json\/wp\/v2\/categories?post=68757"},{"taxonomy":"post_tag","embeddable":true,"href":"https:\/\/univet.hu\/en\/wp-json\/wp\/v2\/tags?post=68757"}],"curies":[{"name":"wp","href":"https:\/\/api.w.org\/{rel}","templated":true}]}}