{"id":69811,"date":"2021-11-30T11:32:11","date_gmt":"2021-11-30T10:32:11","guid":{"rendered":"https:\/\/univet.hu\/en\/education\/courses\/stress-management-in-practice\/"},"modified":"2026-01-12T16:56:24","modified_gmt":"2026-01-12T15:56:24","slug":"stress-management-in-practice","status":"publish","type":"page","link":"https:\/\/univet.hu\/en\/education\/courses\/stress-management-in-practice\/","title":{"rendered":"Stress management in practice"},"content":{"rendered":"<p>Subject responsibility: Dr. L\u00e1szl\u00f3 \u00d3zsv\u00e1ri, full professor<\/p> <p class=\"xmsonormal\">&#8220;Everyone suffers from it, everyone talks about it, yet few people have bothered to look into what stress really is.&#8221;\u00a0\u00a0 J\u00e1nos Selye (1976)<\/p> <p class=\"xmsonormal\">The course will introduce the essential physiological processes of stress, the types of stressors and the theoretical models that can be used to identify and monitor stress situations in everyday life. Some stress management techniques that can be applied in practice will be presented and practised.<\/p> <p>&nbsp;<\/p>","protected":false},"excerpt":{"rendered":"<p>Subject responsibility: Dr. L\u00e1szl\u00f3 \u00d3zsv\u00e1ri, full professor &#8220;Everyone suffers from it, everyone talks about it, yet few people have bothered to look into what stress really is.&#8221;\u00a0\u00a0 J\u00e1nos Selye (1976) The course will introduce the essential physiological processes of stress, the types of stressors and the theoretical models that can be used to identify and<\/p>\n","protected":false},"author":3837,"featured_media":0,"parent":676,"menu_order":34,"comment_status":"open","ping_status":"open","template":"","meta":{"_acf_changed":false,"footnotes":""},"categories":[],"tags":[],"class_list":["post-69811","page","type-page","status-publish","hentry"],"acf":[],"_links":{"self":[{"href":"https:\/\/univet.hu\/en\/wp-json\/wp\/v2\/pages\/69811","targetHints":{"allow":["GET"]}}],"collection":[{"href":"https:\/\/univet.hu\/en\/wp-json\/wp\/v2\/pages"}],"about":[{"href":"https:\/\/univet.hu\/en\/wp-json\/wp\/v2\/types\/page"}],"author":[{"embeddable":true,"href":"https:\/\/univet.hu\/en\/wp-json\/wp\/v2\/users\/3837"}],"replies":[{"embeddable":true,"href":"https:\/\/univet.hu\/en\/wp-json\/wp\/v2\/comments?post=69811"}],"version-history":[{"count":4,"href":"https:\/\/univet.hu\/en\/wp-json\/wp\/v2\/pages\/69811\/revisions"}],"predecessor-version":[{"id":197797,"href":"https:\/\/univet.hu\/en\/wp-json\/wp\/v2\/pages\/69811\/revisions\/197797"}],"up":[{"embeddable":true,"href":"https:\/\/univet.hu\/en\/wp-json\/wp\/v2\/pages\/676"}],"wp:attachment":[{"href":"https:\/\/univet.hu\/en\/wp-json\/wp\/v2\/media?parent=69811"}],"wp:term":[{"taxonomy":"category","embeddable":true,"href":"https:\/\/univet.hu\/en\/wp-json\/wp\/v2\/categories?post=69811"},{"taxonomy":"post_tag","embeddable":true,"href":"https:\/\/univet.hu\/en\/wp-json\/wp\/v2\/tags?post=69811"}],"curies":[{"name":"wp","href":"https:\/\/api.w.org\/{rel}","templated":true}]}}