{"id":69815,"date":"2021-11-30T11:38:51","date_gmt":"2021-11-30T10:38:51","guid":{"rendered":"https:\/\/univet.hu\/en\/education\/courses\/hunting-law-ethics-and-economics\/"},"modified":"2023-02-28T18:11:45","modified_gmt":"2023-02-28T17:11:45","slug":"hunting-law-ethics-and-economics","status":"publish","type":"page","link":"https:\/\/univet.hu\/en\/education\/courses\/hunting-law-ethics-and-economics\/","title":{"rendered":"Hunting law, ethics and economics"},"content":{"rendered":"<p>Subject responsibility: Dr. L\u00e1szl\u00f3 \u00d3zsv\u00e1ri, full professor<\/p> <p>General aim of the subject:\u00a0The aim of the course is to familiarize students with the regulations and legislation related to hunting and game management, the economics of game management and the basics of hunting ethics.<\/p>","protected":false},"excerpt":{"rendered":"<p>Subject responsibility: Dr. L\u00e1szl\u00f3 \u00d3zsv\u00e1ri, full professor General aim of the subject:\u00a0The aim of the course is to familiarize students with the regulations and legislation related to hunting and game management, the economics of game management and the basics of hunting ethics.<\/p>\n","protected":false},"author":3837,"featured_media":0,"parent":676,"menu_order":34,"comment_status":"open","ping_status":"open","template":"","meta":{"_acf_changed":false,"footnotes":""},"categories":[],"tags":[],"class_list":["post-69815","page","type-page","status-publish","hentry"],"acf":[],"_links":{"self":[{"href":"https:\/\/univet.hu\/en\/wp-json\/wp\/v2\/pages\/69815","targetHints":{"allow":["GET"]}}],"collection":[{"href":"https:\/\/univet.hu\/en\/wp-json\/wp\/v2\/pages"}],"about":[{"href":"https:\/\/univet.hu\/en\/wp-json\/wp\/v2\/types\/page"}],"author":[{"embeddable":true,"href":"https:\/\/univet.hu\/en\/wp-json\/wp\/v2\/users\/3837"}],"replies":[{"embeddable":true,"href":"https:\/\/univet.hu\/en\/wp-json\/wp\/v2\/comments?post=69815"}],"version-history":[{"count":1,"href":"https:\/\/univet.hu\/en\/wp-json\/wp\/v2\/pages\/69815\/revisions"}],"predecessor-version":[{"id":174562,"href":"https:\/\/univet.hu\/en\/wp-json\/wp\/v2\/pages\/69815\/revisions\/174562"}],"up":[{"embeddable":true,"href":"https:\/\/univet.hu\/en\/wp-json\/wp\/v2\/pages\/676"}],"wp:attachment":[{"href":"https:\/\/univet.hu\/en\/wp-json\/wp\/v2\/media?parent=69815"}],"wp:term":[{"taxonomy":"category","embeddable":true,"href":"https:\/\/univet.hu\/en\/wp-json\/wp\/v2\/categories?post=69815"},{"taxonomy":"post_tag","embeddable":true,"href":"https:\/\/univet.hu\/en\/wp-json\/wp\/v2\/tags?post=69815"}],"curies":[{"name":"wp","href":"https:\/\/api.w.org\/{rel}","templated":true}]}}