{"id":70075,"date":"2021-12-07T14:14:30","date_gmt":"2021-12-07T13:14:30","guid":{"rendered":"https:\/\/univet.hu\/?page_id=70075"},"modified":"2025-08-25T09:47:14","modified_gmt":"2025-08-25T07:47:14","slug":"exam","status":"publish","type":"page","link":"https:\/\/univet.hu\/en\/exam\/","title":{"rendered":""},"content":{"rendered":"<p><img loading=\"lazy\" decoding=\"async\" class=\"alignnone size-full wp-image-70115\" src=\"https:\/\/univet.hu\/wp-content\/uploads\/2021\/12\/exam_header.png\" alt=\"\" width=\"1024\" height=\"153\" srcset=\"https:\/\/univet.hu\/wp-content\/uploads\/2021\/12\/exam_header.png 1024w, https:\/\/univet.hu\/wp-content\/uploads\/2021\/12\/exam_header-320x48.png 320w, https:\/\/univet.hu\/wp-content\/uploads\/2021\/12\/exam_header-768x115.png 768w, https:\/\/univet.hu\/wp-content\/uploads\/2021\/12\/exam_header-960x143.png 960w\" sizes=\"auto, (max-width: 1024px) 100vw, 1024px\" \/><\/p> <p><span style=\"font-family: helvetica, arial, sans-serif;\">El\u0151ad\u00f3termek\/Lecture halls: Zlam\u00e1l Vilmos, Hetzel Henrik, Tormay B\u00e9la<\/span><\/p> <p><span style=\"font-family: helvetica, arial, sans-serif; font-size: 24pt;\">Bejelentkez\u00e9s: <strong>HU (nincs jelsz\u00f3)<\/strong><\/span><\/p> <p><span style=\"font-family: helvetica, arial, sans-serif; font-size: 24pt;\">Login: <strong>EN (no password required)<\/strong><\/span><\/p> <p>&nbsp;<\/p> <p><span style=\"font-family: helvetica, arial, sans-serif; font-size: 24pt;\"><img loading=\"lazy\" decoding=\"async\" class=\"wp-image-70118 alignleft\" src=\"https:\/\/univet.hu\/wp-content\/uploads\/2021\/12\/firefox.png\" alt=\"\" width=\"85\" height=\"88\" \/>Pr<\/span><span style=\"font-family: helvetica, arial, sans-serif; font-size: 24pt;\">efer\u00e1lt b\u00f6ng\u00e9sz\u0151: <strong>Mozilla Firefox<\/strong><\/span><\/p> <p><span style=\"font-family: helvetica, arial, sans-serif; font-size: 24pt;\">Prefer<\/span><span style=\"font-family: helvetica, arial, sans-serif; font-size: 24pt;\">red browser: <strong>Mozilla Firefox<\/strong><\/span><\/p> <p>&nbsp;<\/p> <p><span style=\"font-family: helvetica, arial, sans-serif;\">K\u00e9rem vizsga el\u0151tt, ha Firefox b\u00f6ng\u00e9sz\u0151 nyitva volt, ind\u00edtsa \u00fajra. Amikor v\u00e9gzett a vizsg\u00e1val, k\u00e9rem jelentkezzen ki a vizsgafel\u00fcletb\u0151l, \u00e9s z\u00e1rja be a Firefox b\u00f6ng\u00e9sz\u0151t.<\/span><\/p> <p><span style=\"font-family: helvetica, arial, sans-serif;\">If the Firefox browser was opened, please restart it. After you finished your exam please logoff from the exam&#8217;s application and turn off the browser.<\/span><\/p> <p>&nbsp;<\/p> <p><strong><span style=\"font-family: helvetica, arial, sans-serif;\">Unipoll vizsga\/Exam on Unipoll<\/span><\/strong><\/p> <p><a href=\"https:\/\/neptun.univet.hu\/ate_hw\/login\"><span style=\"font-family: helvetica, arial, sans-serif;\">Neptun<\/span><\/a><\/p> <p><span style=\"font-family: helvetica, arial, sans-serif;\">Bejelentkez\u00e9s\/Login: Neptun k\u00f3d<\/span><\/p> <p><span style=\"font-family: helvetica, arial, sans-serif;\">Jelsz\u00f3\/Password: Neptunos jelsz\u00f3\/Password for Neptun<\/span><\/p> <p>&nbsp;<\/p> <p><strong><span style=\"font-family: helvetica, arial, sans-serif;\">Elearning vizsga\/Exam on Elearning<\/span><\/strong><\/p> <p><a href=\"https:\/\/archiv-elearning.univet.hu\"><span style=\"font-family: helvetica, arial, sans-serif;\">elearning.univet.hu<\/span><\/a><\/p> <p><a href=\"http:\/\/biomat.univet.hu\/moodle\/\">http:\/\/biomat.univet.hu\/moodle\/<\/a><\/p> <p><span style=\"font-family: helvetica, arial, sans-serif;\">Bejelentkez\u00e9s\/Login: Neptun k\u00f3d<\/span><\/p> <p><span style=\"font-family: helvetica, arial, sans-serif;\">Jelsz\u00f3\/Password: Egyetemi levelez\u00e9shez haszn\u00e1lt jelsz\u00f3\/Same as University email password<br \/> <\/span><\/p> <p>&nbsp;<\/p> <p><strong><span style=\"font-family: helvetica, arial, sans-serif;\">Parazitol\u00f3gia vizsga\/Parasitology final exam<\/span><\/strong><\/p> <p><a href=\"https:\/\/anyadahalor.org\/para\/\"><span style=\"font-family: helvetica, arial, sans-serif;\">anyadahalor.org\/para<\/span><\/a><\/p> <p><span style=\"font-family: helvetica, arial, sans-serif;\">Bejelentkez\u00e9s\/Login: Neptun k\u00f3d\/Neptun ID<\/span><\/p> <p><span style=\"font-family: helvetica, arial, sans-serif;\">Jelsz\u00f3\/Password: Neptunos jelsz\u00f3\/Password for Neptun<\/span><\/p> <p><span style=\"font-family: helvetica, arial, sans-serif;\"><strong>A vizsgaport\u00e1lhoz Edge b\u00f6ng\u00e9sz\u0151t kell haszn\u00e1lni.\/You have to use Edge browser for exam portal.<\/strong><\/span><\/p>","protected":false},"excerpt":{"rendered":"<p>El\u0151ad\u00f3termek\/Lecture halls: Zlam\u00e1l Vilmos, Hetzel Henrik, Tormay B\u00e9la Bejelentkez\u00e9s: HU (nincs jelsz\u00f3) Login: EN (no password required) &nbsp; Prefer\u00e1lt b\u00f6ng\u00e9sz\u0151: Mozilla Firefox Preferred browser: Mozilla Firefox &nbsp; K\u00e9rem vizsga el\u0151tt, ha Firefox b\u00f6ng\u00e9sz\u0151 nyitva volt, ind\u00edtsa \u00fajra. Amikor v\u00e9gzett a vizsg\u00e1val, k\u00e9rem jelentkezzen ki a vizsgafel\u00fcletb\u0151l, \u00e9s z\u00e1rja be a Firefox b\u00f6ng\u00e9sz\u0151t. If the Firefox<\/p>\n","protected":false},"author":3837,"featured_media":0,"parent":0,"menu_order":0,"comment_status":"closed","ping_status":"closed","template":"","meta":{"_acf_changed":false,"footnotes":""},"categories":[],"tags":[],"class_list":["post-70075","page","type-page","status-publish","hentry"],"acf":[],"_links":{"self":[{"href":"https:\/\/univet.hu\/en\/wp-json\/wp\/v2\/pages\/70075","targetHints":{"allow":["GET"]}}],"collection":[{"href":"https:\/\/univet.hu\/en\/wp-json\/wp\/v2\/pages"}],"about":[{"href":"https:\/\/univet.hu\/en\/wp-json\/wp\/v2\/types\/page"}],"author":[{"embeddable":true,"href":"https:\/\/univet.hu\/en\/wp-json\/wp\/v2\/users\/3837"}],"replies":[{"embeddable":true,"href":"https:\/\/univet.hu\/en\/wp-json\/wp\/v2\/comments?post=70075"}],"version-history":[{"count":1,"href":"https:\/\/univet.hu\/en\/wp-json\/wp\/v2\/pages\/70075\/revisions"}],"predecessor-version":[{"id":189389,"href":"https:\/\/univet.hu\/en\/wp-json\/wp\/v2\/pages\/70075\/revisions\/189389"}],"wp:attachment":[{"href":"https:\/\/univet.hu\/en\/wp-json\/wp\/v2\/media?parent=70075"}],"wp:term":[{"taxonomy":"category","embeddable":true,"href":"https:\/\/univet.hu\/en\/wp-json\/wp\/v2\/categories?post=70075"},{"taxonomy":"post_tag","embeddable":true,"href":"https:\/\/univet.hu\/en\/wp-json\/wp\/v2\/tags?post=70075"}],"curies":[{"name":"wp","href":"https:\/\/api.w.org\/{rel}","templated":true}]}}