{"id":73164,"date":"2022-04-04T15:45:32","date_gmt":"2022-04-04T13:45:32","guid":{"rendered":"https:\/\/univet.hu\/?page_id=73164"},"modified":"2026-03-23T13:43:42","modified_gmt":"2026-03-23T12:43:42","slug":"jozwiak-akos-bernard","status":"publish","type":"page","link":"https:\/\/univet.hu\/en\/about\/staff\/jozwiak-akos-bernard\/","title":{"rendered":"J\u00f3\u017awiak \u00c1kos Bernard"},"content":{"rendered":"<p>For further information please visit the <a href=\"https:\/\/dfi.univet.hu\/en\/about-us\/akos-jozwiak\/\" target=\"_blank\" rel=\"noopener\">webpage<\/a> of the Department of Digital Food Science (DFI).<\/p>","protected":false},"excerpt":{"rendered":"<p>For further information please visit the webpage of the Department of Digital Food Science (DFI).<\/p>\n","protected":false},"author":5824,"featured_media":0,"parent":857,"menu_order":37,"comment_status":"open","ping_status":"open","template":"","meta":{"_acf_changed":false,"footnotes":""},"categories":[19],"tags":[],"class_list":["post-73164","page","type-page","status-publish","hentry","category-staff"],"acf":[],"_links":{"self":[{"href":"https:\/\/univet.hu\/en\/wp-json\/wp\/v2\/pages\/73164","targetHints":{"allow":["GET"]}}],"collection":[{"href":"https:\/\/univet.hu\/en\/wp-json\/wp\/v2\/pages"}],"about":[{"href":"https:\/\/univet.hu\/en\/wp-json\/wp\/v2\/types\/page"}],"author":[{"embeddable":true,"href":"https:\/\/univet.hu\/en\/wp-json\/wp\/v2\/users\/5824"}],"replies":[{"embeddable":true,"href":"https:\/\/univet.hu\/en\/wp-json\/wp\/v2\/comments?post=73164"}],"version-history":[{"count":3,"href":"https:\/\/univet.hu\/en\/wp-json\/wp\/v2\/pages\/73164\/revisions"}],"predecessor-version":[{"id":203747,"href":"https:\/\/univet.hu\/en\/wp-json\/wp\/v2\/pages\/73164\/revisions\/203747"}],"up":[{"embeddable":true,"href":"https:\/\/univet.hu\/en\/wp-json\/wp\/v2\/pages\/857"}],"wp:attachment":[{"href":"https:\/\/univet.hu\/en\/wp-json\/wp\/v2\/media?parent=73164"}],"wp:term":[{"taxonomy":"category","embeddable":true,"href":"https:\/\/univet.hu\/en\/wp-json\/wp\/v2\/categories?post=73164"},{"taxonomy":"post_tag","embeddable":true,"href":"https:\/\/univet.hu\/en\/wp-json\/wp\/v2\/tags?post=73164"}],"curies":[{"name":"wp","href":"https:\/\/api.w.org\/{rel}","templated":true}]}}