{"id":77081,"date":"2022-07-24T21:54:25","date_gmt":"2022-07-24T19:54:25","guid":{"rendered":"https:\/\/univet.hu\/en\/about\/staff\/new-staff-member-page-3\/"},"modified":"2026-02-10T04:26:14","modified_gmt":"2026-02-10T03:26:14","slug":"mag-patrik","status":"publish","type":"page","link":"https:\/\/univet.hu\/en\/about\/staff\/mag-patrik\/","title":{"rendered":"Mag Patrik"},"content":{"rendered":"<p style=\"font-family: impact, sans-serif\" align=\"justify\">Introduction<\/p> <p align=\"justify\">Patrik Mag DVM was born in Eger, where he continued his high school education. In 2022, he graduated from the University of Veterinary Medicine, Budapest with a doctorate in veterinary medicine, summa cum laude. In the same year, he started his PhD studies at the Department of Pharmacology and Toxicology of the University, where he also did his TDK thesis as a student. At the same time, he started working in a small animal practice, where he also performed minor soft tissue surgery in addition to internal medicine. Her research interests are in the pharmacokinetic\/pharmacodynamic (PK\/PD) analysis of antibiotics, with a special focus on dermatological aspects in companion animals. He is also an active participant in several departmental research projects.<\/p> <hr align=\"center\" size=\"5\" width=\"60%\" \/> <p><span style=\"font-family: impact, sans-serif\">Advancement<\/span><\/p> <table style=\"height: 79px;width: 68.8882%\" width=\"609\"> <tbody> <tr> <td style=\"width: 18.0921%\">2024.<\/td> <td style=\"width: 94.1224%;text-align: center\">PhD Student Union, president<\/td> <\/tr> <tr> <td style=\"width: 18.0921%\">2023.<\/td> <td style=\"width: 94.1224%;text-align: center\">University of Veterinary Medicine, assistant lecturer<\/td> <\/tr> <tr> <td style=\"width: 18.0921%\">2022.<\/td> <td style=\"width: 94.1224%;text-align: center\"> <p>University of Veterinary Medicine, PhD student, departmental veterinarian<\/p> <p>PhD Student Union, member of delegation<\/td> <\/tr> <tr> <td style=\"width: 18.0921%\">2016-2022.<\/td> <td style=\"width: 94.1224%;text-align: center\">University of Veterinary Medicine, veterinary doctor<\/td> <\/tr> <\/tbody> <\/table> <p>&nbsp;<\/p> <hr align=\"center\" size=\"5\" width=\"60%\" \/> <p><span style=\"font-family: impact, sans-serif\">Publications (Top10)<\/span><\/p> <p style=\"text-align: center\">MTMT: <a href=\"https:\/\/m2.mtmt.hu\/frontend\/#view\/Publication\/SmartQuery\/1127\/\">https:\/\/m2.mtmt.hu\/frontend\/#view\/Publication\/SmartQuery\/1127\/<\/a><\/p> <p>&nbsp;<\/p> <table style=\"height: 103px;width: 1133px\" width=\"1140\"> <tbody> <tr style=\"height: 86px\"> <td style=\"width: 35.7656px;height: 86px;text-align: center\">1.<\/td> <td style=\"width: 1081.23px;height: 86px\">Mag P, Nemes-Ter\u00e9nyi M, Jerzsele \u00c1, M\u00e1tyus P (2024) Some Aspects and Convergence of Human and Veterinary Drug Repositioning. MOLECULES 29:4475. https:\/\/doi.org\/10.3390\/molecules29184475<\/td> <\/tr> <tr> <td style=\"width: 35.7656px;text-align: center\">2.<\/td> <td style=\"width: 1081.23px\">Mag P, N\u00e9meth K, Somogyi Z, Jerzsele \u00c1 (2023) Farmakokinetikai\/farmakodin\u00e1miai modellekre alapozott antibakteri\u00e1lis ter\u00e1pia a kis\u00e1llatgy\u00f3gy\u00e1szatban \u2013 1. r\u00e9sz. Irodalmi \u00f6sszefoglal\u00f3. MAGY ALLATORVOSOK 145:419\u2013438. https:\/\/doi.org\/10.56385\/magyallorv.2023.07.419-438<\/td> <\/tr> <tr> <td style=\"width: 35.7656px;text-align: center\">3.<\/td> <td style=\"width: 1081.23px\">Somogyi Z, Mag P, Kov\u00e1cs D, Kerek \u00c1, Szab\u00f3 PT, Makrai L, Jerzsele \u00c1 (2022) Synovial and Systemic Pharmacokinetics of Florfenicol and PK\/PD Integration against Streptococcus suis in Pigs. PHARMACEUTICS 14:. https:\/\/doi.org\/10.3390\/pharmaceutics14010109<\/td> <\/tr> <tr> <td style=\"width: 35.7656px;text-align: center\">4.<\/td> <td style=\"width: 1081.23px\">Somogyi Z, Mag P, Simon R, Kerek \u00c1, Szab\u00f3 P, Albert E, Biksi I, Jerzsele \u00c1 (2023) Pharmacokinetics and Pharmacodynamics of Florfenicol in Plasma and Synovial Fluid of Pigs at a Dose of 30 mg\/kgbw Following Intramuscular Administration. ANTIBIOTICS-BASEL 12:. https:\/\/doi.org\/10.3390\/antibiotics12040758<\/td> <\/tr> <tr> <td style=\"width: 35.7656px;text-align: center\">5.<\/td> <td style=\"width: 1081.23px\">Somogyi Z, Mag P, Simon R, Kerek \u00c1, Makrai L, Biksi I, Jerzsele \u00c1 (2023) Susceptibility of Actinobacillus pleuropneumoniae, Pasteurella multocida and Streptococcus suis Isolated from Pigs in Hungary between 2018 and 2021. ANTIBIOTICS-BASEL 12:. https:\/\/doi.org\/10.3390\/antibiotics12081298<\/td> <\/tr> <tr> <td style=\"width: 35.7656px;text-align: center\">6.<\/td> <td style=\"width: 1081.23px\">van Niekerk AA, Maluck S, Mag P, K\u0151v\u00e1g\u00f3 C, Kerek \u00c1, Jerzsele \u00c1, Steinmetzer T, P\u00e1sztin\u00e9 Gere E (2024) Antiviral Drug Candidate Repositioning for Streptococcus suis Infection in Non-Tumorigenic Cell Models. BIOMEDICINES 12:783. <a href=\"https:\/\/doi.org\/10.3390\/biomedicines12040783\">https:\/\/doi.org\/10.3390\/biomedicines12040783<\/a><\/td> <\/tr> <\/tbody> <\/table> <p>&nbsp;<\/p> <p style=\"text-align: center\">Updated: January 2025<\/p>","protected":false},"excerpt":{"rendered":"<p>Introduction Patrik Mag DVM was born in Eger, where he continued his high school education. In 2022, he graduated from the University of Veterinary Medicine, Budapest with a doctorate in veterinary medicine, summa cum laude. In the same year, he started his PhD studies at the Department of Pharmacology and Toxicology of the University, where<\/p>\n","protected":false},"author":5824,"featured_media":0,"parent":857,"menu_order":0,"comment_status":"open","ping_status":"open","template":"","meta":{"_acf_changed":false,"footnotes":""},"categories":[],"tags":[],"class_list":["post-77081","page","type-page","status-publish","hentry"],"acf":[],"_links":{"self":[{"href":"https:\/\/univet.hu\/en\/wp-json\/wp\/v2\/pages\/77081","targetHints":{"allow":["GET"]}}],"collection":[{"href":"https:\/\/univet.hu\/en\/wp-json\/wp\/v2\/pages"}],"about":[{"href":"https:\/\/univet.hu\/en\/wp-json\/wp\/v2\/types\/page"}],"author":[{"embeddable":true,"href":"https:\/\/univet.hu\/en\/wp-json\/wp\/v2\/users\/5824"}],"replies":[{"embeddable":true,"href":"https:\/\/univet.hu\/en\/wp-json\/wp\/v2\/comments?post=77081"}],"version-history":[{"count":2,"href":"https:\/\/univet.hu\/en\/wp-json\/wp\/v2\/pages\/77081\/revisions"}],"predecessor-version":[{"id":172928,"href":"https:\/\/univet.hu\/en\/wp-json\/wp\/v2\/pages\/77081\/revisions\/172928"}],"up":[{"embeddable":true,"href":"https:\/\/univet.hu\/en\/wp-json\/wp\/v2\/pages\/857"}],"wp:attachment":[{"href":"https:\/\/univet.hu\/en\/wp-json\/wp\/v2\/media?parent=77081"}],"wp:term":[{"taxonomy":"category","embeddable":true,"href":"https:\/\/univet.hu\/en\/wp-json\/wp\/v2\/categories?post=77081"},{"taxonomy":"post_tag","embeddable":true,"href":"https:\/\/univet.hu\/en\/wp-json\/wp\/v2\/tags?post=77081"}],"curies":[{"name":"wp","href":"https:\/\/api.w.org\/{rel}","templated":true}]}}