{"id":77466,"date":"2022-08-05T12:11:58","date_gmt":"2022-08-05T10:11:58","guid":{"rendered":"https:\/\/univet.hu\/torzstagok\/"},"modified":"2025-05-13T13:09:00","modified_gmt":"2025-05-13T11:09:00","slug":"torzstagok","status":"publish","type":"page","link":"https:\/\/univet.hu\/en\/education\/doctoral-school\/related-entities\/torzstagok\/","title":{"rendered":"Regular Members"},"content":{"rendered":"<p><span style=\"font-size: 14pt\"><strong style=\"font-size: 18.6667px\">Alad\u00e1r\u00a0<\/strong><strong>Aujeszky Doctoral School Programme in Theoretical Veterinary Sciences<\/strong><\/span><br \/> <span style=\"font-size: 14pt\"><strong>(Head of Doctoral program: Dr.\u00a0<\/strong><\/span><strong style=\"font-size: 18.6667px\">R\u00f3bert\u00a0<\/strong><strong style=\"font-size: 14pt\">Farkas, emeritus professor)<\/strong><\/p> <ol> <li><span style=\"font-family: georgia, palatino, serif;font-size: 12pt\"><a href=\"https:\/\/doktori.hu\/index.php?menuid=192&amp;sz_ID=723\">Dr. Bartha Tibor<\/a> (DSc, egyetemi tan\u00e1r, \u00c9lettani \u00e9s Biok\u00e9miai Tansz\u00e9k)<\/span><\/li> <li><span style=\"font-family: georgia, palatino, serif;font-size: 12pt\"><a href=\"https:\/\/doktori.hu\/index.php?menuid=192&amp;lang=HU&amp;sz_ID=8634&amp;popup=1\">Dr. Csik\u00f3 Gy\u00f6rgy<\/a> (CSc, egyetemi docens, Gy\u00f3gyszertani \u00e9s M\u00e9regtani Tansz\u00e9k)<\/span><\/li> <li><span style=\"font-family: georgia, palatino, serif;font-size: 12pt\"><a href=\"https:\/\/doktori.hu\/index.php?menuid=192&amp;sz_ID=726\">Dr. Farkas R\u00f3bert<\/a> (DSc, professzor emeritus, Parazitol\u00f3giai \u00e9s \u00c1llattani Tansz\u00e9k)<\/span><\/li> <li><span style=\"font-family: georgia, palatino, serif;font-size: 12pt\"><a href=\"https:\/\/doktori.hu\/index.php?menuid=192&amp;sz_ID=727\">Dr. Fodor L\u00e1szl\u00f3<\/a> (CSc, egyetemi tan\u00e1r, J\u00e1rv\u00e1nytani \u00e9s Mikrobiol\u00f3giai Tansz\u00e9k)<\/span><\/li> <li><span style=\"font-family: georgia, palatino, serif;font-size: 12pt\"><a href=\"https:\/\/doktori.hu\/index.php?menuid=192&amp;sz_ID=731\">Dr. Freny\u00f3 V. L\u00e1szl\u00f3<\/a> (CSc, egyetemi tan\u00e1r, \u00c9lettani \u00e9s Biok\u00e9miai Tansz\u00e9k)<\/span><\/li> <li><span style=\"font-family: georgia, palatino, serif;font-size: 12pt\"><a href=\"https:\/\/doktori.hu\/index.php?menuid=192&amp;lang=HU&amp;sz_ID=734\">Dr. G\u00e1lfi P\u00e9ter<\/a> (DSc, egyetemi tan\u00e1r, Gy\u00f3gyszertani \u00e9s M\u00e9regtani Tansz\u00e9k)<\/span><\/li> <li><span style=\"font-family: georgia, palatino, serif;font-size: 12pt\"><a href=\"https:\/\/doktori.hu\/index.php?menuid=192&amp;lang=HU&amp;sz_ID=10515&amp;popup=1\">Dr. Gyuranecz Mikl\u00f3s<\/a> (DSc, tudom\u00e1nyos tan\u00e1csad\u00f3, MTA Agr\u00e1rtudom\u00e1nyi Kutat\u00f3k\u00f6zpont \u00c1llatorvos-tudom\u00e1nyi Int\u00e9zet)<\/span><\/li> <li><span style=\"font-family: georgia, palatino, serif;font-size: 12pt\"><a href=\"https:\/\/doktori.hu\/index.php?menuid=192&amp;lang=HU&amp;sz_ID=820&amp;popup=1\">Dr. Hornok S\u00e1ndor<\/a> (DSc, egyetemi tan\u00e1r, Parazitol\u00f3giai \u00e9s \u00c1llattani Tansz\u00e9k)<\/span><\/li> <li><span style=\"font-family: georgia, palatino, serif;font-size: 12pt\"><a href=\"https:\/\/doktori.hu\/index.php?menuid=192&amp;lang=HU&amp;sz_ID=24428&amp;popup=1\">Dr. Horv\u00e1th Tam\u00e1s<\/a> (DSc, kutat\u00f3professzor, Anat\u00f3miai \u00e9s Sz\u00f6vettani Tansz\u00e9k, )<\/span><\/li> <li><span style=\"font-family: georgia, palatino, serif;font-size: 12pt\"><a href=\"https:\/\/doktori.hu\/doktori-kepzes\/szemelyek\/11702\/\">Dr. Jerzsele \u00c1kos<\/a> (egyetemi docens, Gy\u00f3gyszertani \u00e9s M\u00e9regtani Tansz\u00e9k)\u00a0<\/span><\/li> <li><span style=\"font-family: georgia, palatino, serif;font-size: 12pt\"><a href=\"https:\/\/doktori.hu\/index.php?menuid=192&amp;sz_ID=761\">Dr. Magyar Tibor<\/a> (DSc, tudom\u00e1nyos tan\u00e1csad\u00f3, ATK \u00c1llatorvos-tudom\u00e1nyi Int\u00e9zet)<\/span><\/li> <li><span style=\"font-family: georgia, palatino, serif;font-size: 12pt\"><a href=\"https:\/\/doktori.hu\/doktori-kepzes\/szemelyek\/27255\/\">Dr. M\u00e1tis G\u00e1bor<\/a> (egyetemi docens, \u00c9lettani \u00e9s Biok\u00e9miai Tansz\u00e9k, Biok\u00e9miai Oszt\u00e1ly)\u00a0<\/span><\/li> <li><span style=\"font-family: georgia, palatino, serif;font-size: 12pt\"><a href=\"https:\/\/doktori.hu\/index.php?menuid=192&amp;sz_ID=831\">Dr. Reiczigel Jen\u0151<\/a> (DSc, egyetemi tan\u00e1r, Biomatematikai \u00e9s Sz\u00e1m\u00edt\u00e1stechnikai Tansz\u00e9k)<\/span><\/li> <\/ol> <p><span style=\"font-size: 14pt\"><strong style=\"font-size: 18.6667px\">J\u00f3zsef\u00a0\u00a0<\/strong><strong>Marek Doctoral Programme in Clinical and Food Chain Safety Veterinary Medicine<\/strong><\/span><\/p> <p><span style=\"font-size: 14pt\"><strong>(Programvezet\u0151: Dr.\u00a0<\/strong><\/span><strong style=\"font-size: 18.6667px\">Tibor\u00a0<\/strong><strong style=\"font-size: 14pt\">N\u00e9meth, professor)<\/strong><\/p> <ol> <li><span style=\"font-family: georgia, palatino, serif;font-size: 12pt\"><a href=\"https:\/\/doktori.hu\/index.php?menuid=192&amp;lang=HU&amp;sz_ID=12314&amp;popup=1\">Dr. Bakos Zolt\u00e1n<\/a> (egyetemi docens,\u00a0L\u00f3gy\u00f3gy\u00e1szati Tansz\u00e9k)<\/span><\/li> <li><span style=\"font-family: georgia, palatino, serif;font-size: 12pt\"><a href=\"https:\/\/doktori.hu\/index.php?menuid=192&amp;sz_ID=797\">Dr. Bod\u00f3 G\u00e1bor<\/a> (DSc, egyetemi tan\u00e1r, L\u00f3gy\u00f3gy\u00e1szati Tansz\u00e9k)<\/span><\/li> <li><span style=\"font-family: georgia, palatino, serif;font-size: 12pt\"><a href=\"https:\/\/doktori.hu\/index.php?menuid=192&amp;sz_ID=725\">Dr. Cseh S\u00e1ndor<\/a> (DSc, egyetemi tan\u00e1r, Sz\u00fcl\u00e9szeti \u00e9s Szaporod\u00e1sbiol\u00f3giai Tansz\u00e9k)<\/span><\/li> <li><span style=\"font-family: georgia, palatino, serif;font-size: 12pt\"><a href=\"https:\/\/doktori.hu\/doktori-kepzes\/szemelyek\/3678\/\">Dr. F\u00e9bel Hedvig<\/a> (kutat\u00f3professzor, Sz\u00fcl\u00e9szeti Tansz\u00e9k \u00e9s Haszon\u00e1llat-gy\u00f3gy\u00e1szati Klinika)\u00a0<\/span><\/li> <li><span style=\"font-family: georgia, palatino, serif;font-size: 12pt\"><a href=\"https:\/\/doktori.hu\/index.php?menuid=192&amp;lang=HU&amp;sz_ID=9176\">Dr. G\u00e1l J\u00e1nos<\/a> (DSc, egyetemi tan\u00e1r, Egzotikus\u00e1llat-\u00e9s Vadeg\u00e9szs\u00e9g\u00fcgyi Tansz\u00e9k)<\/span><\/li> <li><span style=\"font-family: georgia, palatino, serif;font-size: 12pt\"><a href=\"https:\/\/doktori.hu\/index.php?menuid=192&amp;sz_ID=828\">Dr. N\u00e9meth Tibor<\/a>\u00a0(egyetemi tan\u00e1r, Seb\u00e9szeti Tansz\u00e9k)<\/span><\/li> <li><span style=\"font-family: georgia, palatino, serif;font-size: 12pt\"><a href=\"https:\/\/doktori.hu\/index.php?menuid=192&amp;lang=HU&amp;sz_ID=8639&amp;popup=1\">Dr. \u00d3zsv\u00e1ri L\u00e1szl\u00f3<\/a> ( egyetemi tan\u00e1r, T\u00f6rv\u00e9nysz\u00e9ki \u00c1llatorvostani, Jogi \u00e9s Gazdas\u00e1gtudom\u00e1nyi Tansz\u00e9k)<\/span><\/li> <li><span style=\"font-family: georgia, palatino, serif;font-size: 12pt\"><a href=\"https:\/\/doktori.hu\/index.php?menuid=192&amp;lang=HU&amp;sz_ID=8264&amp;popup=1\">Dr. Pribenszky Csaba<\/a> (egyetemi oktat\u00f3, \u00c1llathigi\u00e9niai, \u00c1llom\u00e1ny-eg\u00e9szs\u00e9gtani Tansz\u00e9k \u00e9s Mobilklinika)<\/span><\/li> <li><span style=\"font-family: georgia, palatino, serif;font-size: 12pt\"><a href=\"https:\/\/doktori.hu\/index.php?menuid=192&amp;lang=HU&amp;sz_ID=8630\">Dr. R\u00e1cz Bence<\/a> (egyetemi tan\u00e1r, Anat\u00f3miai \u00e9s Sz\u00f6vettani Tansz\u00e9k)<\/span><\/li> <li><span style=\"font-family: georgia, palatino, serif;font-size: 12pt\"><a href=\"https:\/\/doktori.hu\/doktori-kepzes\/szemelyek\/509\/\">Dr. R\u00e1tky J\u00f3zsef<\/a> (egyetemi tan\u00e1r, Anat\u00f3miai \u00e9s Sz\u00f6vettani Tansz\u00e9k)\u00a0<\/span><\/li> <li><span style=\"font-family: georgia, palatino, serif;font-size: 12pt\"><a href=\"https:\/\/doktori.hu\/index.php?menuid=192&amp;lang=HU&amp;sz_ID=845&amp;popup=1\">Dr. Sterczer \u00c1gnes<\/a> (egyetemi docens, Belgy\u00f3gy\u00e1szati Tansz\u00e9k \u00e9s Klinika)<\/span><\/li> <li><span style=\"font-family: georgia, palatino, serif;font-size: 12pt\"><a href=\"https:\/\/doktori.hu\/index.php?menuid=192&amp;sz_ID=741\">Dr. S\u00f3tonyi P\u00e9ter<\/a> (DSc, egyetemi tan\u00e1r, Anat\u00f3miai \u00e9s Sz\u00f6vettani Tansz\u00e9k)<\/span><\/li> <\/ol>","protected":false},"excerpt":{"rendered":"<p>Alad\u00e1r\u00a0Aujeszky Doctoral School Programme in Theoretical Veterinary Sciences (Head of Doctoral program: Dr.\u00a0R\u00f3bert\u00a0Farkas, emeritus professor) Dr. Bartha Tibor (DSc, egyetemi tan\u00e1r, \u00c9lettani \u00e9s Biok\u00e9miai Tansz\u00e9k) Dr. Csik\u00f3 Gy\u00f6rgy (CSc, egyetemi docens, Gy\u00f3gyszertani \u00e9s M\u00e9regtani Tansz\u00e9k) Dr. Farkas R\u00f3bert (DSc, professzor emeritus, Parazitol\u00f3giai \u00e9s \u00c1llattani Tansz\u00e9k) Dr. Fodor L\u00e1szl\u00f3 (CSc, egyetemi tan\u00e1r, J\u00e1rv\u00e1nytani \u00e9s Mikrobiol\u00f3giai Tansz\u00e9k)<\/p>\n","protected":false},"author":3087,"featured_media":0,"parent":77662,"menu_order":0,"comment_status":"open","ping_status":"open","template":"","meta":{"_acf_changed":false,"footnotes":""},"categories":[],"tags":[],"class_list":["post-77466","page","type-page","status-publish","hentry"],"acf":[],"_links":{"self":[{"href":"https:\/\/univet.hu\/en\/wp-json\/wp\/v2\/pages\/77466","targetHints":{"allow":["GET"]}}],"collection":[{"href":"https:\/\/univet.hu\/en\/wp-json\/wp\/v2\/pages"}],"about":[{"href":"https:\/\/univet.hu\/en\/wp-json\/wp\/v2\/types\/page"}],"author":[{"embeddable":true,"href":"https:\/\/univet.hu\/en\/wp-json\/wp\/v2\/users\/3087"}],"replies":[{"embeddable":true,"href":"https:\/\/univet.hu\/en\/wp-json\/wp\/v2\/comments?post=77466"}],"version-history":[{"count":2,"href":"https:\/\/univet.hu\/en\/wp-json\/wp\/v2\/pages\/77466\/revisions"}],"predecessor-version":[{"id":184527,"href":"https:\/\/univet.hu\/en\/wp-json\/wp\/v2\/pages\/77466\/revisions\/184527"}],"up":[{"embeddable":true,"href":"https:\/\/univet.hu\/en\/wp-json\/wp\/v2\/pages\/77662"}],"wp:attachment":[{"href":"https:\/\/univet.hu\/en\/wp-json\/wp\/v2\/media?parent=77466"}],"wp:term":[{"taxonomy":"category","embeddable":true,"href":"https:\/\/univet.hu\/en\/wp-json\/wp\/v2\/categories?post=77466"},{"taxonomy":"post_tag","embeddable":true,"href":"https:\/\/univet.hu\/en\/wp-json\/wp\/v2\/tags?post=77466"}],"curies":[{"name":"wp","href":"https:\/\/api.w.org\/{rel}","templated":true}]}}