{"id":77668,"date":"2022-08-05T12:14:19","date_gmt":"2022-08-05T10:14:19","guid":{"rendered":"https:\/\/univet.hu\/education\/doctoral-school\/related-entities\/doktori-iskola-tanacsa\/"},"modified":"2024-09-24T13:53:03","modified_gmt":"2024-09-24T11:53:03","slug":"doktori-iskola-tanacsa","status":"publish","type":"page","link":"https:\/\/univet.hu\/en\/education\/doctoral-school\/related-entities\/doktori-iskola-tanacsa\/","title":{"rendered":"Council of Doctoral School"},"content":{"rendered":"<p><b>President<\/b>:<br \/> Dr. Bence R\u00e1cz, professor, head of the Doctoral School<\/p> <p><b>Secretary<\/b>:<br \/> Dr. \u00c1d\u00e1m Kerek, associate professor<\/p> <p><strong>External Members<\/strong>:<br \/> Dr. Bal\u00e1zs Harrach, regular member emeritus<\/p> <p>Dr. Tibor Magyar Tibor, director, scientific advisor<\/p> <p><b>Internal \/ University Members<\/b>:<br \/> Dr. R\u00f3bert Farkas, professor emeritus<br \/> Dr. L\u00e1szl\u00f3 Fodor, professor<br \/> Dr. P\u00e9ter G\u00e1lfi,\u00a0professor<br \/> Dr. Tibor N\u00e9meth,\u00a0professor<br \/> Dr. P\u00e9ter S\u00f3tonyi,\u00a0professor<br \/> Dr. K\u00e1roly V\u00f6r\u00f6s,\u00a0professor<br \/> Dr. S\u00e1ndor Hornok,\u00a0professor<\/p> <p><strong>Representative of Student Council<\/strong><strong>:<\/strong><strong><br \/> <\/strong>Mag Patrik, PhD student<\/p>","protected":false},"excerpt":{"rendered":"<p>President: Dr. Bence R\u00e1cz, professor, head of the Doctoral School Secretary: Dr. \u00c1d\u00e1m Kerek, associate professor External Members: Dr. Bal\u00e1zs Harrach, regular member emeritus Dr. Tibor Magyar Tibor, director, scientific advisor Internal \/ University Members: Dr. R\u00f3bert Farkas, professor emeritus Dr. L\u00e1szl\u00f3 Fodor, professor Dr. P\u00e9ter G\u00e1lfi,\u00a0professor Dr. Tibor N\u00e9meth,\u00a0professor Dr. P\u00e9ter S\u00f3tonyi,\u00a0professor Dr. K\u00e1roly<\/p>\n","protected":false},"author":2557,"featured_media":0,"parent":77662,"menu_order":0,"comment_status":"open","ping_status":"open","template":"","meta":{"_acf_changed":false,"footnotes":""},"categories":[],"tags":[],"class_list":["post-77668","page","type-page","status-publish","hentry"],"acf":[],"_links":{"self":[{"href":"https:\/\/univet.hu\/en\/wp-json\/wp\/v2\/pages\/77668","targetHints":{"allow":["GET"]}}],"collection":[{"href":"https:\/\/univet.hu\/en\/wp-json\/wp\/v2\/pages"}],"about":[{"href":"https:\/\/univet.hu\/en\/wp-json\/wp\/v2\/types\/page"}],"author":[{"embeddable":true,"href":"https:\/\/univet.hu\/en\/wp-json\/wp\/v2\/users\/2557"}],"replies":[{"embeddable":true,"href":"https:\/\/univet.hu\/en\/wp-json\/wp\/v2\/comments?post=77668"}],"version-history":[{"count":0,"href":"https:\/\/univet.hu\/en\/wp-json\/wp\/v2\/pages\/77668\/revisions"}],"up":[{"embeddable":true,"href":"https:\/\/univet.hu\/en\/wp-json\/wp\/v2\/pages\/77662"}],"wp:attachment":[{"href":"https:\/\/univet.hu\/en\/wp-json\/wp\/v2\/media?parent=77668"}],"wp:term":[{"taxonomy":"category","embeddable":true,"href":"https:\/\/univet.hu\/en\/wp-json\/wp\/v2\/categories?post=77668"},{"taxonomy":"post_tag","embeddable":true,"href":"https:\/\/univet.hu\/en\/wp-json\/wp\/v2\/tags?post=77668"}],"curies":[{"name":"wp","href":"https:\/\/api.w.org\/{rel}","templated":true}]}}