{"id":79568,"date":"2022-10-14T13:36:41","date_gmt":"2022-10-14T11:36:41","guid":{"rendered":"https:\/\/univet.hu\/?page_id=79568"},"modified":"2022-11-25T15:20:16","modified_gmt":"2022-11-25T14:20:16","slug":"program","status":"publish","type":"page","link":"https:\/\/univet.hu\/en\/biology\/met2022\/program\/","title":{"rendered":"Program"},"content":{"rendered":"<h1>Program<\/h1> <p>Conference program and abstract booklet are available <a href=\"https:\/\/univet.hu\/wp-content\/uploads\/2022\/11\/MET2022ProgAbs_20221125_1502.pdf\">here<\/a>.<\/p> <h1>Plenary speakers<\/h1> <p><a href=\"http:\/\/www.nyf.hu\/kornyezet\/node\/87\">Tibor Sz\u00e9p<\/a>, University of Ny\u00edregyh\u00e1za, Institute of Environmental Sciences <\/p> <p><a href=\"https:\/\/koki.hu\/researchgroups\/translational-behavioural-neuroscience\/about-us\">\u00c9va Mikics<\/a>, ELKH Institute of Experimental Medicine, Translational Behavioural Neuroscience Research Group<\/p> <p><a href=\"http:\/\/evolecol.hu\/people\/attila-hettyey\/\">Attila Hettyey<\/a>, ELKH Centre for Agricultural Research, Plant Protection Institute, Evolutionary Ecology Research Group<\/p>","protected":false},"excerpt":{"rendered":"<p>Program Conference program and abstract booklet are available here. Plenary speakers Tibor Sz\u00e9p, University of Ny\u00edregyh\u00e1za, Institute of Environmental Sciences \u00c9va Mikics, ELKH Institute of Experimental Medicine, Translational Behavioural Neuroscience Research Group Attila Hettyey, ELKH Centre for Agricultural Research, Plant Protection Institute, Evolutionary Ecology Research Group<\/p>\n","protected":false},"author":96,"featured_media":0,"parent":79209,"menu_order":0,"comment_status":"open","ping_status":"open","template":"","meta":{"_acf_changed":false,"footnotes":""},"categories":[],"tags":[],"class_list":["post-79568","page","type-page","status-publish","hentry"],"acf":[],"_links":{"self":[{"href":"https:\/\/univet.hu\/en\/wp-json\/wp\/v2\/pages\/79568","targetHints":{"allow":["GET"]}}],"collection":[{"href":"https:\/\/univet.hu\/en\/wp-json\/wp\/v2\/pages"}],"about":[{"href":"https:\/\/univet.hu\/en\/wp-json\/wp\/v2\/types\/page"}],"author":[{"embeddable":true,"href":"https:\/\/univet.hu\/en\/wp-json\/wp\/v2\/users\/96"}],"replies":[{"embeddable":true,"href":"https:\/\/univet.hu\/en\/wp-json\/wp\/v2\/comments?post=79568"}],"version-history":[{"count":0,"href":"https:\/\/univet.hu\/en\/wp-json\/wp\/v2\/pages\/79568\/revisions"}],"up":[{"embeddable":true,"href":"https:\/\/univet.hu\/en\/wp-json\/wp\/v2\/pages\/79209"}],"wp:attachment":[{"href":"https:\/\/univet.hu\/en\/wp-json\/wp\/v2\/media?parent=79568"}],"wp:term":[{"taxonomy":"category","embeddable":true,"href":"https:\/\/univet.hu\/en\/wp-json\/wp\/v2\/categories?post=79568"},{"taxonomy":"post_tag","embeddable":true,"href":"https:\/\/univet.hu\/en\/wp-json\/wp\/v2\/tags?post=79568"}],"curies":[{"name":"wp","href":"https:\/\/api.w.org\/{rel}","templated":true}]}}