{"id":80658,"date":"2022-11-24T11:16:28","date_gmt":"2022-11-24T10:16:28","guid":{"rendered":"https:\/\/univet.hu\/en\/about\/staff\/new-staff-member-page-3\/"},"modified":"2026-02-10T04:26:34","modified_gmt":"2026-02-10T03:26:34","slug":"penzes-imre-tamasne","status":"publish","type":"page","link":"https:\/\/univet.hu\/en\/about\/staff\/penzes-imre-tamasne\/","title":{"rendered":"P\u00e9nzes Imre Tam\u00e1sn\u00e9"},"content":{"rendered":"","protected":false},"excerpt":{"rendered":"","protected":false},"author":5824,"featured_media":0,"parent":857,"menu_order":0,"comment_status":"open","ping_status":"open","template":"","meta":{"_acf_changed":false,"footnotes":""},"categories":[],"tags":[],"class_list":["post-80658","page","type-page","status-publish","hentry"],"acf":[],"_links":{"self":[{"href":"https:\/\/univet.hu\/en\/wp-json\/wp\/v2\/pages\/80658","targetHints":{"allow":["GET"]}}],"collection":[{"href":"https:\/\/univet.hu\/en\/wp-json\/wp\/v2\/pages"}],"about":[{"href":"https:\/\/univet.hu\/en\/wp-json\/wp\/v2\/types\/page"}],"author":[{"embeddable":true,"href":"https:\/\/univet.hu\/en\/wp-json\/wp\/v2\/users\/5824"}],"replies":[{"embeddable":true,"href":"https:\/\/univet.hu\/en\/wp-json\/wp\/v2\/comments?post=80658"}],"version-history":[{"count":1,"href":"https:\/\/univet.hu\/en\/wp-json\/wp\/v2\/pages\/80658\/revisions"}],"predecessor-version":[{"id":199834,"href":"https:\/\/univet.hu\/en\/wp-json\/wp\/v2\/pages\/80658\/revisions\/199834"}],"up":[{"embeddable":true,"href":"https:\/\/univet.hu\/en\/wp-json\/wp\/v2\/pages\/857"}],"wp:attachment":[{"href":"https:\/\/univet.hu\/en\/wp-json\/wp\/v2\/media?parent=80658"}],"wp:term":[{"taxonomy":"category","embeddable":true,"href":"https:\/\/univet.hu\/en\/wp-json\/wp\/v2\/categories?post=80658"},{"taxonomy":"post_tag","embeddable":true,"href":"https:\/\/univet.hu\/en\/wp-json\/wp\/v2\/tags?post=80658"}],"curies":[{"name":"wp","href":"https:\/\/api.w.org\/{rel}","templated":true}]}}