{"id":82368,"date":"2023-01-23T16:43:04","date_gmt":"2023-01-23T15:43:04","guid":{"rendered":"https:\/\/univet.hu\/en\/education\/courses\/digitalization-in-veterinary-practices\/"},"modified":"2023-02-28T12:37:01","modified_gmt":"2023-02-28T11:37:01","slug":"digitalization-in-veterinary-practices","status":"publish","type":"page","link":"https:\/\/univet.hu\/en\/education\/courses\/digitalization-in-veterinary-practices\/","title":{"rendered":"Digitalization in veterinary practices"},"content":{"rendered":"<p>Subject responsibility: Dr. L\u00e1szl\u00f3 \u00d3zsv\u00e1ri, full professor<\/p> <p>General aim of the subject:\u00a0The elective will present the latest digital trading tools applied to veterinary practices. It prepares students in both companion animal and livestock fields to understand and use digital tools at a basic level, to add value to their practice and to complement their veterinary work in a professional way.<\/p> <p>Pre-study requirements: Agricultural Economics<\/p> <p>&nbsp;<\/p>","protected":false},"excerpt":{"rendered":"<p>Subject responsibility: Dr. L\u00e1szl\u00f3 \u00d3zsv\u00e1ri, full professor General aim of the subject:\u00a0The elective will present the latest digital trading tools applied to veterinary practices. It prepares students in both companion animal and livestock fields to understand and use digital tools at a basic level, to add value to their practice and to complement their veterinary<\/p>\n","protected":false},"author":3837,"featured_media":0,"parent":676,"menu_order":34,"comment_status":"open","ping_status":"open","template":"","meta":{"_acf_changed":false,"footnotes":""},"categories":[],"tags":[],"class_list":["post-82368","page","type-page","status-publish","hentry"],"acf":[],"_links":{"self":[{"href":"https:\/\/univet.hu\/en\/wp-json\/wp\/v2\/pages\/82368","targetHints":{"allow":["GET"]}}],"collection":[{"href":"https:\/\/univet.hu\/en\/wp-json\/wp\/v2\/pages"}],"about":[{"href":"https:\/\/univet.hu\/en\/wp-json\/wp\/v2\/types\/page"}],"author":[{"embeddable":true,"href":"https:\/\/univet.hu\/en\/wp-json\/wp\/v2\/users\/3837"}],"replies":[{"embeddable":true,"href":"https:\/\/univet.hu\/en\/wp-json\/wp\/v2\/comments?post=82368"}],"version-history":[{"count":1,"href":"https:\/\/univet.hu\/en\/wp-json\/wp\/v2\/pages\/82368\/revisions"}],"predecessor-version":[{"id":174564,"href":"https:\/\/univet.hu\/en\/wp-json\/wp\/v2\/pages\/82368\/revisions\/174564"}],"up":[{"embeddable":true,"href":"https:\/\/univet.hu\/en\/wp-json\/wp\/v2\/pages\/676"}],"wp:attachment":[{"href":"https:\/\/univet.hu\/en\/wp-json\/wp\/v2\/media?parent=82368"}],"wp:term":[{"taxonomy":"category","embeddable":true,"href":"https:\/\/univet.hu\/en\/wp-json\/wp\/v2\/categories?post=82368"},{"taxonomy":"post_tag","embeddable":true,"href":"https:\/\/univet.hu\/en\/wp-json\/wp\/v2\/tags?post=82368"}],"curies":[{"name":"wp","href":"https:\/\/api.w.org\/{rel}","templated":true}]}}