{"id":83526,"date":"2023-02-13T22:46:24","date_gmt":"2023-02-13T21:46:24","guid":{"rendered":"https:\/\/univet.hu\/en\/about\/staff\/new-staff-member-page-3\/"},"modified":"2026-02-10T04:27:56","modified_gmt":"2026-02-10T03:27:56","slug":"csatari-dora","status":"publish","type":"page","link":"https:\/\/univet.hu\/en\/about\/staff\/csatari-dora\/","title":{"rendered":"Csat\u00e1ri D\u00f3ra"},"content":{"rendered":"<h2 id=\"tw-target-text\" class=\"tw-data-text tw-text-large tw-ta\" dir=\"ltr\" data-placeholder=\"Ford\u00edt\u00e1s\"><span class=\"Y2IQFc\" lang=\"en\">Introduction<\/span><\/h2> <p class=\"tw-data-text tw-text-large tw-ta\" dir=\"ltr\" data-placeholder=\"Ford\u00edt\u00e1s\"><span class=\"Y2IQFc\" lang=\"en\">Dr. D\u00f3ra Csat\u00e1ri was born in Budapest, she continued her high school studies at Szent Istv\u00e1n High School in Budapest, and after graduation she was admitted to the Faculty of Veterinary Medicine of Szent Istv\u00e1n University. He received his diploma at the independent University of Veterinary Medicine in 2020. After graduation, he joined the clinical staff of the Department of Exotic Animal and Wildlife Health, and in 2021 he will continue his research at the Department after a successful PhD admission. In parallel with this, in 2020, he also started further training in exotic animal medicine. <\/span><\/p> <p class=\"tw-data-text tw-text-large tw-ta\" dir=\"ltr\" data-placeholder=\"Ford\u00edt\u00e1s\"><strong><span class=\"Y2IQFc\" lang=\"en\" style=\"font-size: 14pt\">Main research areas: <\/span><\/strong><\/p> <p class=\"tw-data-text tw-text-large tw-ta\" dir=\"ltr\" data-placeholder=\"Ford\u00edt\u00e1s\"><span class=\"Y2IQFc\" lang=\"en\">diseases and surgery of exotic small mammals<\/span><\/p>","protected":false},"excerpt":{"rendered":"<p>Introduction Dr. D\u00f3ra Csat\u00e1ri was born in Budapest, she continued her high school studies at Szent Istv\u00e1n High School in Budapest, and after graduation she was admitted to the Faculty of Veterinary Medicine of Szent Istv\u00e1n University. He received his diploma at the independent University of Veterinary Medicine in 2020. After graduation, he joined the<\/p>\n","protected":false},"author":5824,"featured_media":0,"parent":857,"menu_order":37,"comment_status":"open","ping_status":"open","template":"","meta":{"_acf_changed":false,"footnotes":""},"categories":[],"tags":[],"class_list":["post-83526","page","type-page","status-publish","hentry"],"acf":[],"_links":{"self":[{"href":"https:\/\/univet.hu\/en\/wp-json\/wp\/v2\/pages\/83526","targetHints":{"allow":["GET"]}}],"collection":[{"href":"https:\/\/univet.hu\/en\/wp-json\/wp\/v2\/pages"}],"about":[{"href":"https:\/\/univet.hu\/en\/wp-json\/wp\/v2\/types\/page"}],"author":[{"embeddable":true,"href":"https:\/\/univet.hu\/en\/wp-json\/wp\/v2\/users\/5824"}],"replies":[{"embeddable":true,"href":"https:\/\/univet.hu\/en\/wp-json\/wp\/v2\/comments?post=83526"}],"version-history":[{"count":1,"href":"https:\/\/univet.hu\/en\/wp-json\/wp\/v2\/pages\/83526\/revisions"}],"predecessor-version":[{"id":181645,"href":"https:\/\/univet.hu\/en\/wp-json\/wp\/v2\/pages\/83526\/revisions\/181645"}],"up":[{"embeddable":true,"href":"https:\/\/univet.hu\/en\/wp-json\/wp\/v2\/pages\/857"}],"wp:attachment":[{"href":"https:\/\/univet.hu\/en\/wp-json\/wp\/v2\/media?parent=83526"}],"wp:term":[{"taxonomy":"category","embeddable":true,"href":"https:\/\/univet.hu\/en\/wp-json\/wp\/v2\/categories?post=83526"},{"taxonomy":"post_tag","embeddable":true,"href":"https:\/\/univet.hu\/en\/wp-json\/wp\/v2\/tags?post=83526"}],"curies":[{"name":"wp","href":"https:\/\/api.w.org\/{rel}","templated":true}]}}