{"id":83548,"date":"2023-02-14T10:28:01","date_gmt":"2023-02-14T09:28:01","guid":{"rendered":"https:\/\/univet.hu\/?page_id=83548"},"modified":"2026-02-10T04:25:42","modified_gmt":"2026-02-10T03:25:42","slug":"freiler-nagy-agnes","status":"publish","type":"page","link":"https:\/\/univet.hu\/en\/about\/staff\/freiler-nagy-agnes\/","title":{"rendered":"Freiler-Nagy \u00c1gnes"},"content":{"rendered":"<p style=\"text-align: center;\"><span style=\"font-size: 14pt;\">Introduction<\/span><\/p> <p>\u00c1gnes Freiler-Nagy graduated in 2011 in the E\u00f6tv\u00f6s Lor\u00e1nd University, Faculty of Science. This year, he began his studies at ELTE&#8217;s Doctoral School of Environmental Studies, where her research topic was the investigation of the geological origin of natural radioactivity in various areas of the Sopron Mountains. During the doctoral research, she mastered several instrumental analytical methods and led the laboratory exercises of Environmental Science students. In 2016 she obtained a PhD degree with a \u201csumma cum laude\u201d qualification.<\/p> <p><strong>Progress<\/strong><\/p> <table width=\"600\"> <tbody> <tr> <td style=\"text-align: center;\" width=\"132\"><strong>Date<\/strong><\/td> <td style=\"text-align: center;\" width=\"257\"><strong>Workplaces<\/strong><\/td> <td style=\"text-align: center;\" width=\"211\"><strong>Position<\/strong><\/td> <\/tr> <tr> <td width=\"132\">2014-2017<\/td> <td width=\"257\">Geological and Geophisical Institute of Hungary<\/td> <td width=\"211\">research fellow<\/td> <\/tr> <tr> <td width=\"132\">2017-2023<\/td> <td width=\"257\">Cemkut Cementipari Kutat\u00f3 fejleszt\u0151 Kft.<\/td> <td width=\"211\">manager of laboratory<\/td> <\/tr> <tr> <td width=\"132\">2023-<\/td> <td width=\"257\">University of Veterinary Medicine Budapest<\/td> <td width=\"211\">research fellow<\/td> <\/tr> <\/tbody> <\/table> <p>Main research areas:<\/p> <ul> <li>\u00a0Performing instrumental analytical determinations with ICP-OES (inductively coupled plasma optical emission spectrometry), AAS (atomic absorption spectrometry) at the department\u2019s laboratory. Determining the element content of biological (e.g. animal tissues, feed) and environmental samples (e.g. water, soil) in order to have a constantly expanding database available for the evaluation of various domestic and international projects.<\/li> <\/ul> <p>Selected publications:<\/p> <p>MTMT ID: 10044698<\/p> <ol> <li>Freiler, \u00c1 ; Horv\u00e1th, \u00c1 ; T\u00f6r\u00f6k, K. Ra-226 activity distribution of rocks in the Sopron Mts. (West-Hungary) JOURNAL OF RADIOANALYTICAL AND NUCLEAR CHEMISTRY 306 : 1 pp. 243-247. , 5 p. (2015)<\/li> <li>Kert\u00e9sz, Z ; Furu, E ; Angyal, A ; Freiler, \u00c1 ; T\u00f6r\u00f6k, K\u00e1lm\u00e1n ; Horv\u00e1th, \u00c1. Characterization of uranium and thorium containing minerals by nuclear microscopy JOURNAL OF RADIOANALYTICAL AND NUCLEAR CHEMISTRY 306 : 1 pp. 283-288. , 6 p. (2015)<\/li> <li>Freiler, \u00c1 ; Horv\u00e1th, \u00c1 ; T\u00f6r\u00f6k, K; F\u00f6ldes, T. Origin of radon concentration of Csal\u00f3ka Spring in the Sopron Mountains (West Hungary) JOURNAL OF ENVIRONMENTAL RADIOACTIVITY 151 pp. 174-184. , 11 p. (2016)<\/li> <li>Sendula, E ; P\u00e1les, M ; P\u00e9ter, Szab\u00f3 B ; Udvardi, B ; Kov\u00e1cs, I ; K\u00f3nya, P ; Freiler, \u00c1 ; Besnyi, A ; Kir\u00e1ly, Cs ; Sz\u00e9kely, E et al. Experimental study of CO2-saturated water \u2012 illite\/kaolinite\/montmorillonite system at 70-80\u00b0C, 100-105 bar ENERGY PROCEDIA 114 pp. 4934-4947. , 14 p. (2017)<\/li> <li>Szab\u00f3, Zs. ; Hegyfalvi, Cs. ; Freiler-Nagy, \u00c1. ; Udvardi, B. ; K\u00f3nya, P. ; Kir\u00e1ly, Cs. ; Sz\u00e9kely, E. ; Falus., Gy. Geochemical Reactions of Na-montmorillonite in Dissolved scCO2 in Relevance of Modeling Caprock Behavior in CO2 Geological Storage PERIODICA POLYTECHNICA-CHEMICAL ENGINEERING 63 : 2 pp. 318-327. , 10 p. (2019)<\/li> <li>Kov\u00e1cs-Bodor, P.; Csondor, K.; Er\u0151ss, A.; Szieberth, D.; Freiler-Nagy, \u00c1.; Horv\u00e1th, \u00c1.; Bihari, \u00c1.; M\u00e1dl-Sz\u0151nyi, J. Natural radioactivity of thermal springs and related precipitates in Gell\u00e9rt Hill area, Buda Thermal Karst, Hungary JOURNAL OF ENVIRONMENTAL RADIOACTIVITY 201 pp. 32-42. , 11 p. (2019)<\/li> <\/ol> <p><em>\u00a0<\/em><\/p>","protected":false},"excerpt":{"rendered":"<p>Introduction \u00c1gnes Freiler-Nagy graduated in 2011 in the E\u00f6tv\u00f6s Lor\u00e1nd University, Faculty of Science. This year, he began his studies at ELTE&#8217;s Doctoral School of Environmental Studies, where her research topic was the investigation of the geological origin of natural radioactivity in various areas of the Sopron Mountains. During the doctoral research, she mastered several<\/p>\n","protected":false},"author":5824,"featured_media":0,"parent":857,"menu_order":0,"comment_status":"closed","ping_status":"closed","template":"","meta":{"_acf_changed":false,"footnotes":""},"categories":[],"tags":[],"class_list":["post-83548","page","type-page","status-publish","hentry"],"acf":[],"_links":{"self":[{"href":"https:\/\/univet.hu\/en\/wp-json\/wp\/v2\/pages\/83548","targetHints":{"allow":["GET"]}}],"collection":[{"href":"https:\/\/univet.hu\/en\/wp-json\/wp\/v2\/pages"}],"about":[{"href":"https:\/\/univet.hu\/en\/wp-json\/wp\/v2\/types\/page"}],"author":[{"embeddable":true,"href":"https:\/\/univet.hu\/en\/wp-json\/wp\/v2\/users\/5824"}],"replies":[{"embeddable":true,"href":"https:\/\/univet.hu\/en\/wp-json\/wp\/v2\/comments?post=83548"}],"version-history":[{"count":1,"href":"https:\/\/univet.hu\/en\/wp-json\/wp\/v2\/pages\/83548\/revisions"}],"predecessor-version":[{"id":199767,"href":"https:\/\/univet.hu\/en\/wp-json\/wp\/v2\/pages\/83548\/revisions\/199767"}],"up":[{"embeddable":true,"href":"https:\/\/univet.hu\/en\/wp-json\/wp\/v2\/pages\/857"}],"wp:attachment":[{"href":"https:\/\/univet.hu\/en\/wp-json\/wp\/v2\/media?parent=83548"}],"wp:term":[{"taxonomy":"category","embeddable":true,"href":"https:\/\/univet.hu\/en\/wp-json\/wp\/v2\/categories?post=83548"},{"taxonomy":"post_tag","embeddable":true,"href":"https:\/\/univet.hu\/en\/wp-json\/wp\/v2\/tags?post=83548"}],"curies":[{"name":"wp","href":"https:\/\/api.w.org\/{rel}","templated":true}]}}