{"id":845,"date":"2018-07-30T16:15:00","date_gmt":"2017-06-20T10:35:00","guid":{"rendered":"http:\/\/univet.hu\/education\/lecture-halls\/"},"modified":"2025-08-19T14:52:37","modified_gmt":"2025-08-19T12:52:37","slug":"lecture-halls","status":"publish","type":"page","link":"https:\/\/univet.hu\/en\/education\/students-secretariat\/downloads-forms-tutorials-faq\/lecture-halls\/","title":{"rendered":"Lecture halls"},"content":{"rendered":"<p>Lecture halls: Hetzel Henrik, Kem\u00e9ny Armand, Kotl\u00e1n S\u00e1ndor (1st floor), Magyary-Kossa Gyula, Marek J\u00f3zsef, K\u00f3m\u00e1r Gyula, Tolnay S\u00e1ndor, Tormay B\u00e9la, Urb\u00e1nyi L\u00e1szl\u00f3, Zimmermann \u00c1goston, Zlam\u00e1l Vilmos<\/p> <p>Library: Hutyra Ferenc<\/p> <p>Schoolroom: N\u00e1daskay B\u00e9la<\/p> <p><img loading=\"lazy\" decoding=\"async\" class=\"alignnone size-large wp-image-189199\" src=\"https:\/\/univet.hu\/wp-content\/uploads\/2025\/08\/Lecture-halls-2-960x679.png\" alt=\"\" width=\"960\" height=\"679\" srcset=\"https:\/\/univet.hu\/wp-content\/uploads\/2025\/08\/Lecture-halls-2-960x679.png 960w, https:\/\/univet.hu\/wp-content\/uploads\/2025\/08\/Lecture-halls-2-320x226.png 320w, https:\/\/univet.hu\/wp-content\/uploads\/2025\/08\/Lecture-halls-2-768x543.png 768w, https:\/\/univet.hu\/wp-content\/uploads\/2025\/08\/Lecture-halls-2-1536x1086.png 1536w, https:\/\/univet.hu\/wp-content\/uploads\/2025\/08\/Lecture-halls-2.png 2048w\" sizes=\"auto, (max-width: 960px) 100vw, 960px\" \/><\/p>","protected":false},"excerpt":{"rendered":"<p>Lecture halls: Hetzel Henrik, Kem\u00e9ny Armand, Kotl\u00e1n S\u00e1ndor (1st floor), Magyary-Kossa Gyula, Marek J\u00f3zsef, K\u00f3m\u00e1r Gyula, Tolnay S\u00e1ndor, Tormay B\u00e9la, Urb\u00e1nyi L\u00e1szl\u00f3, Zimmermann \u00c1goston, Zlam\u00e1l Vilmos Library: Hutyra Ferenc Schoolroom: N\u00e1daskay B\u00e9la<\/p>\n","protected":false},"author":1,"featured_media":0,"parent":188837,"menu_order":34,"comment_status":"closed","ping_status":"closed","template":"","meta":{"_acf_changed":false,"footnotes":""},"categories":[],"tags":[],"class_list":["post-845","page","type-page","status-publish","hentry"],"acf":[],"_links":{"self":[{"href":"https:\/\/univet.hu\/en\/wp-json\/wp\/v2\/pages\/845","targetHints":{"allow":["GET"]}}],"collection":[{"href":"https:\/\/univet.hu\/en\/wp-json\/wp\/v2\/pages"}],"about":[{"href":"https:\/\/univet.hu\/en\/wp-json\/wp\/v2\/types\/page"}],"author":[{"embeddable":true,"href":"https:\/\/univet.hu\/en\/wp-json\/wp\/v2\/users\/1"}],"replies":[{"embeddable":true,"href":"https:\/\/univet.hu\/en\/wp-json\/wp\/v2\/comments?post=845"}],"version-history":[{"count":5,"href":"https:\/\/univet.hu\/en\/wp-json\/wp\/v2\/pages\/845\/revisions"}],"predecessor-version":[{"id":189202,"href":"https:\/\/univet.hu\/en\/wp-json\/wp\/v2\/pages\/845\/revisions\/189202"}],"up":[{"embeddable":true,"href":"https:\/\/univet.hu\/en\/wp-json\/wp\/v2\/pages\/188837"}],"wp:attachment":[{"href":"https:\/\/univet.hu\/en\/wp-json\/wp\/v2\/media?parent=845"}],"wp:term":[{"taxonomy":"category","embeddable":true,"href":"https:\/\/univet.hu\/en\/wp-json\/wp\/v2\/categories?post=845"},{"taxonomy":"post_tag","embeddable":true,"href":"https:\/\/univet.hu\/en\/wp-json\/wp\/v2\/tags?post=845"}],"curies":[{"name":"wp","href":"https:\/\/api.w.org\/{rel}","templated":true}]}}