{"id":84865,"date":"2023-03-30T13:06:24","date_gmt":"2023-03-30T11:06:24","guid":{"rendered":"https:\/\/univet.hu\/en\/ate-lovas-szakkollegium\/name\/"},"modified":"2023-03-30T13:06:46","modified_gmt":"2023-03-30T11:06:46","slug":"szabalyzatok","status":"publish","type":"page","link":"https:\/\/univet.hu\/en\/ate-lovas-szakkollegium\/szabalyzatok\/","title":{"rendered":"Szab\u00e1lyzatok"},"content":{"rendered":"<p>Felt\u00f6lt\u00e9s alatt.<\/p>","protected":false},"excerpt":{"rendered":"<p>Felt\u00f6lt\u00e9s alatt.<\/p>\n","protected":false},"author":3837,"featured_media":0,"parent":84862,"menu_order":0,"comment_status":"open","ping_status":"open","template":"","meta":{"_acf_changed":false,"footnotes":""},"categories":[],"tags":[],"class_list":["post-84865","page","type-page","status-publish","hentry"],"acf":[],"_links":{"self":[{"href":"https:\/\/univet.hu\/en\/wp-json\/wp\/v2\/pages\/84865","targetHints":{"allow":["GET"]}}],"collection":[{"href":"https:\/\/univet.hu\/en\/wp-json\/wp\/v2\/pages"}],"about":[{"href":"https:\/\/univet.hu\/en\/wp-json\/wp\/v2\/types\/page"}],"author":[{"embeddable":true,"href":"https:\/\/univet.hu\/en\/wp-json\/wp\/v2\/users\/3837"}],"replies":[{"embeddable":true,"href":"https:\/\/univet.hu\/en\/wp-json\/wp\/v2\/comments?post=84865"}],"version-history":[{"count":0,"href":"https:\/\/univet.hu\/en\/wp-json\/wp\/v2\/pages\/84865\/revisions"}],"up":[{"embeddable":true,"href":"https:\/\/univet.hu\/en\/wp-json\/wp\/v2\/pages\/84862"}],"wp:attachment":[{"href":"https:\/\/univet.hu\/en\/wp-json\/wp\/v2\/media?parent=84865"}],"wp:term":[{"taxonomy":"category","embeddable":true,"href":"https:\/\/univet.hu\/en\/wp-json\/wp\/v2\/categories?post=84865"},{"taxonomy":"post_tag","embeddable":true,"href":"https:\/\/univet.hu\/en\/wp-json\/wp\/v2\/tags?post=84865"}],"curies":[{"name":"wp","href":"https:\/\/api.w.org\/{rel}","templated":true}]}}