{"id":84879,"date":"2023-03-30T15:40:26","date_gmt":"2023-03-30T13:40:26","guid":{"rendered":"https:\/\/univet.hu\/hu\/egyetem\/szervezeti-egysegek\/patologiai-tanszek\/name\/"},"modified":"2025-04-11T10:20:24","modified_gmt":"2025-04-11T08:20:24","slug":"diplomamunka-tdk","status":"publish","type":"page","link":"https:\/\/univet.hu\/en\/egyetem\/szervezeti-egysegek\/patologiai-tanszek\/diplomamunka-tdk\/","title":{"rendered":"Diplomamunka\/TDK"},"content":{"rendered":"<p>Tansz\u00e9k\u00fcnk\u00f6n a patol\u00f3gia keretein bel\u00fcl k\u00f3rsz\u00f6vettani elv\u00e1ltoz\u00e1sokkal, v\u00edrusos\/bakteri\u00e1lis megbeteged\u00e9sekkel \u00e9s az ezek vizsg\u00e1lat\u00e1hoz alkalmazhat\u00f3 m\u00f3dszerekkel foglalkozunk, \u00edgy diplomamunka\/TDK dolgozat k\u00e9sz\u00edt\u00e9s\u00e9hez ezen t\u00e9mak\u00f6r\u00f6kben tudunk seg\u00edts\u00e9get ny\u00fajtani.<\/p> <p>A megfelel\u0151 min\u0151s\u00e9g\u0171 dolgozat elk\u00e9sz\u00fcl\u00e9s\u00e9hez a jelentkez\u0151kre az al\u00e1bbi szab\u00e1lyok elfogad\u00e1sa k\u00f6telez\u0151:<\/p> <ol> <li>A Tanulm\u00e1nyi \u00e9s vizsgaszab\u00e1lyzat (TVSZ) 41.\u00a7 (5) a. pontja alapj\u00e1n Tansz\u00e9k\u00fcnkre diplomadolgozatok elk\u00e9sz\u00edt\u00e9se c\u00e9lj\u00e1b\u00f3l legk\u00e9s\u0151bb a 8. f\u00e9l\u00e9v szorgalmi id\u0151szak\u00e1nak v\u00e9g\u00e9ig kell jelentkezni, a szervezeti egys\u00e9g vezet\u0151j\u00e9n\u00e9l.<\/li> <li>Tansz\u00e9k\u00fcnkre a diplomadolgozati t\u00e9m\u00e1ra legkor\u00e1bban a teljes\u00edtett 5. f\u00e9l\u00e9v ut\u00e1n lehet jelentkezni, az \u201e\u00c1llatorvosi virol\u00f3gia\u201d, \u201e\u00c1llatorvosi bakteriol\u00f3gia\u201d \u00e9s \u201e\u00c1ltal\u00e1nos k\u00f3rtan\u201d tant\u00e1rgyakb\u00f3l letett sikeres vizsga birtok\u00e1ban. A TDK dolgozatok tekintet\u00e9ben nincs ilyen megk\u00f6t\u00e9s.<\/li> <li>A TVSZ 41.\u00a7 (5) d. pontja alapj\u00e1n a \u201eDiplomadolgozatot minden hallgat\u00f3 egy\u00e9nileg k\u00f6teles k\u00e9sz\u00edteni.\u201d, teh\u00e1t oktat\u00f3ink a dolgozatok elk\u00e9sz\u00edt\u00e9s\u00e9hez szakmai t\u00e1mogat\u00e1st biztos\u00edtanak, de a dolgozat megfelel\u0151 sz\u00ednvonal\u00fa elk\u00e9sz\u00edt\u00e9se a hallgat\u00f3 kiz\u00e1r\u00f3lagos feladata. A hallgat\u00f3 nem megfelel\u0151 hozz\u00e1\u00e1ll\u00e1s\u00e1b\u00f3l ad\u00f3d\u00f3 k\u00e9sedelmet tansz\u00e9ki oktat\u00f3inknak nincs m\u00f3dja \u00e9s ideje kompenz\u00e1lni, a dolgozat el nem k\u00e9sz\u00fclte vagy k\u00e9sedelmes elk\u00e9sz\u00fcl\u00e9s\u00e9nek felel\u0151ss\u00e9ge ilyen esetben a hallgat\u00f3\u00e9.<\/li> <li>Tansz\u00e9k\u00fcnk el\u0151nyben r\u00e9szes\u00edti a hallgat\u00f3 \u00f6n\u00e1ll\u00f3 munk\u00e1j\u00e1n alapul\u00f3 diplomadolgozatokat, azaz a dolgozatnak az al\u00e1bbiak valamelyik\u00e9t mag\u00e1ban kell foglalnia:<\/li> <\/ol> <ul> <li>saj\u00e1t laborat\u00f3riumi munka<\/li> <li>saj\u00e1t epidemiol\u00f3giai elemz\u00e9s, sz\u00e1m\u00edt\u00e1s, k\u00e9rd\u0151\u00edves felm\u00e9r\u00e9s<\/li> <li>k\u00f3reset le\u00edr\u00e1sa, diagnosztikai elemz\u00e9s<\/li> <li>int\u00e9zeti diagnosztikai adatb\u00e1zis elemz\u00e9se<\/li> <li>egy\u00e9b relev\u00e1ns szakmai elemz\u00e9s<\/li> <\/ul> <ol start=\"5\"> <li>Fentieken k\u00edv\u00fcl, irodalmi \u00f6sszefoglal\u00f3 \u00edr\u00e1sa is lehets\u00e9ges, de csak abban az esetben, ha az adott t\u00e9ma tudom\u00e1nyos \u00fajdons\u00e1g \u00e9s azt a hallgat\u00f3 saj\u00e1t elemz\u00e9sekkel, pl. orsz\u00e1g- vagy r\u00e9gi\u00f3 specifikus elemekkel eg\u00e9sz\u00edti ki.<\/li> <li>A hallgat\u00f3nak meghat\u00e1rozott sz\u00e1m\u00fa (min. 5) konzult\u00e1ci\u00f3n sz\u00fcks\u00e9ges r\u00e9szt vennie a 10. \u00e9s 11. f\u00e9l\u00e9vben is. Ez\u00e9rt a hallgat\u00f3nak legal\u00e1bb havonta egyszer fel kell vennie a kapcsolatot oktat\u00f3j\u00e1val, ennek elmulaszt\u00e1sa elbocs\u00e1t\u00e1st vonhat maga ut\u00e1n. A konzult\u00e1ci\u00f3k id\u0151pontj\u00e1t \u00e9s t\u00e9mak\u00f6reit az oktat\u00f3 a halad\u00e1si napl\u00f3ban vezeti.<\/li> <li>A tov\u00e1bbiakra a TVSZ hat\u00e1lyos rendelkez\u00e9sei \u00e9s Egyetem\u00fcnk k\u00f6nyvt\u00e1ri honlapj\u00e1n tal\u00e1lhat\u00f3 Diplomamunka k\u00e9sz\u00edt\u00e9se c. \u00fatmutat\u00f3 \u00e9rv\u00e9nyesek.<\/li> <\/ol> <p>&nbsp;<\/p> <p>Tansz\u00e9k\u00fcnk a patol\u00f3gia ir\u00e1nt \u00e9rdekl\u0151d\u0151, kitart\u00f3 \u00e9s megfelel\u0151 hozz\u00e1\u00e1ll\u00e1st tan\u00fas\u00edt\u00f3 hallgat\u00f3k r\u00e9sz\u00e9re, a v\u00e1lasztott t\u00e9ma magas sz\u00ednvonal\u00fa kidolgoz\u00e1s\u00e1hoz a szakmai t\u00e1mogat\u00e1st, a fentiek figyelembev\u00e9tel\u00e9vel tudja biztos\u00edtani.<\/p> <p>Tansz\u00e9ki oktat\u00f3ink, akik\u00e9n\u00e9l jelenleg dolgozat k\u00e9sz\u00edt\u00e9s\u00e9re van lehet\u0151s\u00e9g:<\/p> <table style=\"height: 432px\" width=\"1359\"> <tbody> <tr style=\"height: 48px\"> <td style=\"width: 671.422px;height: 48px\">Albert Ervin<\/td> <td style=\"width: 671.578px;height: 48px\">lovak, sert\u00e9sek \u00e9s k\u00e9r\u0151dz\u0151k fert\u0151z\u0151 betegs\u00e9gei, molekul\u00e1ris epidemiol\u00f3gia<\/td> <\/tr> <tr style=\"height: 48px\"> <td style=\"width: 671.422px;height: 48px\">Balka Gyula<\/td> <td style=\"width: 671.578px;height: 48px\">sert\u00e9sek fert\u0151z\u0151 \u00e9s nem fert\u0151z\u0151 betegs\u00e9gei<\/td> <\/tr> <tr style=\"height: 72px\"> <td style=\"width: 671.422px;height: 72px\">Biksi Imre<\/td> <td style=\"width: 671.578px;height: 72px\">nagy\u00e1llatok fert\u0151z\u0151 \u00e9s nem fert\u0151z\u0151 betegs\u00e9gei, \u00e1llateg\u00e9szs\u00e9g\u00fcgyi menedzsment<\/td> <\/tr> <tr style=\"height: 48px\"> <td style=\"width: 671.422px;height: 48px\">Cs\u00e1sz\u00e1r Dorottya<\/td> <td style=\"width: 671.578px;height: 48px\">kis\u00e1llatok fert\u0151z\u0151 \u00e9s nem fert\u0151z\u0151 betegs\u00e9gei<\/td> <\/tr> <tr style=\"height: 48px\"> <td style=\"width: 671.422px;height: 48px\">D\u00e9nes Lilla<\/td> <td style=\"width: 671.578px;height: 48px\">sert\u00e9sek fert\u0151z\u0151 betegs\u00e9gei, molekul\u00e1ris epidemiol\u00f3gia<\/td> <\/tr> <tr style=\"height: 48px\"> <td style=\"width: 671.422px;height: 48px\">Dobra P\u00e9ter<\/td> <td style=\"width: 671.578px;height: 48px\">baromfi fert\u0151z\u0151 \u00e9s nem fert\u0151z\u0151 betegs\u00e9gei<\/td> <\/tr> <tr style=\"height: 48px\"> <td style=\"width: 671.422px;height: 48px\">Horv\u00e1th D\u00e1vid G\u00e9za<\/td> <td style=\"width: 671.578px;height: 48px\">sert\u00e9sek \u00e9s kis\u00e1llatok fert\u0151z\u0151 \u00e9s nem fert\u0151z\u0151 betegs\u00e9gei<\/td> <\/tr> <tr style=\"height: 24px\"> <td style=\"width: 671.422px;height: 24px\">Igriczi Barbara<\/td> <td style=\"width: 671.578px;height: 24px\">sert\u00e9sek fert\u0151z\u0151 betegs\u00e9gei, molekul\u00e1ris epidemiol\u00f3gia<\/td> <\/tr> <tr style=\"height: 24px\"> <td style=\"width: 671.422px;height: 24px\">Kis Istv\u00e1n Emil<\/td> <td style=\"width: 671.578px;height: 24px\">nagy\u00e1llatok fert\u0151z\u0151 \u00e9s nem fert\u0151z\u0151 betegs\u00e9gei<\/td> <\/tr> <tr style=\"height: 24px\"> <td style=\"width: 671.422px;height: 24px\">M\u00e1ndoki M\u00edra<\/td> <td style=\"width: 671.578px;height: 24px\">baromfi \u00e9s kis\u00e1llatok fert\u0151z\u0151 \u00e9s nem fert\u0151z\u0151 betegs\u00e9gei, oktat\u00e1sfejleszt\u00e9s<\/td> <\/tr> <tr> <td style=\"width: 671.422px\">N\u00e9meth Zolt\u00e1n<\/td> <td style=\"width: 671.578px\">baromfi, h\u00e1zinyulak \u00e9s nagy\u00e1llatok fert\u0151z\u0151 \u00e9s nem fert\u0151z\u0151 betegs\u00e9gei<\/td> <\/tr> <tr> <td style=\"width: 671.422px\">Szilasi Anna<\/td> <td style=\"width: 671.578px\">macsk\u00e1k fert\u0151z\u0151 \u00e9s nem fert\u0151z\u0151 betegs\u00e9gei, immunhisztok\u00e9mia<\/td> <\/tr> <tr> <td style=\"width: 671.422px\">Szenes \u00c1ron<\/td> <td style=\"width: 671.578px\">genomika \u00e9s agr\u00e1rdigitaliz\u00e1ci\u00f3<\/td> <\/tr> <\/tbody> <\/table> <p>A hallgat\u00f3k ezeken a t\u00e9mak\u00f6r\u00f6k\u00f6n fel\u00fcl saj\u00e1t \u00f6tlettel is jelentkezhetnek. A felsorolt oktat\u00f3k pontosabb tudom\u00e1nyos profilja el\u00e9rhet\u0151 az Egyetem honlapj\u00e1n.<\/p> <p>Prof. M\u00e1ndoki M\u00edr\u00e1n\u00e1l van egy szabad TDK t\u00e9ma: <span data-olk-copy-source=\"MessageBody\">One Health, antimicrobial resistance and education on dairy farms.<\/span> (Friss\u00edtve: 2025.04.11.)<\/p> <p>&nbsp;<\/p>","protected":false},"excerpt":{"rendered":"<p>Tansz\u00e9k\u00fcnk\u00f6n a patol\u00f3gia keretein bel\u00fcl k\u00f3rsz\u00f6vettani elv\u00e1ltoz\u00e1sokkal, v\u00edrusos\/bakteri\u00e1lis megbeteged\u00e9sekkel \u00e9s az ezek vizsg\u00e1lat\u00e1hoz alkalmazhat\u00f3 m\u00f3dszerekkel foglalkozunk, \u00edgy diplomamunka\/TDK dolgozat k\u00e9sz\u00edt\u00e9s\u00e9hez ezen t\u00e9mak\u00f6r\u00f6kben tudunk seg\u00edts\u00e9get ny\u00fajtani. A megfelel\u0151 min\u0151s\u00e9g\u0171 dolgozat elk\u00e9sz\u00fcl\u00e9s\u00e9hez a jelentkez\u0151kre az al\u00e1bbi szab\u00e1lyok elfogad\u00e1sa k\u00f6telez\u0151: A Tanulm\u00e1nyi \u00e9s vizsgaszab\u00e1lyzat (TVSZ) 41.\u00a7 (5) a. pontja alapj\u00e1n Tansz\u00e9k\u00fcnkre diplomadolgozatok elk\u00e9sz\u00edt\u00e9se c\u00e9lj\u00e1b\u00f3l legk\u00e9s\u0151bb a 8. f\u00e9l\u00e9v<\/p>\n","protected":false},"author":3837,"featured_media":0,"parent":3374,"menu_order":0,"comment_status":"open","ping_status":"open","template":"","meta":{"_acf_changed":false,"footnotes":""},"categories":[],"tags":[],"class_list":["post-84879","page","type-page","status-publish","hentry"],"acf":[],"_links":{"self":[{"href":"https:\/\/univet.hu\/en\/wp-json\/wp\/v2\/pages\/84879","targetHints":{"allow":["GET"]}}],"collection":[{"href":"https:\/\/univet.hu\/en\/wp-json\/wp\/v2\/pages"}],"about":[{"href":"https:\/\/univet.hu\/en\/wp-json\/wp\/v2\/types\/page"}],"author":[{"embeddable":true,"href":"https:\/\/univet.hu\/en\/wp-json\/wp\/v2\/users\/3837"}],"replies":[{"embeddable":true,"href":"https:\/\/univet.hu\/en\/wp-json\/wp\/v2\/comments?post=84879"}],"version-history":[{"count":2,"href":"https:\/\/univet.hu\/en\/wp-json\/wp\/v2\/pages\/84879\/revisions"}],"predecessor-version":[{"id":178580,"href":"https:\/\/univet.hu\/en\/wp-json\/wp\/v2\/pages\/84879\/revisions\/178580"}],"up":[{"embeddable":true,"href":"https:\/\/univet.hu\/en\/wp-json\/wp\/v2\/pages\/3374"}],"wp:attachment":[{"href":"https:\/\/univet.hu\/en\/wp-json\/wp\/v2\/media?parent=84879"}],"wp:term":[{"taxonomy":"category","embeddable":true,"href":"https:\/\/univet.hu\/en\/wp-json\/wp\/v2\/categories?post=84879"},{"taxonomy":"post_tag","embeddable":true,"href":"https:\/\/univet.hu\/en\/wp-json\/wp\/v2\/tags?post=84879"}],"curies":[{"name":"wp","href":"https:\/\/api.w.org\/{rel}","templated":true}]}}