{"id":84881,"date":"2023-03-30T15:42:48","date_gmt":"2023-03-30T13:42:48","guid":{"rendered":"https:\/\/univet.hu\/en\/about\/units\/department-of-pathology\/name\/"},"modified":"2025-04-11T10:23:09","modified_gmt":"2025-04-11T08:23:09","slug":"thesis-tdk","status":"publish","type":"page","link":"https:\/\/univet.hu\/en\/about\/units\/department-of-pathology\/thesis-tdk\/","title":{"rendered":"Thesis\/TDK"},"content":{"rendered":"<p>In our department, within the framework of pathology, we deal with histopathological lesions, viral\/bacterial diseases, and the methods that can be used to investigate them, therefore we can assist in these topics for the preparation of a diploma thesis\/TDK thesis.<\/p> <p>To complete a thesis of adequate quality, applicants must comply with the following rules:<\/p> <ol> <li>Based on section \u00a7 41. (5) of the Study and Examination Rules (SER), you must apply at the head of the department for the preparation of diploma theses by the end of the 8th semester at the latest.<\/li> <li>At the department, you can apply for a thesis topic at the earliest after the completed 5th semester, with a successful exam in the subjects &#8220;Veterinary Virology&#8221;, &#8220;Veterinary Bacteriology&#8221; and &#8220;General Pathology&#8221;. There is no such restriction regarding TDK theses.<\/li> <li>Based on SER \u00a7 41 (5) &#8220;All students are obliged to write their degree thesis as an individual work.&#8221;, so our instructors provide professional support for the preparation of the theses, but the preparation of the thesis to an appropriate standard is the sole responsibility of the student. Our departmental instructors have no way or time to compensate for the delay caused by the student&#8217;s inappropriate attitude, in such cases, the student is responsible for the incomplete or delayed completion of the thesis.<\/li> <li>Our department prefers diploma theses based on the student&#8217;s independent work, i.e. the thesis must include one of the following: <ol> <li>own laboratory work<\/li> <li>own epidemiological analysis, calculation, questionnaire survey<\/li> <li>description of a disease, diagnostic analysis<\/li> <li>analysis of the institute&#8217;s diagnostic database<\/li> <li>other relevant professional analysis<\/li> <\/ol> <\/li> <li>In addition to the above, it is also possible to write a literature review, but only if the given topic is a scientific innovation and the students do their analysis, e.g. supplemented with country or region-specific elements.<\/li> <li>As the University\u2019s Student Guide states, the student is \u201erequired to have a certain number of consultations (5 during the 10th semester) and consultations are required during the 11th semester as well\u201d. Therefore, the student must contact their instructor at least once a month, failing so could lead to dismissal. The instructor records the dates and topics of the consultations in the progress report.<\/li> <li>For the rest, the current provisions of the SER and the guide on the preparation of a thesis on our University&#8217;s library website apply.<\/li> <\/ol> <p>Our department can provide professional support for the high-quality development of a chosen topic for students who are interested in pathology, and who are persistent and have the right attitude.<\/p> <p>Our departmental lecturers, with whom it is currently possible to prepare a thesis:<\/p> <table style=\"height: 312px\" width=\"1373\"> <tbody> <tr style=\"height: 24px\"> <td style=\"width: 678.5px;height: 24px\">Albert Ervin<\/td> <td style=\"width: 678.5px;height: 24px\">infectious diseases of horses, pigs, and ruminants, molecular epidemiology<\/td> <\/tr> <tr style=\"height: 24px\"> <td style=\"width: 678.5px;height: 24px\">Gyula Balka<\/td> <td style=\"width: 678.5px;height: 24px\">infectious and non-infectious diseases of pigs<\/td> <\/tr> <tr style=\"height: 24px\"> <td style=\"width: 678.5px;height: 24px\">Imre Biksi<\/td> <td style=\"width: 678.5px;height: 24px\">infectious and non-infectious diseases of large animals, animal health management<\/td> <\/tr> <tr style=\"height: 24px\"> <td style=\"width: 678.5px;height: 24px\">Dorottya Cs\u00e1sz\u00e1r<\/td> <td style=\"width: 678.5px;height: 24px\">infectious and non-infectious diseases of small animals<\/td> <\/tr> <tr style=\"height: 24px\"> <td style=\"width: 678.5px;height: 24px\">Lilla D\u00e9nes<\/td> <td style=\"width: 678.5px;height: 24px\">infectious diseases of pigs, molecular epidemiology<\/td> <\/tr> <tr style=\"height: 24px\"> <td style=\"width: 678.5px;height: 24px\">P\u00e9ter Dobra<\/td> <td style=\"width: 678.5px;height: 24px\">infectious and non-infectious diseases of poultry<\/td> <\/tr> <tr style=\"height: 24px\"> <td style=\"width: 678.5px;height: 24px\">G\u00e9za D\u00e1vid Horv\u00e1th<\/td> <td style=\"width: 678.5px;height: 24px\">infectious and non-infectious diseases of pigs and small animals<\/td> <\/tr> <tr style=\"height: 24px\"> <td style=\"width: 678.5px;height: 24px\">Barbara Igriczi<\/td> <td style=\"width: 678.5px;height: 24px\">infectious diseases of pigs, molecular epidemiology<\/td> <\/tr> <tr style=\"height: 24px\"> <td style=\"width: 678.5px;height: 24px\">Istv\u00e1n Emil Kis<\/td> <td style=\"width: 678.5px;height: 24px\">infectious and non-infectious diseases of large animals<\/td> <\/tr> <tr style=\"height: 24px\"> <td style=\"width: 678.5px;height: 24px\">M\u00edra M\u00e1ndoki<\/td> <td style=\"width: 678.5px;height: 24px\">infectious and non-infectious diseases of poultry and small animals, educational research<\/td> <\/tr> <tr style=\"height: 24px\"> <td style=\"width: 678.5px;height: 24px\">Zolt\u00e1n N\u00e9meth<\/td> <td style=\"width: 678.5px;height: 24px\">infectious and non-infectious diseases of poultry, rabbits, and large animals<\/td> <\/tr> <tr style=\"height: 24px\"> <td style=\"width: 678.5px;height: 24px\">Anna Szilasi<\/td> <td style=\"width: 678.5px;height: 24px\">infectious and non-infectious diseases of cats, immunohistochemistry<\/td> <\/tr> <tr style=\"height: 24px\"> <td style=\"width: 678.5px;height: 24px\">\u00c1ron Szenes<\/td> <td style=\"width: 678.5px;height: 24px\">genomics and agricultural digitization<\/td> <\/tr> <\/tbody> <\/table> <p>In addition to these topics, students can also apply with their own ideas. A more precise academic profile of the listed lecturers is available on the University&#8217;s website.<\/p> <p>Prof. M\u00e1ndoki M\u00edra has an available Thesis\/TDK topic: <span data-olk-copy-source=\"MessageBody\">One Health, antimicrobial resistance and education on dairy farms. <\/span>(Updated: 2025.04.11.)<\/p> <p>&nbsp;<\/p>","protected":false},"excerpt":{"rendered":"<p>In our department, within the framework of pathology, we deal with histopathological lesions, viral\/bacterial diseases, and the methods that can be used to investigate them, therefore we can assist in these topics for the preparation of a diploma thesis\/TDK thesis. To complete a thesis of adequate quality, applicants must comply with the following rules: Based<\/p>\n","protected":false},"author":3837,"featured_media":0,"parent":3376,"menu_order":0,"comment_status":"open","ping_status":"open","template":"","meta":{"_acf_changed":false,"footnotes":""},"categories":[],"tags":[],"class_list":["post-84881","page","type-page","status-publish","hentry"],"acf":[],"_links":{"self":[{"href":"https:\/\/univet.hu\/en\/wp-json\/wp\/v2\/pages\/84881","targetHints":{"allow":["GET"]}}],"collection":[{"href":"https:\/\/univet.hu\/en\/wp-json\/wp\/v2\/pages"}],"about":[{"href":"https:\/\/univet.hu\/en\/wp-json\/wp\/v2\/types\/page"}],"author":[{"embeddable":true,"href":"https:\/\/univet.hu\/en\/wp-json\/wp\/v2\/users\/3837"}],"replies":[{"embeddable":true,"href":"https:\/\/univet.hu\/en\/wp-json\/wp\/v2\/comments?post=84881"}],"version-history":[{"count":1,"href":"https:\/\/univet.hu\/en\/wp-json\/wp\/v2\/pages\/84881\/revisions"}],"predecessor-version":[{"id":178581,"href":"https:\/\/univet.hu\/en\/wp-json\/wp\/v2\/pages\/84881\/revisions\/178581"}],"up":[{"embeddable":true,"href":"https:\/\/univet.hu\/en\/wp-json\/wp\/v2\/pages\/3376"}],"wp:attachment":[{"href":"https:\/\/univet.hu\/en\/wp-json\/wp\/v2\/media?parent=84881"}],"wp:term":[{"taxonomy":"category","embeddable":true,"href":"https:\/\/univet.hu\/en\/wp-json\/wp\/v2\/categories?post=84881"},{"taxonomy":"post_tag","embeddable":true,"href":"https:\/\/univet.hu\/en\/wp-json\/wp\/v2\/tags?post=84881"}],"curies":[{"name":"wp","href":"https:\/\/api.w.org\/{rel}","templated":true}]}}