{"id":85204,"date":"2023-04-18T13:05:26","date_gmt":"2023-04-18T11:05:26","guid":{"rendered":"https:\/\/univet.hu\/en\/research\/topics\/new-research-page-2\/"},"modified":"2023-04-18T13:06:54","modified_gmt":"2023-04-18T11:06:54","slug":"transthoracal-ultrasound-examination-of-pre-weaned-dairy-calves-to-detect-early-signs-of-bovine-respiratory-disease-brd","status":"publish","type":"page","link":"https:\/\/univet.hu\/en\/research\/topics\/transthoracal-ultrasound-examination-of-pre-weaned-dairy-calves-to-detect-early-signs-of-bovine-respiratory-disease-brd\/","title":{"rendered":"Transthoracal ultrasound examination of pre-weaned dairy calves to detect early signs of bovine respiratory disease (BRD)"},"content":{"rendered":"<figure id=\"attachment_85208\" aria-describedby=\"caption-attachment-85208\" style=\"width: 320px\" class=\"wp-caption alignnone\"><img loading=\"lazy\" decoding=\"async\" class=\"size-medium wp-image-85208\" src=\"https:\/\/univet.hu\/wp-content\/uploads\/2023\/04\/T\u00fcd\u0151-UH-eg\u00e9szs\u00e9ges-320x221.jpg\" alt=\"\" width=\"320\" height=\"221\" srcset=\"https:\/\/univet.hu\/wp-content\/uploads\/2023\/04\/T\u00fcd\u0151-UH-eg\u00e9szs\u00e9ges-320x221.jpg 320w, https:\/\/univet.hu\/wp-content\/uploads\/2023\/04\/T\u00fcd\u0151-UH-eg\u00e9szs\u00e9ges.jpg 605w\" sizes=\"auto, (max-width: 320px) 100vw, 320px\" \/><figcaption id=\"caption-attachment-85208\" class=\"wp-caption-text\">Healthy asymptomatic lung (endorectal probe, 7,5 MHz)<\/figcaption><\/figure> <figure id=\"attachment_85207\" aria-describedby=\"caption-attachment-85207\" style=\"width: 320px\" class=\"wp-caption alignnone\"><img loading=\"lazy\" decoding=\"async\" class=\"size-medium wp-image-85207\" src=\"https:\/\/univet.hu\/wp-content\/uploads\/2023\/04\/BRD-UH-Bogi-320x221.jpg\" alt=\"\" width=\"320\" height=\"221\" srcset=\"https:\/\/univet.hu\/wp-content\/uploads\/2023\/04\/BRD-UH-Bogi-320x221.jpg 320w, https:\/\/univet.hu\/wp-content\/uploads\/2023\/04\/BRD-UH-Bogi.jpg 605w\" sizes=\"auto, (max-width: 320px) 100vw, 320px\" \/><figcaption id=\"caption-attachment-85207\" class=\"wp-caption-text\">Bovine lung affected by pneumonia (endorectal probe, 7,5 MHz)<\/figcaption><\/figure> <p><img loading=\"lazy\" decoding=\"async\" class=\"alignnone size-medium wp-image-85206\" src=\"https:\/\/univet.hu\/wp-content\/uploads\/2023\/04\/BRD-Bogi-320x240.jpg\" alt=\"\" width=\"320\" height=\"240\" srcset=\"https:\/\/univet.hu\/wp-content\/uploads\/2023\/04\/BRD-Bogi-320x240.jpg 320w, https:\/\/univet.hu\/wp-content\/uploads\/2023\/04\/BRD-Bogi.jpg 454w\" sizes=\"auto, (max-width: 320px) 100vw, 320px\" \/> <img loading=\"lazy\" decoding=\"async\" class=\"alignnone size-medium wp-image-85205\" src=\"https:\/\/univet.hu\/wp-content\/uploads\/2023\/04\/BRD-2-Bogi-320x240.jpg\" alt=\"\" width=\"320\" height=\"240\" srcset=\"https:\/\/univet.hu\/wp-content\/uploads\/2023\/04\/BRD-2-Bogi-320x240.jpg 320w, https:\/\/univet.hu\/wp-content\/uploads\/2023\/04\/BRD-2-Bogi-768x576.jpg 768w, https:\/\/univet.hu\/wp-content\/uploads\/2023\/04\/BRD-2-Bogi-960x720.jpg 960w, https:\/\/univet.hu\/wp-content\/uploads\/2023\/04\/BRD-2-Bogi.jpg 1386w\" sizes=\"auto, (max-width: 320px) 100vw, 320px\" \/><\/p>","protected":false},"excerpt":{"rendered":"","protected":false},"author":6022,"featured_media":0,"parent":873,"menu_order":0,"comment_status":"open","ping_status":"open","template":"","meta":{"_acf_changed":false,"footnotes":""},"categories":[],"tags":[],"class_list":["post-85204","page","type-page","status-publish","hentry"],"acf":[],"_links":{"self":[{"href":"https:\/\/univet.hu\/en\/wp-json\/wp\/v2\/pages\/85204","targetHints":{"allow":["GET"]}}],"collection":[{"href":"https:\/\/univet.hu\/en\/wp-json\/wp\/v2\/pages"}],"about":[{"href":"https:\/\/univet.hu\/en\/wp-json\/wp\/v2\/types\/page"}],"author":[{"embeddable":true,"href":"https:\/\/univet.hu\/en\/wp-json\/wp\/v2\/users\/6022"}],"replies":[{"embeddable":true,"href":"https:\/\/univet.hu\/en\/wp-json\/wp\/v2\/comments?post=85204"}],"version-history":[{"count":0,"href":"https:\/\/univet.hu\/en\/wp-json\/wp\/v2\/pages\/85204\/revisions"}],"up":[{"embeddable":true,"href":"https:\/\/univet.hu\/en\/wp-json\/wp\/v2\/pages\/873"}],"wp:attachment":[{"href":"https:\/\/univet.hu\/en\/wp-json\/wp\/v2\/media?parent=85204"}],"wp:term":[{"taxonomy":"category","embeddable":true,"href":"https:\/\/univet.hu\/en\/wp-json\/wp\/v2\/categories?post=85204"},{"taxonomy":"post_tag","embeddable":true,"href":"https:\/\/univet.hu\/en\/wp-json\/wp\/v2\/tags?post=85204"}],"curies":[{"name":"wp","href":"https:\/\/api.w.org\/{rel}","templated":true}]}}