{"id":85964,"date":"2023-05-03T11:34:00","date_gmt":"2023-05-03T09:34:00","guid":{"rendered":"https:\/\/univet.hu\/en\/about\/staff\/new-staff-member-page-3\/"},"modified":"2026-03-25T13:20:43","modified_gmt":"2026-03-25T12:20:43","slug":"torok-dora","status":"publish","type":"page","link":"https:\/\/univet.hu\/en\/about\/staff\/torok-dora\/","title":{"rendered":"T\u00f6r\u00f6k D\u00f3ra"},"content":{"rendered":"<p>List of publications:<\/p> <ul> <li><a id=\"LPlnk452885\" name=\"x_x__Hlk88662595\" data-safelink=\"true\"><\/a>T\u00f6r\u00f6k D.,\u00a0Somosk\u0151i B., Regl\u0151di D., Tam\u00e1s A., F\u00fcl\u00f6p B., Cseh S.,<b>2018<\/b>., Hipof\u00edzis adenil\u00e1t cikl\u00e1z aktiv\u00e1l\u00f3 polipeptid hat\u00e1sa n\u0151st\u00e9ny egerek ciklus\u00e1ra \u00e9s az embri\u00f3fejl\u0151d\u00e9sre \u2013 el\u0151zetes eredm\u00e9nyek, Hungarian Veterinary Journal 140(3): 181-187<\/li> <li>Bence Somosk\u0151i, D\u00f3ra T\u00f6r\u00f6k, D\u00f3ra Regl\u0151di, Andrea Tam\u00e1s, Bal\u00e1zs D. F\u00fcl\u00f6p, S\u00e1ndor Cseh, Possible effects of pituitary adenylate cyclase activating polypeptide (PACAP) on early embryo implantation marker HB-EGF in mouse, Reproductive Biology, Volume 20, Issue 1,\u00a0<b>2020<\/b>, Pages 9-13, ISSN 1642-431X, https:\/\/doi.org\/10.1016\/j.repbio.2020.01.005.<\/li> <li>T\u00f6r\u00f6k D\u00f3ra, Somosk\u0151i Bence, M\u00fcller Linda, Bord\u00e1s Lilla, Cseh S\u00e1ndor \u0150shonos magyar kankuty\u00e1k genetikai anyag\u00e1nak meg\u0151rz\u00e9se: a sperma r\u00f6vid ideig t\u00f6rt\u00e9n\u0151 t\u00e1rol\u00e1s\u00e1val kapcsolatos vizsg\u00e1latok: El\u0151zetes eredm\u00e9nyek MAGYAR \u00c1LLATORVOSOK LAPJA 143 : 9 pp. 563-568. , 6 p. (<b>2021<\/b>)<\/li> <li>\u00a0Somosk\u0151i B., T\u00f6r\u00f6k D., Regl\u0151di D., Tam\u00e1s A., F\u00fcl\u00f6p B. D., Cseh S., Effects of pituitary adenylate cyclase activating polipeptide (PACAP) on early embryo development and implantation,\u00a0ECAR\u00a0<b>2019<\/b>\u00a0Symposium<b>\u00a0<\/b>Vetmeduni Vienna, Austria, 04th-06th July 2019<\/li> <li>\u00a0T\u00f6r\u00f6k D\u00f3ra, Somosk\u0151i Bence, Bord\u00e1s Lilla, Regl\u0151di D\u00f3ra, Cseh S\u00e1ndor<br aria-hidden=\"true\" \/>PACAP increases survival rate and\u00a0<i>Hbegf\u00a0<\/i>expression of blastocysts when used as an additive during vitrification, ICAR2022 + 2, Bologna (Italy), 26th-30th June\u00a0<b>2022<\/b><\/li> <\/ul>","protected":false},"excerpt":{"rendered":"<p>List of publications: T\u00f6r\u00f6k D.,\u00a0Somosk\u0151i B., Regl\u0151di D., Tam\u00e1s A., F\u00fcl\u00f6p B., Cseh S.,2018., Hipof\u00edzis adenil\u00e1t cikl\u00e1z aktiv\u00e1l\u00f3 polipeptid hat\u00e1sa n\u0151st\u00e9ny egerek ciklus\u00e1ra \u00e9s az embri\u00f3fejl\u0151d\u00e9sre \u2013 el\u0151zetes eredm\u00e9nyek, Hungarian Veterinary Journal 140(3): 181-187 Bence Somosk\u0151i, D\u00f3ra T\u00f6r\u00f6k, D\u00f3ra Regl\u0151di, Andrea Tam\u00e1s, Bal\u00e1zs D. F\u00fcl\u00f6p, S\u00e1ndor Cseh, Possible effects of pituitary adenylate cyclase activating polypeptide<\/p>\n","protected":false},"author":5824,"featured_media":0,"parent":857,"menu_order":0,"comment_status":"open","ping_status":"open","template":"","meta":{"_acf_changed":false,"footnotes":""},"categories":[],"tags":[],"class_list":["post-85964","page","type-page","status-publish","hentry"],"acf":[],"_links":{"self":[{"href":"https:\/\/univet.hu\/en\/wp-json\/wp\/v2\/pages\/85964","targetHints":{"allow":["GET"]}}],"collection":[{"href":"https:\/\/univet.hu\/en\/wp-json\/wp\/v2\/pages"}],"about":[{"href":"https:\/\/univet.hu\/en\/wp-json\/wp\/v2\/types\/page"}],"author":[{"embeddable":true,"href":"https:\/\/univet.hu\/en\/wp-json\/wp\/v2\/users\/5824"}],"replies":[{"embeddable":true,"href":"https:\/\/univet.hu\/en\/wp-json\/wp\/v2\/comments?post=85964"}],"version-history":[{"count":2,"href":"https:\/\/univet.hu\/en\/wp-json\/wp\/v2\/pages\/85964\/revisions"}],"predecessor-version":[{"id":204300,"href":"https:\/\/univet.hu\/en\/wp-json\/wp\/v2\/pages\/85964\/revisions\/204300"}],"up":[{"embeddable":true,"href":"https:\/\/univet.hu\/en\/wp-json\/wp\/v2\/pages\/857"}],"wp:attachment":[{"href":"https:\/\/univet.hu\/en\/wp-json\/wp\/v2\/media?parent=85964"}],"wp:term":[{"taxonomy":"category","embeddable":true,"href":"https:\/\/univet.hu\/en\/wp-json\/wp\/v2\/categories?post=85964"},{"taxonomy":"post_tag","embeddable":true,"href":"https:\/\/univet.hu\/en\/wp-json\/wp\/v2\/tags?post=85964"}],"curies":[{"name":"wp","href":"https:\/\/api.w.org\/{rel}","templated":true}]}}