{"id":87032,"date":"2023-06-15T15:23:55","date_gmt":"2023-06-15T13:23:55","guid":{"rendered":"https:\/\/univet.hu\/en\/research\/research-teams\/antimicrobialresistanceresearchgroupname\/"},"modified":"2023-06-15T15:23:55","modified_gmt":"2023-06-15T13:23:55","slug":"antimicrobial-resistance-research-group","status":"publish","type":"page","link":"https:\/\/univet.hu\/en\/research\/research-teams\/antimicrobial-resistance-research-group\/","title":{"rendered":"Antimicrobial Resistance Research Group"},"content":{"rendered":"<p><strong>RESEARCH GROUP LEADER:<\/strong> Dr. \u00c1kos JERZSELE DVM PhD, associate professor<\/p> <p><strong>CONTACT:<\/strong> <u><a class=\"decrypt\" rel=\"kfs{tfmf\/blptAvojwfu\/iv\" href=\"javascript:void(0);\">[Click to see email]<\/a> <\/u><\/p> <p>&nbsp;<\/p> <p><strong>MEMBERS: <\/strong><\/p> <p>1) Dr. Kriszti\u00e1n B\u00c1NYAI<\/p> <p>2) Dr. G\u00e1bor KARDOS<\/p> <p>3) Dr. Zolt\u00e1n SOMOGYI<\/p> <p>4) Dr. \u00c1d\u00e1m KEREK<\/p> <p>5) Dr. Patrik MAG<\/p> <p>&nbsp;<\/p> <p><strong>RESEARCH TOPIC:<\/strong><\/p> <p>Treating veterinary and public health as a whole entity, we are looking into the phenomena and processes of antimicrobial resistance to gain deeper understanding of the field hence discover possible intervention strategies.<\/p> <p>Antimicrobial resistance is one of the most serious public health risks of our time, playing a vital role in agri-food chain safety, sustainable farming and public health.<\/p> <p>Our research group also enhances the knowledge of antibiotics use in animals through pharmacodynamic and pharmacokinetic studies. In addition to these, we investigate the spread of antimicrobial resistance genes in the food chain and in other areas affecting human health. Furthermore, we are working on developing antibiotic alternatives, including feed additives, bacteriophages and antimicrobial peptides.<\/p> <p>&nbsp;<\/p> <p><strong>TOP PUBLICATIONS:<\/strong><\/p> <p>1) Kerek, \u00c1.; Sasv\u00e1ri, M.; Jerzsele, \u00c1.; Somogyi, Z.; Janov\u00e1k, L.; Abonyi-T\u00f3th, Z.; D\u00e9k\u00e1ny, I. Photoreactive Coating Material as an Effective and Durable Antimicrobial Composite in Reducing Bacterial Load on Surfaces in Livestock. Biomedicines 2022, 10, 2312.<\/p> <p>2) Kov\u00e1cs, D.; Palkovicsn\u00e9 P\u00e9zsa, N.; Jerzsele, \u00c1.; S\u00fcth, M.; Farkas, O. Protective Effects of Grape Seed Oligomeric Proanthocyanidins in IPEC-J2\u2013Escherichia coli\/Salmonella Typhimurium Co-Culture. Antibiotics 2022, 11, 110.<\/p> <p>3) Somogyi, Z.; Mag, P.; Kov\u00e1cs, D.; Kerek, \u00c1.; Szab\u00f3, P.; Makrai, L.; Jerzsele, \u00c1. Synovial and Systemic Pharmacokinetics of Florfenicol and PK\/PD Integration against Streptococcus suis in Pigs. Pharmaceutics 2022, 14, 109.<\/p> <p>4) T\u00f3th, Adrienn Gr\u00e9ta \u00e9s Csabai, Istv\u00e1n \u00e9s Mar\u00f3ti, Gergely \u00e9s Jerzsele, \u00c1kos \u00e9s Dubecz, Attila \u00e9s Patai, \u00c1rp\u00e1d V. \u00e9s Nagy, S\u00e1ra \u00c1gnes \u00e9s Makrai, L\u00e1szl\u00f3 \u00e9s B\u00e1nyai, Kriszti\u00e1n \u00e9s Szita, G\u00e9za \u00e9s Solymosi, Norbert (2020) A glimpse of antimicrobial resistance gene diversity in kefir and yoghurt. Scientific reports, 10 (1)<\/p> <p>5) Kerek, \u00c1., Sterczer, \u00c1., Somogyi, Z., Kov\u00e1cs, D., &amp; Jerzsele, \u00c1. (2021). Investigation of the environmental presence of multidrug-resistant bacteria at small animal hospitals in Hungary, Acta Veterinaria Hungarica, 68(4), 387-392.<\/p> <p>&nbsp;<\/p> <p><strong>GRANT PROJECTS:<\/strong><\/p> <p>1)\u00a0Development of a novel veterinary medicinal product for the inhibition of antibiotic resistance, development of a supporting drug repositioning platform<\/p> <p>2) Thematic Excellence Programme<\/p> <p>3) National Laboratory of Infectious Animal Diseases, Antimicrobial Resistance, Veterinary Public Health and Food Chain Safety<\/p>","protected":false},"excerpt":{"rendered":"<p>RESEARCH GROUP LEADER: Dr. \u00c1kos JERZSELE DVM PhD, associate professor CONTACT: [Click to see email] &nbsp; MEMBERS: 1) Dr. Kriszti\u00e1n B\u00c1NYAI 2) Dr. G\u00e1bor KARDOS 3) Dr. Zolt\u00e1n SOMOGYI 4) Dr. \u00c1d\u00e1m KEREK 5) Dr. Patrik MAG &nbsp; RESEARCH TOPIC: Treating veterinary and public health as a whole entity, we are looking into the phenomena<\/p>\n","protected":false},"author":2978,"featured_media":0,"parent":869,"menu_order":0,"comment_status":"open","ping_status":"open","template":"","meta":{"_acf_changed":false,"footnotes":""},"categories":[],"tags":[],"class_list":["post-87032","page","type-page","status-publish","hentry"],"acf":[],"_links":{"self":[{"href":"https:\/\/univet.hu\/en\/wp-json\/wp\/v2\/pages\/87032","targetHints":{"allow":["GET"]}}],"collection":[{"href":"https:\/\/univet.hu\/en\/wp-json\/wp\/v2\/pages"}],"about":[{"href":"https:\/\/univet.hu\/en\/wp-json\/wp\/v2\/types\/page"}],"author":[{"embeddable":true,"href":"https:\/\/univet.hu\/en\/wp-json\/wp\/v2\/users\/2978"}],"replies":[{"embeddable":true,"href":"https:\/\/univet.hu\/en\/wp-json\/wp\/v2\/comments?post=87032"}],"version-history":[{"count":0,"href":"https:\/\/univet.hu\/en\/wp-json\/wp\/v2\/pages\/87032\/revisions"}],"up":[{"embeddable":true,"href":"https:\/\/univet.hu\/en\/wp-json\/wp\/v2\/pages\/869"}],"wp:attachment":[{"href":"https:\/\/univet.hu\/en\/wp-json\/wp\/v2\/media?parent=87032"}],"wp:term":[{"taxonomy":"category","embeddable":true,"href":"https:\/\/univet.hu\/en\/wp-json\/wp\/v2\/categories?post=87032"},{"taxonomy":"post_tag","embeddable":true,"href":"https:\/\/univet.hu\/en\/wp-json\/wp\/v2\/tags?post=87032"}],"curies":[{"name":"wp","href":"https:\/\/api.w.org\/{rel}","templated":true}]}}