{"id":87209,"date":"2023-06-19T10:03:28","date_gmt":"2023-06-19T08:03:28","guid":{"rendered":"https:\/\/univet.hu\/?page_id=87209"},"modified":"2023-11-02T12:17:59","modified_gmt":"2023-11-02T11:17:59","slug":"wasteless","status":"publish","type":"page","link":"https:\/\/univet.hu\/en\/about\/project-proposals\/horizon\/wasteless\/","title":{"rendered":"WASTELESS"},"content":{"rendered":"<p><strong>Project name<\/strong>: Waste Quantification Solutions to Limit Environmental Stress (WASTELESS)<\/p> <p><strong>\u00a0Project number: <\/strong>101084222<\/p> <p><strong>Call number: <\/strong>HORIZON-CL6-2022-FARM2FORK-01-08<img loading=\"lazy\" decoding=\"async\" class=\"wp-image-86960 alignright\" src=\"https:\/\/univet.hu\/wp-content\/uploads\/2023\/06\/wasteless.png\" alt=\"\" width=\"256\" height=\"232\" \/><\/p> <p><strong>List of partners:<\/strong><\/p> <ol> <li><strong>University of Veterinary Medicine Budapest (UVMB)<\/strong>, Hungary<\/li> <li>Coordinator: Universidade De Tras-Os-Montes E Alto Douro (UTAD), Portugal<\/li> <li>Aitown S.R.L. (AITOWN), Italy<\/li> <li>Asociacion Para La Investigacion Desarrollo E Innovacion Del Sector Agroalimentario &#8211; Aidisa (CTIC CITA), Spain<\/li> <li>European Food Information Ressource Aisbl (EUROFIR), Belgium<\/li> <li>Fazla Gida Anonim Sirketi (FAZLA GIDA), Turkey<\/li> <li>Hacettepe Universitesi (HACETTEPE), Turkey<\/li> <li>Institut Jozef Stefan (JSI), Slovakia<\/li> <li>Iseki-Food \u2013 Europaische Gesellschaft Fur Die Integration Der Ebensmittelwissinschaft Und -Technolgie In Die Lebensmittelversorgungskette (IFA), Austria<\/li> <li>Istituto Superior De Agronomia (ISA), Portugal<\/li> <li>Spread European Safety And Sustainability Geie (SPES GEIE), Italy<\/li> <li>Syddansk Universitet (SDU), Danemark<\/li> <li>Tartu Bt Park Ou (TARTU BT PARK), Estonia<\/li> <li>Turisztikai \u00c9s Vend\u00e9gl\u00e1t\u00f3 Munkaad\u00f3k Orsz\u00e1gos Sz\u00f6vets\u00e9ge (VIMOSZ), Hungary<\/li> <li>Union Europeenne Du Commerce De La Pomme De Terre (EUROPATAT), Belgium<\/li> <li>Wiise Srl (WIISE), Italy<\/li> <\/ol> <p><strong>\u00a0<\/strong><\/p> <p><strong>Total budget<\/strong>: 5 458 232,50 \u20ac<\/p> <p><strong>UVMB\u2019s budget: <\/strong>118 000 \u20ac<\/p> <p><strong>Funding rate: <\/strong>100%<\/p> <p><strong>Duration: <\/strong><\/p> <p>from January 1, 2023, to December 31, 2025 (36 months)<\/p> <p><strong>Project website: <\/strong><a href=\"https:\/\/wastelesseu.com\/\">https:\/\/wastelesseu.com\/<\/a><\/p> <p><strong>Linkedin page:<\/strong> <a href=\"https:\/\/www.linkedin.com\/company\/wasteless-project\/\">https:\/\/www.linkedin.com\/company\/wasteless-project\/<\/a><\/p> <p><strong>Twitter page<\/strong>: <a href=\"https:\/\/twitter.com\/Wasteless_EU\">https:\/\/twitter.com\/Wasteless_EU<\/a><\/p> <p><strong>Cordis website: <\/strong><a href=\"https:\/\/cordis.europa.eu\/project\/id\/101084222\">https:\/\/cordis.europa.eu\/project\/id\/101084222<\/a><\/p> <p>&nbsp;<\/p> <p><strong>Summary: <\/strong><\/p> <p>The WASTELESS project will develop and test innovative tools, research-based food waste measurement methods, as well as exploring the possibilities of market introduction. A bottom-up approach will starting by defining a harmonised framework and set of standards for the test activities, the evaluation of tools and their implementation, and the quality and interoperability of data produced in other frameworks with the aim of making recommendations for sustainable policies and business strategies for a harmonised framework to reduce food loss and waste at the EU level. The project will also consider innovative processes and streams to valorise unavoidable food loss and waste. A decision support toolbox will be developed to help stakeholders access the most appropriate methods, digital tools, and solutions for food loss and waste valorization. By bringing together the existing and allowing a better understanding of the environmental and socio-economic impacts associated with the implementation of solutions. This will also support data collection and modelling, developed by JRC, to deliver robust, reliable (accurate), and interoperable (comparable) data for future research.<\/p> <p><a href=\"https:\/\/univet.hu\/en\/egyetem\/palyazati-projektek\/horizon\/wasteless\/projektek-42-x-29-7cm-42-x-29-7cm-worksheet-2\/\" rel=\"attachment wp-att-96471\"><img loading=\"lazy\" decoding=\"async\" class=\"size-large wp-image-96471 aligncenter\" src=\"https:\/\/univet.hu\/wp-content\/uploads\/2023\/11\/PROJEKTEK-42-\u00d7-29.7cm-42-\u00d7-29.7cm-Worksheet-2-679x960.jpg\" alt=\"\" width=\"640\" height=\"905\" srcset=\"https:\/\/univet.hu\/wp-content\/uploads\/2023\/11\/PROJEKTEK-42-\u00d7-29.7cm-42-\u00d7-29.7cm-Worksheet-2-679x960.jpg 679w, https:\/\/univet.hu\/wp-content\/uploads\/2023\/11\/PROJEKTEK-42-\u00d7-29.7cm-42-\u00d7-29.7cm-Worksheet-2-226x320.jpg 226w, https:\/\/univet.hu\/wp-content\/uploads\/2023\/11\/PROJEKTEK-42-\u00d7-29.7cm-42-\u00d7-29.7cm-Worksheet-2-768x1086.jpg 768w, https:\/\/univet.hu\/wp-content\/uploads\/2023\/11\/PROJEKTEK-42-\u00d7-29.7cm-42-\u00d7-29.7cm-Worksheet-2.jpg 1414w\" sizes=\"auto, (max-width: 640px) 100vw, 640px\" \/><\/a><\/p> <p><img loading=\"lazy\" decoding=\"async\" class=\"wp-image-87825 alignright\" src=\"https:\/\/univet.hu\/wp-content\/uploads\/2023\/06\/EN-V-Funded-by-the-EU_POS-316x320.jpg\" alt=\"\" width=\"144\" height=\"146\" srcset=\"https:\/\/univet.hu\/wp-content\/uploads\/2023\/06\/EN-V-Funded-by-the-EU_POS-316x320.jpg 316w, https:\/\/univet.hu\/wp-content\/uploads\/2023\/06\/EN-V-Funded-by-the-EU_POS-768x778.jpg 768w, https:\/\/univet.hu\/wp-content\/uploads\/2023\/06\/EN-V-Funded-by-the-EU_POS.jpg 910w\" sizes=\"auto, (max-width: 144px) 100vw, 144px\" \/><\/p>","protected":false},"excerpt":{"rendered":"<p>Project name: Waste Quantification Solutions to Limit Environmental Stress (WASTELESS) \u00a0Project number: 101084222 Call number: HORIZON-CL6-2022-FARM2FORK-01-08 List of partners: University of Veterinary Medicine Budapest (UVMB), Hungary Coordinator: Universidade De Tras-Os-Montes E Alto Douro (UTAD), Portugal Aitown S.R.L. (AITOWN), Italy Asociacion Para La Investigacion Desarrollo E Innovacion Del Sector Agroalimentario &#8211; Aidisa (CTIC CITA), Spain European<\/p>\n","protected":false},"author":4688,"featured_media":0,"parent":87182,"menu_order":0,"comment_status":"open","ping_status":"open","template":"","meta":{"_acf_changed":false,"footnotes":""},"categories":[],"tags":[],"class_list":["post-87209","page","type-page","status-publish","hentry"],"acf":[],"_links":{"self":[{"href":"https:\/\/univet.hu\/en\/wp-json\/wp\/v2\/pages\/87209","targetHints":{"allow":["GET"]}}],"collection":[{"href":"https:\/\/univet.hu\/en\/wp-json\/wp\/v2\/pages"}],"about":[{"href":"https:\/\/univet.hu\/en\/wp-json\/wp\/v2\/types\/page"}],"author":[{"embeddable":true,"href":"https:\/\/univet.hu\/en\/wp-json\/wp\/v2\/users\/4688"}],"replies":[{"embeddable":true,"href":"https:\/\/univet.hu\/en\/wp-json\/wp\/v2\/comments?post=87209"}],"version-history":[{"count":0,"href":"https:\/\/univet.hu\/en\/wp-json\/wp\/v2\/pages\/87209\/revisions"}],"up":[{"embeddable":true,"href":"https:\/\/univet.hu\/en\/wp-json\/wp\/v2\/pages\/87182"}],"wp:attachment":[{"href":"https:\/\/univet.hu\/en\/wp-json\/wp\/v2\/media?parent=87209"}],"wp:term":[{"taxonomy":"category","embeddable":true,"href":"https:\/\/univet.hu\/en\/wp-json\/wp\/v2\/categories?post=87209"},{"taxonomy":"post_tag","embeddable":true,"href":"https:\/\/univet.hu\/en\/wp-json\/wp\/v2\/tags?post=87209"}],"curies":[{"name":"wp","href":"https:\/\/api.w.org\/{rel}","templated":true}]}}