{"id":87481,"date":"2023-06-26T11:25:20","date_gmt":"2023-06-26T09:25:20","guid":{"rendered":"https:\/\/univet.hu\/?page_id=87481"},"modified":"2023-06-26T11:36:42","modified_gmt":"2023-06-26T09:36:42","slug":"development-of-a-new-vaccine-adjuvant-preparation-against-ibv-in-laying-hens","status":"publish","type":"page","link":"https:\/\/univet.hu\/en\/about\/project-proposals\/nrdio-projects\/development-of-a-new-vaccine-adjuvant-preparation-against-ibv-in-laying-hens\/","title":{"rendered":"Development of a new vaccine adjuvant preparation against IBV in laying hens"},"content":{"rendered":"<p>&nbsp;<\/p> <p><strong>Project number:<\/strong> 2020-1.2.4-T\u00c9T-IPARI-2021-00015<br \/> <strong>Consortium partner:<\/strong> B\u00e1bolna TETRA Baromfiteny\u00e9szt\u0151 \u00e9s Forgalmaz\u00f3 Kft.<br \/> <strong>Total budget:<\/strong> 93.004.305 HUF<br \/> <strong>Grant amount:<\/strong> 69.943.664 HUF<br \/> <strong>UVMB\u2019s budget:\u00a0<\/strong>38.559.005 HUF<\/p> <p><strong>Project manager:<\/strong> Dr. Mikl\u00f3s Tenk<\/p> <p><strong>Duration:<\/strong><\/p> <p>from 1st January 2022. to 31st December 2024.<\/p> <p>&nbsp;<\/p> <p><strong>Summary:<\/strong><\/p> <p>The consortium plans to develop a vaccine against a disease important to poultry. Infectious poultry bronchitis (IBV) causes serious economic damage. Protocols generally recommend parenteral vaccination of laying flocks with inactivated vaccines. Vaccines containing killed pathogens are safe, but their protection is inadequate against viral diseases. Next-generation vaccines combine the two previously mentioned types of vaccines, but their production and storage costs can be very high. Inactivated vaccines do not work without immune-activating adjuvants. With the development of these molecules, the effect of conventional vaccines can be significantly enhanced. The present development is the testing of a new adjuvant in poultry, which ultimately promises an effective vaccine even in case of an average vaccine strain. The IBV strain alone is rarely used due to inadequate protection. The immunomodulatory effect of the new adjuvant has previously been demonstrated in mammals. According to the applicants, this vaccine with this strain, is also able to protect herds from infection with variant wild virus.<\/p> <p>The Hungarian partner would investigate the role of the adjuvant as an immunomodulator. These tests could also be used to measure the effectiveness of vaccination in other diseases. The laboratory and theoretical background for this is provided by the University of Veterinary Medicine, while the birds required for clinical trials are provided by B\u00e1bolna TETRA. Their colleagues with extensive practical experience ensure that testing will be practical in large-scale conditions as well.<\/p> <p><img loading=\"lazy\" decoding=\"async\" class=\"size-medium wp-image-87477 alignright\" src=\"https:\/\/univet.hu\/wp-content\/uploads\/2023\/06\/NKFIA_infoblokk_kerettel_program_fekvo_2019_EN-320x113.jpg\" alt=\"\" width=\"320\" height=\"113\" srcset=\"https:\/\/univet.hu\/wp-content\/uploads\/2023\/06\/NKFIA_infoblokk_kerettel_program_fekvo_2019_EN-320x113.jpg 320w, https:\/\/univet.hu\/wp-content\/uploads\/2023\/06\/NKFIA_infoblokk_kerettel_program_fekvo_2019_EN-768x270.jpg 768w, https:\/\/univet.hu\/wp-content\/uploads\/2023\/06\/NKFIA_infoblokk_kerettel_program_fekvo_2019_EN-960x338.jpg 960w\" sizes=\"auto, (max-width: 320px) 100vw, 320px\" \/><\/p>","protected":false},"excerpt":{"rendered":"<p>&nbsp; Project number: 2020-1.2.4-T\u00c9T-IPARI-2021-00015 Consortium partner: B\u00e1bolna TETRA Baromfiteny\u00e9szt\u0151 \u00e9s Forgalmaz\u00f3 Kft. Total budget: 93.004.305 HUF Grant amount: 69.943.664 HUF UVMB\u2019s budget:\u00a038.559.005 HUF Project manager: Dr. Mikl\u00f3s Tenk Duration: from 1st January 2022. to 31st December 2024. &nbsp; Summary: The consortium plans to develop a vaccine against a disease important to poultry. Infectious poultry bronchitis<\/p>\n","protected":false},"author":4688,"featured_media":0,"parent":87337,"menu_order":0,"comment_status":"open","ping_status":"open","template":"","meta":{"_acf_changed":false,"footnotes":""},"categories":[],"tags":[],"class_list":["post-87481","page","type-page","status-publish","hentry"],"acf":[],"_links":{"self":[{"href":"https:\/\/univet.hu\/en\/wp-json\/wp\/v2\/pages\/87481","targetHints":{"allow":["GET"]}}],"collection":[{"href":"https:\/\/univet.hu\/en\/wp-json\/wp\/v2\/pages"}],"about":[{"href":"https:\/\/univet.hu\/en\/wp-json\/wp\/v2\/types\/page"}],"author":[{"embeddable":true,"href":"https:\/\/univet.hu\/en\/wp-json\/wp\/v2\/users\/4688"}],"replies":[{"embeddable":true,"href":"https:\/\/univet.hu\/en\/wp-json\/wp\/v2\/comments?post=87481"}],"version-history":[{"count":0,"href":"https:\/\/univet.hu\/en\/wp-json\/wp\/v2\/pages\/87481\/revisions"}],"up":[{"embeddable":true,"href":"https:\/\/univet.hu\/en\/wp-json\/wp\/v2\/pages\/87337"}],"wp:attachment":[{"href":"https:\/\/univet.hu\/en\/wp-json\/wp\/v2\/media?parent=87481"}],"wp:term":[{"taxonomy":"category","embeddable":true,"href":"https:\/\/univet.hu\/en\/wp-json\/wp\/v2\/categories?post=87481"},{"taxonomy":"post_tag","embeddable":true,"href":"https:\/\/univet.hu\/en\/wp-json\/wp\/v2\/tags?post=87481"}],"curies":[{"name":"wp","href":"https:\/\/api.w.org\/{rel}","templated":true}]}}