{"id":87847,"date":"2023-06-29T10:40:59","date_gmt":"2023-06-29T08:40:59","guid":{"rendered":"https:\/\/univet.hu\/?page_id=87847"},"modified":"2023-06-29T10:40:59","modified_gmt":"2023-06-29T08:40:59","slug":"fk-129055-experimental-investigation-biological-effects-of-subchronic-welding-fume-inhalation-in-mouse-model-with-special-regard-to-tungsten-inert-gas-tig-welding-ozone-ant-thorium-emission","status":"publish","type":"page","link":"https:\/\/univet.hu\/en\/about\/project-proposals\/nrdio-projects\/otka-projects\/fk-129055-experimental-investigation-biological-effects-of-subchronic-welding-fume-inhalation-in-mouse-model-with-special-regard-to-tungsten-inert-gas-tig-welding-ozone-ant-thorium-emission\/","title":{"rendered":"FK 129055 &#8211; Experimental investigation biological effects of subchronic welding fume inhalation in mouse model with special regard to Tungsten Inert Gas (TIG) welding, ozone ant thorium emission and the metal fume fever syndrome"},"content":{"rendered":"<p>&nbsp;<\/p> <p>&nbsp;<\/p> <p><strong>Total budget:<\/strong> 40.000.000 HUF<\/p> <p><strong>Project manager:<\/strong> Dr. Csaba K\u0151v\u00e1g\u00f3<\/p> <p><strong>Duration:<\/strong><\/p> <p>from 1st September 2018. to 31st May 2023.<\/p> <p>&nbsp;<\/p> <p><strong>Summary:<\/strong><br \/> Metal welding is one of the most important joining methods in industrial manufacturing all around the world. Thus many<br \/> hundred-thousand workers in the world are involved in full- or part time job, and suffer from the chemical, thermal, radiation<br \/> and other expositions of the welding. Since welding requires high skills these workers are precious human resources of the<br \/> manufacturers and often there is shortage from skilled enough personnel on this field for example in our country as well. In<br \/> this aspect it can be concluded that welding has high economical and healthcare impact.<br \/> With our experiments we want to gather data about the inhalation risks of the fume generated by Tungsten Inert Gas (TIG)<br \/> welding process, which is wildly used for joining stainless steel, high alloy steels or aluminum workpieces in the industry.<br \/> Since these materials are containing metals like chromium, manganese, molybdenum, titan, nickel which are proven to be<br \/> capable to cause lung problems, toxicosis and even cancer, it is very important to avoid the inhalation of these malicious<br \/> metal particles.<br \/> Metal fume fever syndrome is known for long time ago as a flu-like disease among welders who are working with zinc<br \/> coated steels. Although several investigations have been made, the exact cause and mechanism of the disease is still not<br \/> known. In our project we will recreate and examine in fine details the disease in experimental animals to understand the<br \/> mechanism behind it and to be able to create protective measures for the welders against the disease.<br \/> Utilizing these data we will be able to modify the technology and apply more safe rules to protect the welders health more<br \/> than it is done these days.<\/p>","protected":false},"excerpt":{"rendered":"<p>&nbsp; &nbsp; Total budget: 40.000.000 HUF Project manager: Dr. Csaba K\u0151v\u00e1g\u00f3 Duration: from 1st September 2018. to 31st May 2023. &nbsp; Summary: Metal welding is one of the most important joining methods in industrial manufacturing all around the world. Thus many hundred-thousand workers in the world are involved in full- or part time job, and<\/p>\n","protected":false},"author":4688,"featured_media":0,"parent":87341,"menu_order":0,"comment_status":"open","ping_status":"open","template":"","meta":{"_acf_changed":false,"footnotes":""},"categories":[],"tags":[],"class_list":["post-87847","page","type-page","status-publish","hentry"],"acf":[],"_links":{"self":[{"href":"https:\/\/univet.hu\/en\/wp-json\/wp\/v2\/pages\/87847","targetHints":{"allow":["GET"]}}],"collection":[{"href":"https:\/\/univet.hu\/en\/wp-json\/wp\/v2\/pages"}],"about":[{"href":"https:\/\/univet.hu\/en\/wp-json\/wp\/v2\/types\/page"}],"author":[{"embeddable":true,"href":"https:\/\/univet.hu\/en\/wp-json\/wp\/v2\/users\/4688"}],"replies":[{"embeddable":true,"href":"https:\/\/univet.hu\/en\/wp-json\/wp\/v2\/comments?post=87847"}],"version-history":[{"count":0,"href":"https:\/\/univet.hu\/en\/wp-json\/wp\/v2\/pages\/87847\/revisions"}],"up":[{"embeddable":true,"href":"https:\/\/univet.hu\/en\/wp-json\/wp\/v2\/pages\/87341"}],"wp:attachment":[{"href":"https:\/\/univet.hu\/en\/wp-json\/wp\/v2\/media?parent=87847"}],"wp:term":[{"taxonomy":"category","embeddable":true,"href":"https:\/\/univet.hu\/en\/wp-json\/wp\/v2\/categories?post=87847"},{"taxonomy":"post_tag","embeddable":true,"href":"https:\/\/univet.hu\/en\/wp-json\/wp\/v2\/tags?post=87847"}],"curies":[{"name":"wp","href":"https:\/\/api.w.org\/{rel}","templated":true}]}}