{"id":879,"date":"2017-06-27T10:56:00","date_gmt":"2017-06-27T08:56:00","guid":{"rendered":"http:\/\/univet.hu\/about-us\/research\/research-teams\/animal-health-law-and-economics-research-group\/"},"modified":"2023-06-19T10:29:06","modified_gmt":"2023-06-19T08:29:06","slug":"animal-health-law-and-economics-research-group","status":"publish","type":"page","link":"https:\/\/univet.hu\/en\/research\/research-teams\/animal-health-law-and-economics-research-group\/","title":{"rendered":"Animal Health Law and Economics Research Group"},"content":{"rendered":"<p><strong>RESEARCH GROUP LEADER:<\/strong> Dr. L\u00e1szl\u00f3 \u00d3ZSV\u00c1RI PhD, MBA, professor<\/p> <p><strong>CONTACT:<\/strong>\u00a0<a class=\"decrypt\" rel=\"p{twbsj\/mbt{mpAvojwfu\/iv\" href=\"javascript:void(0);\">[Click to see email]<\/a><\/p> <p>&nbsp;<\/p> <p><strong>MEMBERS:<\/strong><\/p> <p>1) Dr. Csaba CSINTALAN<\/p> <p>2) Dr. Krisztina B\u00c1RDOS<\/p> <p>3) Dr. Marietta M\u00c1T\u00c9<\/p> <p>4) Dr. Dorottya IVANYOS<\/p> <p>5) Dr. Attila DOBOS<\/p> <p>6) Dr. Erik DIEZ<\/p> <p>7) Dr. Adrienn GYURCS\u00d3 Dr. FARKASN\u00c9<\/p> <p>8) Tam\u00e1s L\u00c1MFALUSSY<\/p> <p>9) Dr. \u00c1gnes S\u00c1TORI<\/p> <p>10) Katalin VERES<\/p> <p>11) Eszter Laura SZ\u00dcCS<\/p> <p>&nbsp;<\/p> <p><strong>RESEARCH TOPIC:<\/strong><\/p> <p>The research fields of the research group include the economic aspects of animal health management in cattle, pigs, poultry, sheep and goats, bees and aquatic animals, and the assessment of prevalence of infectious animal diseases and the legal and economic aspects of their prevention and control. In the field of state veterinary medicine (veterinary administration), the research group primarily focuses on the biosecurity measures on dairy cattle and pig farms, and as regards to forensic veterinary medicine the veterinarians\u2019 ethical and criminal liability, and their liability for the damages. In addition, veterinary practice management in small, large and mixed animal practices with special regard to business management is also a research area in focus. Furthermore, the research of the \u201cso-called\u201d veterinary soft skills also plays an important role, such as communication and crisis communication in veterinary practices, the maintenance and evaluation of the veterinarians\u2019 mental and emotional health, the differences in salary demand of the veterinarians according to their age, work field, geographical location, etc., and the attitude of other veterinarians and animal owners towards female veterinarians, furthermore, the expectations, perceptions and experiences of female veterinarians when they return to work after maternity leave.<\/p> <p>&nbsp;<\/p> <p><strong>TOP PUBLICATIONS:<\/strong><\/p> <p>1) \u00d3zsv\u00e1ri, L., Ivanyos, D. (2022): The use of teat disinfectants and milking machine cleaning products in commercial Holstein-Friesian farms. Frontiers in Veterinary Science<\/p> <p>2) V\u00e1rhidi, Zs., M\u00e1t\u00e9, M., \u00d3zsv\u00e1ri, L. (2022): The use of probiotics in nutrition and herd health management in large Hungarian dairy cattle farms. Frontiers in Veterinary Science<\/p> <p>3) \u00d3zsv\u00e1ri, L.\u00b8 Harnos A. Lang, Zs.; Monostori, A.; Strain, S.; Fodor, I. (2020): The impact of paratuberculosis on milk production, fertility and culling in large commercial Hungarian dairy herds. Frontiers in Veterinary Science, 7, 778<\/p> <p>4) \u00d3zsv\u00e1ri, L.\u00b8 Lang, Zs.; Monostori, A.; Kostoulas, P.; Fodor, I. (2020): Bayesian estimation of the true prevalence of paratuberculosis in Hungarian dairy cattle herds. Preventive Veterinary Medicine, 183. October, 105124<\/p> <p>5) \u00d3zsv\u00e1ri, L.\u00b8 Harnos A. Lang, Zs.; Monostori, A.; Strain, S.; Fodor, I. (2020): The impact of paratuberculosis on milk production, fertility and culling in large commercial Hungarian dairy herds. Frontiers in Veterinary Science<\/p> <p>&nbsp;<\/p> <p><strong>GRANT PROJECTS:<\/strong><\/p> <p>1) Development of multifunctional natural feed additives for optimizing poultry microbiome<\/p> <p>2) Development of a rapid screening test for on-site serological diagnostics of caprine arthritis-encephalitis using individual milk samples<\/p> <p>3) National Laboratory of Infectious Animal Diseases, Antimicrobial Resistance, Veterinary Public Health and Food Chain Safety<\/p> <p>4) Enhanced and cost-effective biosecurity in livestock production<\/p> <p>5) Standardizing OUtput-based surveillance to control Non-regulated Diseases of cattle in the EU (SOUND-control)<\/p> <p>6) Novel tools for test evaluation and disease prevalence estimation (HARMONY)<\/p> <p>7) Biosecurity Enhanced Through Training Evaluation and Raising Awareness (BETTER)<\/p>","protected":false},"excerpt":{"rendered":"<p>RESEARCH GROUP LEADER: Dr. L\u00e1szl\u00f3 \u00d3ZSV\u00c1RI PhD, MBA, professor CONTACT:\u00a0[Click to see email] &nbsp; MEMBERS: 1) Dr. Csaba CSINTALAN 2) Dr. Krisztina B\u00c1RDOS 3) Dr. Marietta M\u00c1T\u00c9 4) Dr. Dorottya IVANYOS 5) Dr. Attila DOBOS 6) Dr. Erik DIEZ 7) Dr. Adrienn GYURCS\u00d3 Dr. FARKASN\u00c9 8) Tam\u00e1s L\u00c1MFALUSSY 9) Dr. \u00c1gnes S\u00c1TORI 10) Katalin VERES<\/p>\n","protected":false},"author":1,"featured_media":0,"parent":869,"menu_order":228,"comment_status":"closed","ping_status":"closed","template":"","meta":{"_acf_changed":false,"footnotes":""},"categories":[],"tags":[],"class_list":["post-879","page","type-page","status-publish","hentry"],"acf":[],"_links":{"self":[{"href":"https:\/\/univet.hu\/en\/wp-json\/wp\/v2\/pages\/879","targetHints":{"allow":["GET"]}}],"collection":[{"href":"https:\/\/univet.hu\/en\/wp-json\/wp\/v2\/pages"}],"about":[{"href":"https:\/\/univet.hu\/en\/wp-json\/wp\/v2\/types\/page"}],"author":[{"embeddable":true,"href":"https:\/\/univet.hu\/en\/wp-json\/wp\/v2\/users\/1"}],"replies":[{"embeddable":true,"href":"https:\/\/univet.hu\/en\/wp-json\/wp\/v2\/comments?post=879"}],"version-history":[{"count":0,"href":"https:\/\/univet.hu\/en\/wp-json\/wp\/v2\/pages\/879\/revisions"}],"up":[{"embeddable":true,"href":"https:\/\/univet.hu\/en\/wp-json\/wp\/v2\/pages\/869"}],"wp:attachment":[{"href":"https:\/\/univet.hu\/en\/wp-json\/wp\/v2\/media?parent=879"}],"wp:term":[{"taxonomy":"category","embeddable":true,"href":"https:\/\/univet.hu\/en\/wp-json\/wp\/v2\/categories?post=879"},{"taxonomy":"post_tag","embeddable":true,"href":"https:\/\/univet.hu\/en\/wp-json\/wp\/v2\/tags?post=879"}],"curies":[{"name":"wp","href":"https:\/\/api.w.org\/{rel}","templated":true}]}}