{"id":88189,"date":"2023-07-07T12:13:08","date_gmt":"2023-07-07T10:13:08","guid":{"rendered":"https:\/\/univet.hu\/?page_id=88189"},"modified":"2023-09-05T16:20:57","modified_gmt":"2023-09-05T14:20:57","slug":"ceremonial-opening-2023","status":"publish","type":"page","link":"https:\/\/univet.hu\/en\/ceremonial-opening-2023\/","title":{"rendered":"Ceremonial opening 2023"},"content":{"rendered":"<p><span style=\"color: #ffffff;\"><span style=\"background-color: #64becb;\">Watch our ceremonial opening again:<\/span><\/span><\/p> <p><iframe loading=\"lazy\" title=\"YouTube video player\" src=\"https:\/\/www.youtube.com\/embed\/S0EgG0XJnHA?si=8_1EdO8rK1kihJrc\" width=\"560\" height=\"315\" frameborder=\"0\" allowfullscreen=\"allowfullscreen\"><\/iframe><\/p> <p><strong>For more photos click\u00a0<a href=\"https:\/\/allatorvosiegyetem.sharepoint.com\/:f:\/s\/kommunikacio\/EhRimQser2VOtek_AEzeHhQBr8GeGL7Hs-jx5nxmmTOB8w?e=1ghnTf\">HERE.<\/a><\/strong><\/p> <p>&nbsp;<\/p> <p><a href=\"https:\/\/univet.hu\/hu\/2023\/07\/18\/tanevnyito-unnepseg-2023\/ate-41-meghivo-tanevnyito-unnepseg-2\/\" rel=\"attachment wp-att-88744\"><img loading=\"lazy\" decoding=\"async\" class=\"aligncenter size-full wp-image-88744\" src=\"https:\/\/univet.hu\/wp-content\/uploads\/2023\/07\/ATE-41-megh\u00edv\u00f3-tan\u00e9vnyit\u00f3-\u00fcnneps\u00e9g.png\" alt=\"\" width=\"2363\" height=\"1624\" srcset=\"https:\/\/univet.hu\/wp-content\/uploads\/2023\/07\/ATE-41-megh\u00edv\u00f3-tan\u00e9vnyit\u00f3-\u00fcnneps\u00e9g.png 2363w, https:\/\/univet.hu\/wp-content\/uploads\/2023\/07\/ATE-41-megh\u00edv\u00f3-tan\u00e9vnyit\u00f3-\u00fcnneps\u00e9g-320x220.png 320w, https:\/\/univet.hu\/wp-content\/uploads\/2023\/07\/ATE-41-megh\u00edv\u00f3-tan\u00e9vnyit\u00f3-\u00fcnneps\u00e9g-768x528.png 768w, https:\/\/univet.hu\/wp-content\/uploads\/2023\/07\/ATE-41-megh\u00edv\u00f3-tan\u00e9vnyit\u00f3-\u00fcnneps\u00e9g-960x660.png 960w\" sizes=\"auto, (max-width: 2363px) 100vw, 2363px\" \/><\/a><\/p> <p><a href=\"https:\/\/univet.hu\/hu\/2023\/07\/18\/tanevnyito-unnepseg-2023\/ate-41-meghivo-tanevnyito-unnepseg-3\/\" target=\"_blank\" rel=\"attachment noopener wp-att-88745\">Download in pdf.<\/a><\/p> <p>&nbsp;<\/p> <p>&nbsp;<\/p>","protected":false},"excerpt":{"rendered":"<p>Watch our ceremonial opening again: For more photos click\u00a0HERE. &nbsp; Download in pdf. &nbsp; &nbsp;<\/p>\n","protected":false},"author":2518,"featured_media":0,"parent":0,"menu_order":0,"comment_status":"closed","ping_status":"closed","template":"","meta":{"_acf_changed":false,"footnotes":""},"categories":[],"tags":[],"class_list":["post-88189","page","type-page","status-publish","hentry"],"acf":[],"_links":{"self":[{"href":"https:\/\/univet.hu\/en\/wp-json\/wp\/v2\/pages\/88189","targetHints":{"allow":["GET"]}}],"collection":[{"href":"https:\/\/univet.hu\/en\/wp-json\/wp\/v2\/pages"}],"about":[{"href":"https:\/\/univet.hu\/en\/wp-json\/wp\/v2\/types\/page"}],"author":[{"embeddable":true,"href":"https:\/\/univet.hu\/en\/wp-json\/wp\/v2\/users\/2518"}],"replies":[{"embeddable":true,"href":"https:\/\/univet.hu\/en\/wp-json\/wp\/v2\/comments?post=88189"}],"version-history":[{"count":0,"href":"https:\/\/univet.hu\/en\/wp-json\/wp\/v2\/pages\/88189\/revisions"}],"wp:attachment":[{"href":"https:\/\/univet.hu\/en\/wp-json\/wp\/v2\/media?parent=88189"}],"wp:term":[{"taxonomy":"category","embeddable":true,"href":"https:\/\/univet.hu\/en\/wp-json\/wp\/v2\/categories?post=88189"},{"taxonomy":"post_tag","embeddable":true,"href":"https:\/\/univet.hu\/en\/wp-json\/wp\/v2\/tags?post=88189"}],"curies":[{"name":"wp","href":"https:\/\/api.w.org\/{rel}","templated":true}]}}