{"id":88402,"date":"2023-07-13T14:26:10","date_gmt":"2023-07-13T12:26:10","guid":{"rendered":"https:\/\/univet.hu\/?page_id=88402"},"modified":"2023-07-13T14:42:09","modified_gmt":"2023-07-13T12:42:09","slug":"precision-system-support-of-circular-models-on-dairy-farms","status":"publish","type":"page","link":"https:\/\/univet.hu\/en\/about\/project-proposals\/nrdio-projects\/tet-science-and-technology\/precision-system-support-of-circular-models-on-dairy-farms\/","title":{"rendered":"Effects of heat stress on physiological, biochemical and enzymatic parameters in the INRA180 rams"},"content":{"rendered":"<p>&nbsp;<\/p> <p><strong>Project ID:<\/strong> 2018-2.1.10-T\u00c9T-MC-2018-00011<\/p> <p><strong>Total budget:<\/strong> 1.359.000 HUF<\/p> <p><strong>Project manager:<\/strong> Dr. Andr\u00e1s Horv\u00e1th, PhD, university assistant professor<\/p> <p><strong>Duration:<\/strong><br \/> from 1st May 2019. to 30th April 2021.<\/p> <p>&nbsp;<\/p> <p><strong>Summary:<\/strong><br \/> As a consequence of global warming, heat stress is of outstanding importance in the reproductive biology of farm animals. The negative effect of heat stress on the fertility of dairy cattle is known in many forms. This is also important for sheep, as they are highly dependent on the grazing conditions of dry and semi-arid areas and the high summer temperatures.<br \/> In the project, the researchers want to investigate the effect of heat stress on the reproductive biological parameters of INRA180 type rams.<br \/> The project is a unique approach to the ability of rams to adapt to the extreme Moroccan weather conditions.<\/p> <p><img loading=\"lazy\" decoding=\"async\" class=\"size-medium wp-image-88358 alignright\" src=\"https:\/\/univet.hu\/wp-content\/uploads\/2023\/07\/NKFIA_infoblokk_kerettel_program_fekvo_2019_EN-1-320x113.jpg\" alt=\"\" width=\"320\" height=\"113\" srcset=\"https:\/\/univet.hu\/wp-content\/uploads\/2023\/07\/NKFIA_infoblokk_kerettel_program_fekvo_2019_EN-1-320x113.jpg 320w, https:\/\/univet.hu\/wp-content\/uploads\/2023\/07\/NKFIA_infoblokk_kerettel_program_fekvo_2019_EN-1-768x270.jpg 768w, https:\/\/univet.hu\/wp-content\/uploads\/2023\/07\/NKFIA_infoblokk_kerettel_program_fekvo_2019_EN-1-960x338.jpg 960w\" sizes=\"auto, (max-width: 320px) 100vw, 320px\" \/><\/p>","protected":false},"excerpt":{"rendered":"<p>&nbsp; Project ID: 2018-2.1.10-T\u00c9T-MC-2018-00011 Total budget: 1.359.000 HUF Project manager: Dr. Andr\u00e1s Horv\u00e1th, PhD, university assistant professor Duration: from 1st May 2019. to 30th April 2021. &nbsp; Summary: As a consequence of global warming, heat stress is of outstanding importance in the reproductive biology of farm animals. The negative effect of heat stress on the<\/p>\n","protected":false},"author":4688,"featured_media":0,"parent":88247,"menu_order":0,"comment_status":"open","ping_status":"open","template":"","meta":{"_acf_changed":false,"footnotes":""},"categories":[],"tags":[],"class_list":["post-88402","page","type-page","status-publish","hentry"],"acf":[],"_links":{"self":[{"href":"https:\/\/univet.hu\/en\/wp-json\/wp\/v2\/pages\/88402","targetHints":{"allow":["GET"]}}],"collection":[{"href":"https:\/\/univet.hu\/en\/wp-json\/wp\/v2\/pages"}],"about":[{"href":"https:\/\/univet.hu\/en\/wp-json\/wp\/v2\/types\/page"}],"author":[{"embeddable":true,"href":"https:\/\/univet.hu\/en\/wp-json\/wp\/v2\/users\/4688"}],"replies":[{"embeddable":true,"href":"https:\/\/univet.hu\/en\/wp-json\/wp\/v2\/comments?post=88402"}],"version-history":[{"count":0,"href":"https:\/\/univet.hu\/en\/wp-json\/wp\/v2\/pages\/88402\/revisions"}],"up":[{"embeddable":true,"href":"https:\/\/univet.hu\/en\/wp-json\/wp\/v2\/pages\/88247"}],"wp:attachment":[{"href":"https:\/\/univet.hu\/en\/wp-json\/wp\/v2\/media?parent=88402"}],"wp:term":[{"taxonomy":"category","embeddable":true,"href":"https:\/\/univet.hu\/en\/wp-json\/wp\/v2\/categories?post=88402"},{"taxonomy":"post_tag","embeddable":true,"href":"https:\/\/univet.hu\/en\/wp-json\/wp\/v2\/tags?post=88402"}],"curies":[{"name":"wp","href":"https:\/\/api.w.org\/{rel}","templated":true}]}}