{"id":88625,"date":"2023-07-17T09:28:28","date_gmt":"2023-07-17T07:28:28","guid":{"rendered":"https:\/\/univet.hu\/?page_id=88625"},"modified":"2026-02-10T04:25:50","modified_gmt":"2026-02-10T03:25:50","slug":"hoitsy-marton-gyorgy","status":"publish","type":"page","link":"https:\/\/univet.hu\/en\/about\/staff\/hoitsy-marton-gyorgy\/","title":{"rendered":"Hoitsy M\u00e1rton Gy\u00f6rgy"},"content":{"rendered":"<p>M\u00e1rton Hoitsy has graduated at the University of Veterinary Medicine in Budapest in 2017 and after the graduation he started to work as a zoo veterinarian at the Budapest Zoo and Botanical Garden and on the Lillaf\u00fcred Trout Breeding Farm. During his undergraduate studies he has completed the course of Wildlife Engineer BSc. As intern, he was working in the AquaBioTech Company, where he learned a lot about RAS systems. He also works with exotic and aquatic animals, amphibians, reptiles and fish health management, and consultancy. He is providing veterinary services for fish farmers, aquaculture companies, zoos and public aquaria, koi keepers and hobby aquarists too. In 2019 he has earned the title of Veterinary Expert on Wildlife Medicine. He successfully defended his Ph.D. thesis, \u201cInvestigating of neoplastic diseases in captive bred Salmonids\u201d at the Hungarian University of Agriculture and Life Sciences.<\/p>","protected":false},"excerpt":{"rendered":"<p>M\u00e1rton Hoitsy has graduated at the University of Veterinary Medicine in Budapest in 2017 and after the graduation he started to work as a zoo veterinarian at the Budapest Zoo and Botanical Garden and on the Lillaf\u00fcred Trout Breeding Farm. During his undergraduate studies he has completed the course of Wildlife Engineer BSc. As intern,<\/p>\n","protected":false},"author":5824,"featured_media":0,"parent":857,"menu_order":0,"comment_status":"open","ping_status":"open","template":"","meta":{"_acf_changed":false,"footnotes":""},"categories":[],"tags":[],"class_list":["post-88625","page","type-page","status-publish","hentry"],"acf":[],"_links":{"self":[{"href":"https:\/\/univet.hu\/en\/wp-json\/wp\/v2\/pages\/88625","targetHints":{"allow":["GET"]}}],"collection":[{"href":"https:\/\/univet.hu\/en\/wp-json\/wp\/v2\/pages"}],"about":[{"href":"https:\/\/univet.hu\/en\/wp-json\/wp\/v2\/types\/page"}],"author":[{"embeddable":true,"href":"https:\/\/univet.hu\/en\/wp-json\/wp\/v2\/users\/5824"}],"replies":[{"embeddable":true,"href":"https:\/\/univet.hu\/en\/wp-json\/wp\/v2\/comments?post=88625"}],"version-history":[{"count":1,"href":"https:\/\/univet.hu\/en\/wp-json\/wp\/v2\/pages\/88625\/revisions"}],"predecessor-version":[{"id":181653,"href":"https:\/\/univet.hu\/en\/wp-json\/wp\/v2\/pages\/88625\/revisions\/181653"}],"up":[{"embeddable":true,"href":"https:\/\/univet.hu\/en\/wp-json\/wp\/v2\/pages\/857"}],"wp:attachment":[{"href":"https:\/\/univet.hu\/en\/wp-json\/wp\/v2\/media?parent=88625"}],"wp:term":[{"taxonomy":"category","embeddable":true,"href":"https:\/\/univet.hu\/en\/wp-json\/wp\/v2\/categories?post=88625"},{"taxonomy":"post_tag","embeddable":true,"href":"https:\/\/univet.hu\/en\/wp-json\/wp\/v2\/tags?post=88625"}],"curies":[{"name":"wp","href":"https:\/\/api.w.org\/{rel}","templated":true}]}}