{"id":88681,"date":"2023-07-17T12:56:06","date_gmt":"2023-07-17T10:56:06","guid":{"rendered":"https:\/\/univet.hu\/en\/about\/units\/scientific-research-committee\/name\/"},"modified":"2026-04-16T11:58:15","modified_gmt":"2026-04-16T09:58:15","slug":"members","status":"publish","type":"page","link":"https:\/\/univet.hu\/en\/about\/units\/scientific-research-committee\/members\/","title":{"rendered":"Members"},"content":{"rendered":"<table> <tbody> <tr> <td><strong>President:<\/strong><\/td> <td><\/td> <\/tr> <tr> <td>vice rector for research and innovation<\/td> <td>Dr. \u00c1kos Jerzsele<\/td> <\/tr> <tr> <td><strong>Secretary:<\/strong><\/td> <td><\/td> <\/tr> <tr> <td>senior research fellow<\/td> <td>Dr. Orsolya Farkas<\/td> <\/tr> <tr> <td><strong>Members:<\/strong><\/td> <td><\/td> <\/tr> <tr> <td>president of Doctoral and Habilitation Council<\/td> <td>Dr. P\u00e9ter G\u00e1lfi<\/td> <\/tr> <tr> <td>head of doctoral school<\/td> <td>Dr. Bence R\u00e1cz<\/td> <\/tr> <tr> <td>vice rector for clinical affairs, doctoral program director<\/td> <td>Dr. Tibor N\u00e9meth<\/td> <\/tr> <tr> <td>vice rector for study affairs<\/td> <td>Dr. L\u00e1szl\u00f3 \u00d3zsv\u00e1ri<\/td> <\/tr> <tr> <td>vice rector for strategy<\/td> <td>Dr. Mikl\u00f3s S\u00fcth<\/td> <\/tr> <tr> <td>doctoral program director<\/td> <td>Dr. R\u00f3bert Farkas<\/td> <\/tr> <tr> <td>director general of the library<\/td> <td>Dr. Bea Winkler<\/td> <\/tr> <tr> <td>PhD student<\/td> <td>Bianka Paliczn\u00e9 Kust\u00e1n<\/td> <\/tr> <\/tbody> <\/table> <p>&nbsp;<\/p>","protected":false},"excerpt":{"rendered":"<p>President: vice rector for research and innovation Dr. \u00c1kos Jerzsele Secretary: senior research fellow Dr. Orsolya Farkas Members: president of Doctoral and Habilitation Council Dr. P\u00e9ter G\u00e1lfi head of doctoral school Dr. Bence R\u00e1cz vice rector for clinical affairs, doctoral program director Dr. Tibor N\u00e9meth vice rector for study affairs Dr. L\u00e1szl\u00f3 \u00d3zsv\u00e1ri vice rector<\/p>\n","protected":false},"author":3837,"featured_media":0,"parent":3473,"menu_order":0,"comment_status":"open","ping_status":"open","template":"","meta":{"_acf_changed":false,"footnotes":""},"categories":[],"tags":[],"class_list":["post-88681","page","type-page","status-publish","hentry"],"acf":[],"_links":{"self":[{"href":"https:\/\/univet.hu\/en\/wp-json\/wp\/v2\/pages\/88681","targetHints":{"allow":["GET"]}}],"collection":[{"href":"https:\/\/univet.hu\/en\/wp-json\/wp\/v2\/pages"}],"about":[{"href":"https:\/\/univet.hu\/en\/wp-json\/wp\/v2\/types\/page"}],"author":[{"embeddable":true,"href":"https:\/\/univet.hu\/en\/wp-json\/wp\/v2\/users\/3837"}],"replies":[{"embeddable":true,"href":"https:\/\/univet.hu\/en\/wp-json\/wp\/v2\/comments?post=88681"}],"version-history":[{"count":3,"href":"https:\/\/univet.hu\/en\/wp-json\/wp\/v2\/pages\/88681\/revisions"}],"predecessor-version":[{"id":205417,"href":"https:\/\/univet.hu\/en\/wp-json\/wp\/v2\/pages\/88681\/revisions\/205417"}],"up":[{"embeddable":true,"href":"https:\/\/univet.hu\/en\/wp-json\/wp\/v2\/pages\/3473"}],"wp:attachment":[{"href":"https:\/\/univet.hu\/en\/wp-json\/wp\/v2\/media?parent=88681"}],"wp:term":[{"taxonomy":"category","embeddable":true,"href":"https:\/\/univet.hu\/en\/wp-json\/wp\/v2\/categories?post=88681"},{"taxonomy":"post_tag","embeddable":true,"href":"https:\/\/univet.hu\/en\/wp-json\/wp\/v2\/tags?post=88681"}],"curies":[{"name":"wp","href":"https:\/\/api.w.org\/{rel}","templated":true}]}}