{"id":88812,"date":"2023-07-18T13:45:20","date_gmt":"2023-07-18T11:45:20","guid":{"rendered":"https:\/\/univet.hu\/en\/marek-jozsef-foundation\/name\/"},"modified":"2023-09-06T09:24:32","modified_gmt":"2023-09-06T07:24:32","slug":"organization-of-the-foundation","status":"publish","type":"page","link":"https:\/\/univet.hu\/en\/marek-jozsef-foundation\/organization-of-the-foundation\/","title":{"rendered":"Organization of the Foundation"},"content":{"rendered":"<h3><\/h3> <table> <tbody> <tr> <td>Name:<\/td> <td>Marek J\u00f3zsef Foundation<\/td> <\/tr> <tr> <td>Seat:<\/td> <td>1078 Budapest, Istv\u00e1n utca 2.<\/td> <\/tr> <tr> <td>Address:<\/td> <td>1078 Budapest, Istv\u00e1n utca 2.<\/td> <\/tr> <tr> <td>Phone:<\/td> <td>1\/478-4104<\/td> <\/tr> <tr> <td>E-mail address:<\/td> <td><a class=\"decrypt\" rel=\"nbsfl\/bmbqjuwbozAvojwfu\/iv\" href=\"javascript:void(0);\">[Click to see email]<\/a><\/td> <\/tr> <\/tbody> <\/table> <p>&nbsp;<\/p> <p><strong>Board of Trustees and Supervisory Board<\/strong><\/p> <p>Board of Trustees &#8211; 5 members<\/p> <table> <tbody> <tr> <td><\/td> <td><strong>Dr. N\u00e1ray-Szab\u00f3 G\u00e1bor<\/strong><br \/> President<\/td> <\/tr> <tr> <td><\/td> <td><strong>Dr. Janza Frigyes<\/strong><br \/> Member<\/td> <\/tr> <tr> <td><\/td> <td><strong>Dr. Fazekas S\u00e1ndor<\/strong><br \/> Member<\/td> <\/tr> <tr> <td><\/td> <td><strong>Dr. G\u00f6nczi G\u00e1bor M\u00e1rton<\/strong><br \/> Member<\/td> <\/tr> <tr> <td><\/td> <td><strong>Dr. S\u00f3tonyi P\u00e9ter Tam\u00e1s<\/strong><br \/> Member<\/td> <\/tr> <\/tbody> <\/table> <p>Supervisory Board: 3 members<\/p> <table style=\"width: 223px;\"> <tbody> <tr> <td style=\"width: 6.525px;\"><\/td> <td style=\"width: 202.875px;\"><strong>Dr. Aladics Bal\u00e1zs S\u00e1ndor<\/strong><br \/> President<\/td> <\/tr> <tr> <td style=\"width: 6.525px;\"><\/td> <td style=\"width: 202.875px;\"><strong>L\u00e1z\u00e1r Vilmos<\/strong><br \/> Member<\/td> <\/tr> <tr> <td style=\"width: 6.525px;\"><\/td> <td style=\"width: 202.875px;\"><strong>Dr. Sziebert Gergely Elek<\/strong><br \/> Member<\/td> <\/tr> <\/tbody> <\/table> <p>Asset Inspector<\/p> <table> <tbody> <tr> <td><\/td> <td><strong>Dr. Gerencs\u00e9r Ferenc lawyer<\/strong><br \/> (designated asset inspector)<\/td> <\/tr> <\/tbody> <\/table> <p>&nbsp;<\/p> <pre id=\"tw-target-text\" class=\"tw-data-text tw-text-large tw-ta\" dir=\"ltr\" data-placeholder=\"Ford\u00edt\u00e1s\"><span class=\"Y2IQFc\" lang=\"en\" style=\"font-family: georgia, palatino, serif;\">The public body under the management and supervision of the foundation<\/span><\/pre> <table> <tbody> <tr> <td>Name:<\/td> <td>\u00c1llatorvostudom\u00e1nyi Egytem<\/td> <\/tr> <tr> <td>Seat:<\/td> <td>1078 Budapest, Istv\u00e1n utca 2.<\/td> <\/tr> <tr> <td>Postal address:<\/td> <td>1400 Budapest, Pf 2.<\/td> <\/tr> <tr> <td>Phone:<\/td> <td>1\/478-4100<\/td> <\/tr> <tr> <td>E-mail:<\/td> <td><a class=\"decrypt\" rel=\"jogpAvojwfu\/iv\" href=\"javascript:void(0);\">[Click to see email]<\/a><\/td> <\/tr> <\/tbody> <\/table> <p>&nbsp;<\/p> <p>Name, registered office, postal address, telephone and fax numbers, e-mail address, website and contact details of the supervisory body:<\/p> <table> <tbody> <tr> <td>Court of Supervision:<\/td> <td>F\u0151v\u00e1rosi T\u00f6rv\u00e9nysz\u00e9k<\/td> <\/tr> <tr> <td>Seat:<\/td> <td>1055 Budapest, Mark\u00f3 u. 27.<\/td> <\/tr> <tr> <td>Postal address:<\/td> <td>1363 Bp. Pf. 16<\/td> <\/tr> <tr> <td>Phone:<\/td> <td>+36 1 354 6000<\/td> <\/tr> <tr> <td>E-mail address:<\/td> <td><a class=\"decrypt\" rel=\"gu\/fmopltfhAcjsptbh\/iv\" href=\"javascript:void(0);\">[Click to see email]<\/a><\/td> <\/tr> <\/tbody> <\/table> <p>&nbsp;<\/p>","protected":false},"excerpt":{"rendered":"<p>Name: Marek J\u00f3zsef Foundation Seat: 1078 Budapest, Istv\u00e1n utca 2. Address: 1078 Budapest, Istv\u00e1n utca 2. Phone: 1\/478-4104 E-mail address: [Click to see email] &nbsp; Board of Trustees and Supervisory Board Board of Trustees &#8211; 5 members Dr. N\u00e1ray-Szab\u00f3 G\u00e1bor President Dr. Janza Frigyes Member Dr. Fazekas S\u00e1ndor Member Dr. G\u00f6nczi G\u00e1bor M\u00e1rton Member Dr.<\/p>\n","protected":false},"author":4185,"featured_media":0,"parent":88226,"menu_order":0,"comment_status":"open","ping_status":"open","template":"","meta":{"_acf_changed":false,"footnotes":""},"categories":[],"tags":[],"class_list":["post-88812","page","type-page","status-publish","hentry"],"acf":[],"_links":{"self":[{"href":"https:\/\/univet.hu\/en\/wp-json\/wp\/v2\/pages\/88812","targetHints":{"allow":["GET"]}}],"collection":[{"href":"https:\/\/univet.hu\/en\/wp-json\/wp\/v2\/pages"}],"about":[{"href":"https:\/\/univet.hu\/en\/wp-json\/wp\/v2\/types\/page"}],"author":[{"embeddable":true,"href":"https:\/\/univet.hu\/en\/wp-json\/wp\/v2\/users\/4185"}],"replies":[{"embeddable":true,"href":"https:\/\/univet.hu\/en\/wp-json\/wp\/v2\/comments?post=88812"}],"version-history":[{"count":0,"href":"https:\/\/univet.hu\/en\/wp-json\/wp\/v2\/pages\/88812\/revisions"}],"up":[{"embeddable":true,"href":"https:\/\/univet.hu\/en\/wp-json\/wp\/v2\/pages\/88226"}],"wp:attachment":[{"href":"https:\/\/univet.hu\/en\/wp-json\/wp\/v2\/media?parent=88812"}],"wp:term":[{"taxonomy":"category","embeddable":true,"href":"https:\/\/univet.hu\/en\/wp-json\/wp\/v2\/categories?post=88812"},{"taxonomy":"post_tag","embeddable":true,"href":"https:\/\/univet.hu\/en\/wp-json\/wp\/v2\/tags?post=88812"}],"curies":[{"name":"wp","href":"https:\/\/api.w.org\/{rel}","templated":true}]}}