{"id":89030,"date":"2023-07-24T15:17:11","date_gmt":"2023-07-24T13:17:11","guid":{"rendered":"https:\/\/univet.hu\/?page_id=89030"},"modified":"2026-02-10T04:27:38","modified_gmt":"2026-02-10T03:27:38","slug":"vass-bognar-barbara","status":"publish","type":"page","link":"https:\/\/univet.hu\/en\/about\/staff\/vass-bognar-barbara\/","title":{"rendered":"Vass-Bogn\u00e1r Barbara"},"content":{"rendered":"<p style=\"text-align: center;\"><strong><span style=\"font-size: 18.6667px;\">Introduction<\/span><\/strong><\/p> <p>Dr. Barbara Vass-Bogn\u00e1r was born in Kecskem\u00e9t and spent her high school years at the Mih\u00e1ly T\u00e1ncsics High School in Dabas. In 2016, he graduated from the Faculty of Veterinary Medicine of Szent Istv\u00e1n University with summa cum laude. After graduation, he spent half a year in Poland at the ruminant clinic of the University of Veterinary Medicine in Wroc\u0142aw as part of the Erasmus + program, and after returning home he worked for a year on a large-scale dairy cattle farm, in addition to practicing in a mixed practice. In parallel with the start of his PhD, he worked as a consulting veterinarian in a private animal health laboratory, then, in addition to his mixed practice, he joined the Department of Animal Hygiene, Animal Health and Mobile Clinic in 2019, where he has since been actively involved in teaching, leading practices and conducting research in the Department. In 2021, he obtained a diploma in ruminant health at the University of Veterinary Medicine. Since 2023, after the birth of her child, she has been working part-time at the Department.<\/p> <p>Reception hours: at a time agreed in advance by email<\/p> <p>&nbsp;<\/p> <p><strong>Main research areas:<\/strong><\/p> <ul> <li>herd health aspects of paratuberculosis infection in cattle<\/li> <li>calf health<\/li> <\/ul> <p><b>Advancements<\/b><\/p> <p>2017- PHD student<\/p> <p>2019- department veterinarian<\/p> <p>Number of thesis\/TDK students to date: 2<\/p> <p>Publication list (Top10)<\/p> <p>MTMT:<\/p> <p>https:\/\/m2.mtmt.hu\/api\/publication?format=html&#038;labelLang=hun&#038;sort=publishedYear,desc&#038;cond=authors;eq;10067873<\/p> <ol> <li>Vass-Bogn\u00e1r, Barbara ; Bakony, Mikolt ; Baumgartner, Walter ; Khol, Johannes Lorenz ; Jurkovich, Viktor &#x2709; Association between calf rearing technology and farm-level paratuberculosis infection in Hungarian dairy farms PREVENTIVE VETERINARY MEDICINE 207 Paper: 105719 (2022)<\/li> <li>Hejel, P\u00e9ter &#x2709; ; Jurkovich, Viktor ; Bogn\u00e1r, Barbara ; Kov\u00e1cs, P\u00e9ter ; Brydl, Endre ; K\u00f6nyves, L\u00e1szl\u00f3 Monitoring the redox status in dairy cows by using plasma dROMs, PAT, and OSI biomarkers ACTA VETERINARIA BRNO 90 : 2 pp. 125-134. , 10 p. (2021)<\/li> <\/ol> <ol start=\"3\"> <li>B., Vass-Bogn\u00e1r &#x2709; ; Sz., J\u00e1nosi ; W., Baumgartner ; J. L., Khol ; V., Jurkovich A paratuberculosis diagnosztiz\u00e1l\u00e1s\u00e1nak lehet\u0151s\u00e9gei szarvasmarh\u00e1ban MAGYAR \u00c1LLATORVOSOK LAPJA 142 : 10 pp. 579-592. , 14 p. (2020)<\/li> <\/ol> <ol start=\"4\"> <li>Bogn\u00e1r, Barbara &#x2709; ; Farkas, Klaudia ; Fornyos, Kinga ; Zrufk\u00f3, R\u00e9ka ; Walter, Baumgartner ; Johannes, Lorenz Khol ; Jurkovich, Viktor A szarvasmarh\u00e1k paratuberculosisa \u00e9s az ember Crohn-betegs\u00e9ge k\u00f6z\u00f6tti lehets\u00e9ges kapcsolat MAGYAR \u00c1LLATORVOSOK LAPJA 141 : 11 pp. 659-675. , 17 p. (2019)<\/li> <li>Jurkovich, Viktor ; Bogn\u00e1r, Barbara ; Balogh, Kriszti\u00e1n ; Kov\u00e1cs-Weber, M\u00e1ria ; Fornyos, Kinga ; Szab\u00f3, Rubina T\u00fcnde ; Kov\u00e1cs, P\u00e9ter ; K\u00f6nyves, L\u00e1szl\u00f3 ; M\u00e9zes, Mikl\u00f3s Effects of subclinical Mycobacterium avium ssp. paratuberculosis infection on some physiological parameters, health status and production in dairy cows ACTA VETERINARIA HUNGARICA 64 : 3 pp. 301-312. , 12 p. (2016)<\/li> <\/ol> <p>&nbsp;<\/p>","protected":false},"excerpt":{"rendered":"<p>Introduction Dr. Barbara Vass-Bogn\u00e1r was born in Kecskem\u00e9t and spent her high school years at the Mih\u00e1ly T\u00e1ncsics High School in Dabas. In 2016, he graduated from the Faculty of Veterinary Medicine of Szent Istv\u00e1n University with summa cum laude. After graduation, he spent half a year in Poland at the ruminant clinic of the<\/p>\n","protected":false},"author":5824,"featured_media":0,"parent":857,"menu_order":0,"comment_status":"closed","ping_status":"closed","template":"","meta":{"_acf_changed":false,"footnotes":""},"categories":[],"tags":[],"class_list":["post-89030","page","type-page","status-publish","hentry"],"acf":[],"_links":{"self":[{"href":"https:\/\/univet.hu\/en\/wp-json\/wp\/v2\/pages\/89030","targetHints":{"allow":["GET"]}}],"collection":[{"href":"https:\/\/univet.hu\/en\/wp-json\/wp\/v2\/pages"}],"about":[{"href":"https:\/\/univet.hu\/en\/wp-json\/wp\/v2\/types\/page"}],"author":[{"embeddable":true,"href":"https:\/\/univet.hu\/en\/wp-json\/wp\/v2\/users\/5824"}],"replies":[{"embeddable":true,"href":"https:\/\/univet.hu\/en\/wp-json\/wp\/v2\/comments?post=89030"}],"version-history":[{"count":1,"href":"https:\/\/univet.hu\/en\/wp-json\/wp\/v2\/pages\/89030\/revisions"}],"predecessor-version":[{"id":199875,"href":"https:\/\/univet.hu\/en\/wp-json\/wp\/v2\/pages\/89030\/revisions\/199875"}],"up":[{"embeddable":true,"href":"https:\/\/univet.hu\/en\/wp-json\/wp\/v2\/pages\/857"}],"wp:attachment":[{"href":"https:\/\/univet.hu\/en\/wp-json\/wp\/v2\/media?parent=89030"}],"wp:term":[{"taxonomy":"category","embeddable":true,"href":"https:\/\/univet.hu\/en\/wp-json\/wp\/v2\/categories?post=89030"},{"taxonomy":"post_tag","embeddable":true,"href":"https:\/\/univet.hu\/en\/wp-json\/wp\/v2\/tags?post=89030"}],"curies":[{"name":"wp","href":"https:\/\/api.w.org\/{rel}","templated":true}]}}