{"id":89043,"date":"2023-07-24T15:41:25","date_gmt":"2023-07-24T13:41:25","guid":{"rendered":"https:\/\/univet.hu\/?page_id=89043"},"modified":"2026-02-10T04:26:45","modified_gmt":"2026-02-10T03:26:45","slug":"sipos-roland","status":"publish","type":"page","link":"https:\/\/univet.hu\/en\/about\/staff\/sipos-roland\/","title":{"rendered":"Sipos Roland"},"content":{"rendered":"<p style=\"text-align: center;\"><span style=\"font-size: 18.6667px;\"><b>Introduction<\/b><\/span><\/p> <p>Dr. Roland Sipos was born in 1995 in Si\u00f3fok. After graduating from the Albert High School in Veszpr\u00e9m, he was admitted to the University of Veterinary Medicine in the fall of 2015. During the university, he joined an internship program at MSD under the supervision of Dr. L\u00e1szl\u00f3 B\u00faza. Later, he also joined the so-called &#8220;Sert\u00e9s Professional College&#8221; of the MSD, which was also led by Dr. L\u00e1szl\u00f3 B\u00faza. In the fall of 2018, the work of the TDK entitled &#8220;Comparative investigation of the technological level, herd health status and drug use of large-population pig farms&#8221; was completed, with which he later participated in the OTDK. He obtained his degree in February 2021 at the University of Veterinary Medicine in Budapest.<\/p> <p>After graduation, he worked as an attending veterinarian on large pig farms. Since February 2022, he has been participating in everyday life as a departmental veterinarian at the &#8220;Animal Hygiene, Animal Health and Mobile Clinic&#8221; department at the University of Veterinary Medicine.<\/p> <p><strong>Main research areas:<\/strong><\/p> <p>Mainly pig health related research &#8211; no specific project yet<\/p>","protected":false},"excerpt":{"rendered":"<p>Introduction Dr. Roland Sipos was born in 1995 in Si\u00f3fok. After graduating from the Albert High School in Veszpr\u00e9m, he was admitted to the University of Veterinary Medicine in the fall of 2015. During the university, he joined an internship program at MSD under the supervision of Dr. L\u00e1szl\u00f3 B\u00faza. Later, he also joined the<\/p>\n","protected":false},"author":5824,"featured_media":0,"parent":857,"menu_order":0,"comment_status":"closed","ping_status":"closed","template":"","meta":{"_acf_changed":false,"footnotes":""},"categories":[],"tags":[],"class_list":["post-89043","page","type-page","status-publish","hentry"],"acf":[],"_links":{"self":[{"href":"https:\/\/univet.hu\/en\/wp-json\/wp\/v2\/pages\/89043","targetHints":{"allow":["GET"]}}],"collection":[{"href":"https:\/\/univet.hu\/en\/wp-json\/wp\/v2\/pages"}],"about":[{"href":"https:\/\/univet.hu\/en\/wp-json\/wp\/v2\/types\/page"}],"author":[{"embeddable":true,"href":"https:\/\/univet.hu\/en\/wp-json\/wp\/v2\/users\/5824"}],"replies":[{"embeddable":true,"href":"https:\/\/univet.hu\/en\/wp-json\/wp\/v2\/comments?post=89043"}],"version-history":[{"count":1,"href":"https:\/\/univet.hu\/en\/wp-json\/wp\/v2\/pages\/89043\/revisions"}],"predecessor-version":[{"id":199846,"href":"https:\/\/univet.hu\/en\/wp-json\/wp\/v2\/pages\/89043\/revisions\/199846"}],"up":[{"embeddable":true,"href":"https:\/\/univet.hu\/en\/wp-json\/wp\/v2\/pages\/857"}],"wp:attachment":[{"href":"https:\/\/univet.hu\/en\/wp-json\/wp\/v2\/media?parent=89043"}],"wp:term":[{"taxonomy":"category","embeddable":true,"href":"https:\/\/univet.hu\/en\/wp-json\/wp\/v2\/categories?post=89043"},{"taxonomy":"post_tag","embeddable":true,"href":"https:\/\/univet.hu\/en\/wp-json\/wp\/v2\/tags?post=89043"}],"curies":[{"name":"wp","href":"https:\/\/api.w.org\/{rel}","templated":true}]}}